{"id":138,"date":"2025-08-30T13:55:09","date_gmt":"2025-08-30T13:55:09","guid":{"rendered":"https:\/\/mpenergy.vn\/?page_id=138"},"modified":"2026-01-28T09:21:42","modified_gmt":"2026-01-28T02:21:42","slug":"ho-tro","status":"publish","type":"page","link":"https:\/\/mpenergy.vn\/en\/ho-tro\/","title":{"rendered":"H\u1ed7 tr\u1ee3"},"content":{"rendered":"\n\t<section class=\"section\" id=\"section_1064218224\">\n\t\t<div class=\"section-bg fill\" >\n\t\t\t\t\t\t\t\t\t\n\t\t\t\n\n\t\t<\/div>\n\n\t\t\n\n\t\t<div class=\"section-content relative\">\n\t\t\t\n\n<div class=\"row\"  id=\"row-1429134268\">\n\n\n\t<div id=\"col-265297031\" class=\"col pb-0 small-12 large-12\"  data-animate=\"fadeInUp\">\n\t\t\t\t<div class=\"col-inner\"  >\n\t\t\t\n\t\t\t\n\n    <div id=\"fcw-heading-4809\" class=\"fcw-heading text-center accent-style-trapezoid\">\n        <div class=\"fcw-heading-inner\">\n                            <h1 class=\"fcw-main-heading\">\n                    \u0110\u1ea7u t\u01b0 n\u0103ng l\u01b0\u1ee3ng m\u1eb7t tr\u1eddi l\u00e0 xu h\u01b0\u1edbng m\u1edbi,<br> l\u00e0 c\u01a1 h\u1ed9i kinh doanh h\u1ea5p d\u1eabn                <\/h1>\n                                <\/div>\n    <\/div>\n    <style>#fcw-heading-4809 { --fcw-accent-color: #4CAF50 }#fcw-heading-4809 .fcw-main-heading { font-weight: 600 }#fcw-heading-4809 .fcw-main-heading { font-size: 52px; }<\/style>\n\n\n\t\t<\/div>\n\t\t\t\t\t<\/div>\n\n\t\n\n<\/div>\n\n\t\t<\/div>\n\n\t\t\n<style>\n#section_1064218224 {\n  padding-top: 60px;\n  padding-bottom: 60px;\n}\n<\/style>\n\t<\/section>\n\t\n\n\t<section class=\"section\" id=\"section_72736259\">\n\t\t<div class=\"section-bg fill\" >\n\t\t\t\t\t\t\t\t\t\n\t\t\t\n\n\t\t<\/div>\n\n\t\t\n\n\t\t<div class=\"section-content relative\">\n\t\t\t\n\n<div class=\"row row-collapse row-full-width align-middle align-center\"  id=\"row-1422847948\">\n\n\n\t<div id=\"col-501173323\" class=\"col pb-0 medium-6 small-12 large-6\"  data-animate=\"fadeInUp\">\n\t\t\t\t<div class=\"col-inner\"  >\n\t\t\t\n\t\t\t\n\n\t<div id=\"text-2048868847\" class=\"text\">\n\t\t\n\n<p class=\"mb-0\"><strong>Li\u00ean h\u1ec7 v\u1edbi MP Solar<\/strong><\/p>\n\t\t\n<style>\n#text-2048868847 {\n  color: rgb(112, 112, 112);\n}\n#text-2048868847 > * {\n  color: rgb(112, 112, 112);\n}\n<\/style>\n\t<\/div>\n\t\n\t<div id=\"text-1272516456\" class=\"text\">\n\t\t\n\n<h2>\u0110\u0103ng k\u00ed \u0111\u1ea1i l\u00ed<\/h2>\n\t\t\n<style>\n#text-1272516456 {\n  font-size: 1.3rem;\n}\n<\/style>\n\t<\/div>\n\t\n<p>\u0110\u00f3n \u0111\u1ea7u c\u01a1 h\u1ed9i \u0111\u1ea7u t\u01b0 kinh doanh ng\u00e0nh \u0110i\u1ec7n n\u0103ng l\u01b0\u1ee3ng m\u1eaft tr\u1eddi ngay h\u00f4m nay.<br \/> Qu\u00fd kh\u00e1ch \u0111\u1ec3 l\u1ea1i th\u00f4ng tin theo form m\u1eabu ho\u1eb7c li\u00ean h\u1ec7 hotline 24\/7: 035 442 8998.<\/p>\n\n\n\n<div class='fluentform ff-default fluentform_wrapper_1 ffs_custom_wrap'><form data-form_id=\"1\" id=\"fluentform_1\" class=\"frm-fluent-form fluent_form_1 ff-el-form-top ff_form_instance_1_1 ff-form-loading ffs_custom\" data-form_instance=\"ff_form_instance_1_1\" method=\"POST\" ><fieldset  style=\"border: none!important;margin: 0!important;padding: 0!important;background-color: transparent!important;box-shadow: none!important;outline: none!important; min-inline-size: 100%;\">\n                    <legend class=\"ff_screen_reader_title\" style=\"display: block; margin: 0!important;padding: 0!important;height: 0!important;text-indent: -999999px;width: 0!important;overflow:hidden;\">\u0110\u0103ng k\u00fd \u0111\u1ea1i l\u00fd<\/legend><p style=\"display: none !important;\" class=\"akismet-fields-container\" data-prefix=\"ak_\"><label>&#916;<textarea name=\"ak_hp_textarea\" cols=\"45\" rows=\"8\" maxlength=\"100\"><\/textarea><\/label><input type=\"hidden\" id=\"ak_js_1\" name=\"ak_js\" value=\"33\"\/><script>document.getElementById( \"ak_js_1\" ).setAttribute( \"value\", ( new Date() ).getTime() );<\/script><\/p><input type='hidden' name='__fluent_form_embded_post_id' value='138' \/><input type=\"hidden\" id=\"_fluentform_1_fluentformnonce\" name=\"_fluentform_1_fluentformnonce\" value=\"c16a7b5450\" \/><input type=\"hidden\" name=\"_wp_http_referer\" value=\"\/en\/wp-json\/wp\/v2\/pages\/138\" \/><div data-name=\"ff_cn_id_1\"  class='ff-t-container ff-column-container ff_columns_total_2 '><div class='ff-t-cell ff-t-column-1' style='flex-basis: 50%;'><div data-type=\"name-element\" data-name=\"names\" class=\" ff-field_container ff-name-field-wrapper\" ><div class='ff-t-container'><div class='ff-t-cell '><div class='ff-el-group'><div class=\"ff-el-input--label ff-el-is-required asterisk-right\"><label for='ff_1_names_first_name_' id='label_ff_1_names_first_name_' >H\u1ecd v\u00e0 t\u00ean<\/label><\/div><div class='ff-el-input--content'><input type=\"text\" name=\"names[first_name]\" id=\"ff_1_names_first_name_\" class=\"ff-el-form-control\" placeholder=\"H\u1ecd v\u00e0 t\u00ean\" aria-invalid=\"false\" aria-required=true><\/div><\/div><\/div><\/div><\/div><div class='ff-el-group'><div class=\"ff-el-input--label ff-el-is-required asterisk-right\"><label for='ff_1_phone' id='label_ff_1_phone' aria-label=\"S\u1ed1 \u0111i\u1ec7n tho\u1ea1i\">S\u1ed1 \u0111i\u1ec7n tho\u1ea1i<\/label><\/div><div class='ff-el-input--content'><input name=\"phone\" class=\"ff-el-form-control ff-el-phone ff_el_with_extended_validation\" type=\"tel\" placeholder=\"S\u1ed1 \u0111i\u1ec7n tho\u1ea1i\" data-name=\"phone\" id=\"ff_1_phone\" inputmode=\"tel\"  aria-invalid='false' aria-required=true><\/div><\/div><\/div><div class='ff-t-cell ff-t-column-2' style='flex-basis: 50%;'><div class='ff-el-group'><div class=\"ff-el-input--label ff-el-is-required asterisk-right\"><label for='ff_1_email' id='label_ff_1_email' aria-label=\"Email\">Email<\/label><\/div><div class='ff-el-input--content'><input type=\"email\" name=\"email\" id=\"ff_1_email\" class=\"ff-el-form-control\" placeholder=\"Email Address\" data-name=\"email\"  aria-invalid=\"false\" aria-required=true><\/div><\/div><div class='ff-el-group'><div class=\"ff-el-input--label asterisk-right\"><label for='ff_1_dropdown' id='label_ff_1_dropdown' aria-label=\"T\u1ec9nh \/ Th\u00e0nh ph\u1ed1\">T\u1ec9nh \/ Th\u00e0nh ph\u1ed1<\/label><\/div><div class='ff-el-input--content'><select name=\"dropdown\" id=\"ff_1_dropdown\" class=\"ff-el-form-control  ff_has_multi_select\" data-name=\"dropdown\" data-calc_value=\"0\"  aria-invalid=\"false\" aria-required=\"false\" aria-labelledby=\"label_ff_1_dropdown\"><option value=\"\">- \u0110\u1ecba \u0111i\u1ec3m \u0111\u0103ng k\u00fd -<\/option><option value=\"Th\u00e0nh ph\u1ed1 H\u00e0 N\u1ed9i\"  >Th\u00e0nh ph\u1ed1 H\u00e0 N\u1ed9i<\/option><option value=\"T\u1ec9nh Cao B\u1eb1ng\"  >T\u1ec9nh Cao B\u1eb1ng<\/option><option value=\"T\u1ec9nh Tuy\u00ean Quang\"  >T\u1ec9nh Tuy\u00ean Quang<\/option><option value=\"T\u1ec9nh \u0110i\u1ec7n Bi\u00ean\"  >T\u1ec9nh \u0110i\u1ec7n Bi\u00ean<\/option><option value=\"T\u1ec9nh Lai Ch\u00e2u\"  >T\u1ec9nh Lai Ch\u00e2u<\/option><option value=\"T\u1ec9nh S\u01a1n La\"  >T\u1ec9nh S\u01a1n La<\/option><option value=\"T\u1ec9nh L\u00e0o Cai\"  >T\u1ec9nh L\u00e0o Cai<\/option><option value=\"T\u1ec9nh Th\u00e1i Nguy\u00ean\"  >T\u1ec9nh Th\u00e1i Nguy\u00ean<\/option><option value=\"T\u1ec9nh L\u1ea1ng S\u01a1n\"  >T\u1ec9nh L\u1ea1ng S\u01a1n<\/option><option value=\"T\u1ec9nh Qu\u1ea3ng Ninh\"  >T\u1ec9nh Qu\u1ea3ng Ninh<\/option><option value=\"T\u1ec9nh B\u1eafc Ninh\"  >T\u1ec9nh B\u1eafc Ninh<\/option><option value=\"T\u1ec9nh Ph\u00fa Th\u1ecd\"  >T\u1ec9nh Ph\u00fa Th\u1ecd<\/option><option value=\"Th\u00e0nh ph\u1ed1 H\u1ea3i Ph\u00f2ng\"  >Th\u00e0nh ph\u1ed1 H\u1ea3i Ph\u00f2ng<\/option><option value=\"T\u1ec9nh H\u01b0ng Y\u00ean\"  >T\u1ec9nh H\u01b0ng Y\u00ean<\/option><option value=\"T\u1ec9nh Ninh B\u00ecnh\"  >T\u1ec9nh Ninh B\u00ecnh<\/option><option value=\"T\u1ec9nh Thanh H\u00f3a\"  >T\u1ec9nh Thanh H\u00f3a<\/option><option value=\"T\u1ec9nh Ngh\u1ec7 An\"  >T\u1ec9nh Ngh\u1ec7 An<\/option><option value=\"T\u1ec9nh H\u00e0 T\u0129nh\"  >T\u1ec9nh H\u00e0 T\u0129nh<\/option><option value=\"T\u1ec9nh Qu\u1ea3ng Tr\u1ecb\"  >T\u1ec9nh Qu\u1ea3ng Tr\u1ecb<\/option><option value=\"Th\u00e0nh ph\u1ed1 Hu\u1ebf\"  >Th\u00e0nh ph\u1ed1 Hu\u1ebf<\/option><option value=\"Th\u00e0nh ph\u1ed1 \u0110\u00e0 N\u1eb5ng\"  >Th\u00e0nh ph\u1ed1 \u0110\u00e0 N\u1eb5ng<\/option><option value=\"T\u1ec9nh Qu\u1ea3ng Ng\u00e3i\"  >T\u1ec9nh Qu\u1ea3ng Ng\u00e3i<\/option><option value=\"T\u1ec9nh Gia Lai\"  >T\u1ec9nh Gia Lai<\/option><option value=\"T\u1ec9nh Kh\u00e1nh H\u00f2a\"  >T\u1ec9nh Kh\u00e1nh H\u00f2a<\/option><option value=\"T\u1ec9nh \u0110\u1eafk L\u1eafk\"  >T\u1ec9nh \u0110\u1eafk L\u1eafk<\/option><option value=\"T\u1ec9nh L\u00e2m \u0110\u1ed3ng\"  >T\u1ec9nh L\u00e2m \u0110\u1ed3ng<\/option><option value=\"T\u1ec9nh \u0110\u1ed3ng Nai\"  >T\u1ec9nh \u0110\u1ed3ng Nai<\/option><option value=\"Th\u00e0nh ph\u1ed1 H\u1ed3 Ch\u00ed Minh\"  >Th\u00e0nh ph\u1ed1 H\u1ed3 Ch\u00ed Minh<\/option><option value=\"T\u1ec9nh T\u00e2y Ninh\"  >T\u1ec9nh T\u00e2y Ninh<\/option><option value=\"T\u1ec9nh \u0110\u1ed3ng Th\u00e1p\"  >T\u1ec9nh \u0110\u1ed3ng Th\u00e1p<\/option><option value=\"T\u1ec9nh V\u0129nh Long\"  >T\u1ec9nh V\u0129nh Long<\/option><option value=\"T\u1ec9nh An Giang\"  >T\u1ec9nh An Giang<\/option><option value=\"Th\u00e0nh ph\u1ed1 C\u1ea7n Th\u01a1\"  >Th\u00e0nh ph\u1ed1 C\u1ea7n Th\u01a1<\/option><option value=\"T\u1ec9nh C\u00e0 Mau\"  >T\u1ec9nh C\u00e0 Mau<\/option><\/select><\/div><\/div><\/div><\/div><div class='ff-el-group'><div class=\"ff-el-input--label asterisk-right\"><label for='ff_1_input_text_1' id='label_ff_1_input_text_1' aria-label=\"T\u00ean doanh nghi\u1ec7p \/ C\u1eeda h\u00e0ng\">T\u00ean doanh nghi\u1ec7p \/ C\u1eeda h\u00e0ng<\/label><\/div><div class='ff-el-input--content'><input type=\"text\" name=\"input_text_1\" class=\"ff-el-form-control\" data-name=\"input_text_1\" id=\"ff_1_input_text_1\"  aria-invalid=\"false\" aria-required=false><\/div><\/div><div class='ff-el-group ff-text-center ff_submit_btn_wrapper'><button type=\"submit\" class=\"ff-btn ff-btn-submit ff-btn-md ff_btn_style wpf_has_custom_css\"  aria-label=\"Li\u00ean h\u1ec7\">Li\u00ean h\u1ec7<\/button><\/div><\/fieldset><\/form><div id='fluentform_1_errors' class='ff-errors-in-stack ff_form_instance_1_1 ff-form-loading_errors ff_form_instance_1_1_errors'><\/div><\/div>            <script type=\"text\/javascript\">\n                window.fluent_form_ff_form_instance_1_1 = {\"id\":\"1\",\"ajaxUrl\":\"https:\\\/\\\/mpenergy.vn\\\/wp-admin\\\/admin-ajax.php\",\"settings\":{\"layout\":{\"labelPlacement\":\"top\",\"helpMessagePlacement\":\"with_label\",\"errorMessagePlacement\":\"inline\",\"cssClassName\":\"\",\"asteriskPlacement\":\"asterisk-right\"},\"restrictions\":{\"denyEmptySubmission\":{\"enabled\":false}}},\"form_instance\":\"ff_form_instance_1_1\",\"form_id_selector\":\"fluentform_1\",\"rules\":{\"names[first_name]\":{\"required\":{\"value\":true,\"message\":\"This field is required\",\"global\":false,\"global_message\":\"This field is required\"}},\"names[middle_name]\":{\"required\":{\"value\":false,\"message\":\"This field is required\",\"global\":false,\"global_message\":\"This field is required\"}},\"names[last_name]\":{\"required\":{\"value\":false,\"message\":\"This field is required\",\"global\":false,\"global_message\":\"This field is required\"}},\"phone\":{\"required\":{\"value\":true,\"global\":true,\"message\":\"Tr\\u01b0\\u1eddng n\\u00e0y l\\u00e0 b\\u1eaft bu\\u1ed9c\",\"global_message\":\"This field is required\"},\"valid_phone_number\":{\"value\":true,\"global\":true,\"message\":\"S\\u1ed1 \\u0111i\\u1ec7n tho\\u1ea1i kh\\u00f4ng h\\u1ee3p l\\u1ec7\",\"global_message\":\"Phone number is not valid\"}},\"email\":{\"required\":{\"value\":true,\"message\":\"This field is required\",\"global\":false,\"global_message\":\"This field is required\"},\"email\":{\"value\":true,\"message\":\"This field must contain a valid email\",\"global\":false,\"global_message\":\"This field must contain a valid email\"}},\"dropdown\":{\"required\":{\"value\":false,\"message\":\"Tr\\u01b0\\u1eddng n\\u00e0y l\\u00e0 b\\u1eaft bu\\u1ed9c\",\"global_message\":\"This field is required\",\"global\":true}},\"input_text_1\":{\"required\":{\"value\":false,\"message\":\"Tr\\u01b0\\u1eddng n\\u00e0y l\\u00e0 b\\u1eaft bu\\u1ed9c\",\"global_message\":\"This field is required\",\"global\":true}}},\"debounce_time\":300};\n                            <\/script>\n            \n\n\n\t\t<\/div>\n\t\t\t\t\n<style>\n#col-501173323 > .col-inner {\n  padding: 10% 10% 10% 10%;\n}\n@media (min-width:550px) {\n  #col-501173323 > .col-inner {\n    padding: 10% 10% 10% 15%;\n  }\n}\n@media (min-width:850px) {\n  #col-501173323 > .col-inner {\n    padding: 0px 10% 0px 30%;\n  }\n}\n<\/style>\n\t<\/div>\n\n\t\n\n\t<div id=\"col-417570723\" class=\"col pb-0 medium-6 small-12 large-6\"  >\n\t\t\t\t<div class=\"col-inner\"  >\n\t\t\t\n\t\t\t\n\n\n  <div class=\"banner has-hover\" id=\"banner-512956375\">\n          <div class=\"banner-inner fill\">\n        <div class=\"banner-bg fill\" >\n            <img loading=\"lazy\" decoding=\"async\" width=\"717\" height=\"638\" src=\"https:\/\/mpenergy.vn\/wp-content\/uploads\/2025\/09\/Frame-1000005199.png\" class=\"bg attachment-original size-original\" alt=\"\" \/>                                    \n                    <\/div>\n\t\t\n        <div class=\"banner-layers container\">\n            <div class=\"fill banner-link\"><\/div>            \n\n   <div id=\"text-box-846350754\" class=\"text-box banner-layer x50 md-x50 lg-x50 y50 md-y50 lg-y50 res-text\">\n                                <div class=\"text-box-content text dark\">\n              \n              <div class=\"text-inner text-center\">\n                  \n\n\n              <\/div>\n           <\/div>\n                            \n<style>\n#text-box-846350754 {\n  width: 60%;\n}\n#text-box-846350754 .text-box-content {\n  font-size: 100%;\n}\n@media (min-width:550px) {\n  #text-box-846350754 {\n    width: 60%;\n  }\n}\n<\/style>\n    <\/div>\n \n\n        <\/div>\n      <\/div>\n\n              <div class=\"height-fix is-invisible\"><img loading=\"lazy\" decoding=\"async\" width=\"717\" height=\"638\" src=\"https:\/\/mpenergy.vn\/wp-content\/uploads\/2025\/09\/Frame-1000005199.png\" class=\"attachment-original size-original\" alt=\"\" srcset=\"https:\/\/mpenergy.vn\/wp-content\/uploads\/2025\/09\/Frame-1000005199.png 717w, https:\/\/mpenergy.vn\/wp-content\/uploads\/2025\/09\/Frame-1000005199-300x267.png 300w, https:\/\/mpenergy.vn\/wp-content\/uploads\/2025\/09\/Frame-1000005199-13x12.png 13w, https:\/\/mpenergy.vn\/wp-content\/uploads\/2025\/09\/Frame-1000005199-510x454.png 510w\" sizes=\"auto, (max-width: 717px) 100vw, 717px\" \/><\/div>\n              <\/div>\n\n\n\n\t\t<\/div>\n\t\t\t\t\t<\/div>\n\n\t\n\n<\/div>\n\n\t\t<\/div>\n\n\t\t\n<style>\n#section_72736259 {\n  padding-top: 0px;\n  padding-bottom: 0px;\n  background-color: rgb(248, 249, 250);\n}\n<\/style>\n\t<\/section>\n\t\n\n\t<section class=\"section\" id=\"section_1706324978\">\n\t\t<div class=\"section-bg fill\" >\n\t\t\t\t\t\t\t\t\t\n\t\t\t\n\n\t\t<\/div>\n\n\t\t\n\n\t\t<div class=\"section-content relative\">\n\t\t\t\n\n<div class=\"row\"  id=\"row-1009308396\">\n\n\n\t<div id=\"col-1300062234\" class=\"col small-12 large-12\"  data-animate=\"fadeInUp\">\n\t\t\t\t<div class=\"col-inner\"  >\n\t\t\t\n\t\t\t\n\n\n\n<!-- B\u1ecdc to\u00e0n b\u1ed9 c\u00e1c c\u1eb7p c\u1ee7a b\u1ea1n trong container n\u00e0y -->\n<div class=\"fls-container\">\n\n    <!-- C\u1eb6P 1 -->\n    <div class=\"fls-pair pair-1\">\n        <!-- SVG Canvas ri\u00eang cho c\u1eb7p n\u00e0y -->\n        <svg class=\"fls-canvas\"><\/svg>\n\n        <div class=\"fls-title\">\n            <h2>An t\u00e2m v\u1ec1 ch\u1ea5t l\u01b0\u1ee3ng<\/h2>\n        <\/div>\n        <div class=\"fls-body\">\n            <p>M\u1ed7i h\u1ec7 th\u1ed1ng \u0111i\u1ec7n m\u1eb7t tr\u1eddi \u0111\u01b0\u1ee3c tri\u1ec3n khai \u0111\u1ec1u s\u1eed d\u1ee5ng thi\u1ebft b\u1ecb ch\u00ednh h\u00e3ng, \u0111\u1ea1t ti\u00eau chu\u1ea9n qu\u1ed1c t\u1ebf v\u1ec1 \u0111\u1ed9\n                b\u1ec1n v\u00e0 hi\u1ec7u su\u1ea5t. T\u1eeb t\u1ea5m pin, inverter \u0111\u1ebfn khung gi\u00e0n v\u00e0 d\u00e2y d\u1eabn, t\u1ea5t c\u1ea3 \u0111\u1ec1u \u0111\u01b0\u1ee3c ki\u1ec3m \u0111\u1ecbnh nghi\u00eam ng\u1eb7t\n                nh\u1eb1m \u0111\u1ea3m b\u1ea3o ho\u1ea1t \u0111\u1ed9ng \u1ed5n \u0111\u1ecbnh su\u1ed1t 25\u201330 n\u0103m. \u0110\u1ed9i ng\u0169 k\u1ef9 thu\u1eadt d\u00e0y d\u1ea1n kinh nghi\u1ec7m c\u1ee7a ch\u00fang t\u00f4i tr\u1ef1c\n                ti\u1ebfp gi\u00e1m s\u00e1t qu\u00e1 tr\u00ecnh l\u1eafp \u0111\u1eb7t, mang \u0111\u1ebfn s\u1ef1 an t\u00e2m tuy\u1ec7t \u0111\u1ed1i v\u1ec1 ch\u1ea5t l\u01b0\u1ee3ng v\u00e0 \u0111\u1ed9 an to\u00e0n trong t\u1eebng\n                c\u00f4ng tr\u00ecnh.<\/p>\n            <svg class=\"fls-icon\" viewBox=\"0 0 100 100\">\n                <circle class=\"fls-icon-shape\" cx=\"50\" cy=\"50\" r=\"50\"><\/circle>\n            <\/svg>\n        <\/div>\n    <\/div>\n\n    <!-- C\u1eb6P 2 -->\n    <div class=\"fls-pair pair-2\">\n        <!-- SVG Canvas ri\u00eang cho c\u1eb7p n\u00e0y -->\n        <svg class=\"fls-canvas\"><\/svg>\n\n        <div class=\"fls-title\">\n            <h2>H\u00e0i l\u00f2ng v\u1ec1 hi\u1ec7u qu\u1ea3<\/h2>\n        <\/div>\n        <div class=\"accent-icon\" style=\"margin-top: 30px\">\n            <svg xmlns=\"http:\/\/www.w3.org\/2000\/svg\" width=\"88\" height=\"13\" viewBox=\"0 0 88 13\" fill=\"none\">\n                <path d=\"M0 0H88L75 13H0V0Z\" fill=\"#4CAF50\" \/>\n            <\/svg>\n        <\/div>\n        <div class=\"fls-body\">\n            <p>Ch\u00fang t\u00f4i cam k\u1ebft thi\u1ebft k\u1ebf h\u1ec7 th\u1ed1ng t\u1ed1i \u01b0u cho t\u1eebng m\u00e1i nh\u00e0 \u2013 t\u1eeb g\u00f3c nghi\u00eang, h\u01b0\u1edbng n\u1eafng \u0111\u1ebfn nhu c\u1ea7u ti\u00eau\n                th\u1ee5 \u0111i\u1ec7n c\u1ee5 th\u1ec3 \u2013 \u0111\u1ec3 \u0111\u1ea3m b\u1ea3o kh\u00e1ch h\u00e0ng \u0111\u1ea1t \u0111\u01b0\u1ee3c s\u1ea3n l\u01b0\u1ee3ng \u0111i\u1ec7n cao nh\u1ea5t c\u00f3 th\u1ec3. Nh\u1edd \u0111\u00f3, b\u1ea1n kh\u00f4ng ch\u1ec9\n                ti\u1ebft ki\u1ec7m h\u00f3a \u0111\u01a1n \u0111i\u1ec7n h\u00e0ng th\u00e1ng, m\u00e0 c\u00f2n nhanh ch\u00f3ng thu h\u1ed3i v\u1ed1n \u0111\u1ea7u t\u01b0 ch\u1ec9 sau v\u00e0i n\u0103m s\u1eed d\u1ee5ng. Hi\u1ec7u\n                qu\u1ea3 r\u00f5 r\u00e0ng, h\u00e0i l\u00f2ng d\u00e0i l\u00e2u.<\/p>\n            <svg class=\"fls-icon\" viewBox=\"0 0 100 100\">\n                <circle class=\"fls-icon-shape\" cx=\"50\" cy=\"50\" r=\"50\"><\/circle>\n            <\/svg>\n        <\/div>\n    <\/div>\n\n    <!-- Th\u00eam c\u00e1c c\u1eb7p kh\u00e1c \u1edf \u0111\u00e2y v\u1edbi c\u1ea5u tr\u00fac t\u01b0\u01a1ng t\u1ef1 -->\n\n<\/div>\n\n\n\t\t<\/div>\n\t\t\t\t\t<\/div>\n\n\t\n\n<\/div>\n\n\t\t<\/div>\n\n\t\t\n<style>\n#section_1706324978 {\n  padding-top: 30px;\n  padding-bottom: 30px;\n  background-color: rgb(233, 236, 239);\n}\n<\/style>\n\t<\/section>\n\t\n\n\t<section class=\"section\" id=\"section_254765191\">\n\t\t<div class=\"section-bg fill\" >\n\t\t\t\t\t\t\t\t\t\n\t\t\t\n\n\t\t<\/div>\n\n\t\t\n\n\t\t<div class=\"section-content relative\">\n\t\t\t\n\n<div class=\"row\"  id=\"row-1516556174\">\n\n\n\t<div id=\"col-2072432545\" class=\"col small-12 large-12\"  data-animate=\"fadeInUp\">\n\t\t\t\t<div class=\"col-inner\"  >\n\t\t\t\n\t\t\t\n\n    <div id=\"fcw-heading-9163\" class=\"fcw-heading text-left accent-style-hexagon-custom\">\n        <div class=\"fcw-heading-inner\">\n                            <h2 class=\"fcw-main-heading\">\n                    C\u01a0 H\u1ed8I \u0110\u1ea6U T\u01af                <\/h2>\n                                <\/div>\n    <\/div>\n    <style>#fcw-heading-9163 { margin: 0px 0px 25px 0px;--fcw-accent-color: #4CAF50 }#fcw-heading-9163 .fcw-main-heading { font-weight: 900 }#fcw-heading-9163 .fcw-main-heading { font-size: 35px; }<\/style>\n\n\t<div id=\"text-1564965249\" class=\"text\">\n\t\t\n\n<p style=\"width:80%\">B\u1ea1n \u0111ang t\u00ecm ki\u1ebfm c\u01a1 h\u1ed9i kinh doanh m\u1edbi hay m\u00f4 h\u00ecnh kinh doanh hi\u1ec7u qu\u1ea3 b\u1ec1n v\u1eefng? <br \/>\u0110\u00e2y l\u00e0 th\u1eddi \u0111i\u1ec3m tuy\u1ec7t v\u1eddi \u0111\u1ec3 kh\u1edfi \u0111\u1ea7u c\u01a1 h\u1ed9i kinh doanh v\u1edbi ng\u00e0nh \u0111i\u1ec7n n\u0103ng l\u01b0\u1ee3ng m\u1eb7t tr\u1eddi c\u00f9ng MP Energy.<br \/> H\u00e3y c\u00f9ng MP Solar ph\u00e1t tri\u1ec3n th\u1ecb tr\u01b0\u1eddng \u0111i\u1ec7n n\u0103ng l\u01b0\u1ee3ng m\u1eb7t tr\u1eddi ngay h\u00f4m nay! <br \/> MP ENERGY CAM K\u1ebeT<\/p>\n\n\t\t\n<style>\n#text-1564965249 {\n  color: rgb(112, 112, 112);\n}\n#text-1564965249 > * {\n  color: rgb(112, 112, 112);\n}\n<\/style>\n\t<\/div>\n\t\n\n\t\t<\/div>\n\t\t\t\t\t<\/div>\n\n\t\n\n\t<div id=\"col-1602930258\" class=\"col medium-3 small-12 large-3\"  data-animate=\"fadeInUp\">\n\t\t\t\t<div class=\"col-inner\"  >\n\t\t\t\n\t\t\t\n\n\n\t\t<div class=\"icon-box featured-box icon-box-center text-center\"  >\n\t\t\t\t\t<div class=\"icon-box-img\" style=\"width: 155px\">\n\t\t\t\t<div class=\"icon\">\n\t\t\t\t\t<div class=\"icon-inner\" >\n\t\t\t\t\t\t<img loading=\"lazy\" decoding=\"async\" width=\"1\" height=\"1\" src=\"https:\/\/mpenergy.vn\/wp-content\/uploads\/2025\/09\/Frame-1000005204.svg\" class=\"attachment-medium size-medium\" alt=\"\" \/>\t\t\t\t\t<\/div>\n\t\t\t\t<\/div>\n\t\t\t<\/div>\n\t\t\t\t<div class=\"icon-box-text last-reset\">\n\t\t\t\t\t\t\t\t\t\n\n<h3>CH\u00cdNH S\u00c1CH B\u00c1N H\u00c0NG<\/h3>\n<p>Ch\u00ednh s\u00e1ch linh ho\u1ea1t h\u1ea5p d\u1eabn, h\u1ed7 tr\u1ee3 kinh doanh v\u00e0 chuy\u1ec3n giao kh\u00e1ch ti\u1ec1m n\u0103ng \u0111\u1ecba ph\u01b0\u01a1ng, gi\u00fap \u0111\u1ed1i t\u00e1c ph\u00e1t tri\u1ec3n b\u1ec1n v\u1eefng, tr\u01b0\u1eddng t\u1ed3n theo th\u1eddi gian.<\/p>\n\n\n\t\t<\/div>\n\t<\/div>\n\t\n\t\n\n\t\t<\/div>\n\t\t\t\t\t<\/div>\n\n\t\n\n\t<div id=\"col-668001553\" class=\"col medium-3 small-12 large-3\"  data-animate=\"fadeInUp\">\n\t\t\t\t<div class=\"col-inner\"  >\n\t\t\t\n\t\t\t\n\n\n\t\t<div class=\"icon-box featured-box icon-box-center text-center\"  >\n\t\t\t\t\t<div class=\"icon-box-img\" style=\"width: 155px\">\n\t\t\t\t<div class=\"icon\">\n\t\t\t\t\t<div class=\"icon-inner\" >\n\t\t\t\t\t\t<img loading=\"lazy\" decoding=\"async\" width=\"1\" height=\"1\" src=\"https:\/\/mpenergy.vn\/wp-content\/uploads\/2025\/09\/Frame-1000005204-1.svg\" class=\"attachment-medium size-medium\" alt=\"\" \/>\t\t\t\t\t<\/div>\n\t\t\t\t<\/div>\n\t\t\t<\/div>\n\t\t\t\t<div class=\"icon-box-text last-reset\">\n\t\t\t\t\t\t\t\t\t\n\n<h3>H\u1ed6 TR\u1ee2 TRUY\u1ec0N TH\u00d4NG<\/h3>\n<p>H\u1ed7 tr\u1ee3 \u0111\u1ed1i t\u00e1c x\u00e2y d\u1ef1ng k\u1ebf ho\u1ea1ch kinh doanh \u2013 marketing chuy\u00ean nghi\u1ec7p: website, catalogue, brochure, b\u1ea3ng hi\u1ec7u, poster&#8230; t\u1ed1i \u01b0u hi\u1ec7u qu\u1ea3.<\/p>\n\n\n\t\t<\/div>\n\t<\/div>\n\t\n\t\n\n\t\t<\/div>\n\t\t\t\t\t<\/div>\n\n\t\n\n\t<div id=\"col-1184061110\" class=\"col medium-3 small-12 large-3\"  data-animate=\"fadeInUp\">\n\t\t\t\t<div class=\"col-inner\"  >\n\t\t\t\n\t\t\t\n\n\n\t\t<div class=\"icon-box featured-box icon-box-center text-center\"  >\n\t\t\t\t\t<div class=\"icon-box-img\" style=\"width: 155px\">\n\t\t\t\t<div class=\"icon\">\n\t\t\t\t\t<div class=\"icon-inner\" >\n\t\t\t\t\t\t<img loading=\"lazy\" decoding=\"async\" width=\"1\" height=\"1\" src=\"https:\/\/mpenergy.vn\/wp-content\/uploads\/2025\/09\/Frame-1000005204-2.svg\" class=\"attachment-medium size-medium\" alt=\"\" \/>\t\t\t\t\t<\/div>\n\t\t\t\t<\/div>\n\t\t\t<\/div>\n\t\t\t\t<div class=\"icon-box-text last-reset\">\n\t\t\t\t\t\t\t\t\t\n\n<h3>H\u1ed6 TR\u1ee2 \u0110\u00c0O T\u1ea0O<\/h3>\n<p>Gi\u00fap \u0111\u1ed1i t\u00e1c hi\u1ec3u r\u00f5 v\u1ec1 s\u1ea3n ph\u1ea9m, gi\u1ea3i ph\u00e1p, th\u1ecb tr\u01b0\u1eddng v\u00e0 kh\u00e1ch h\u00e0ng m\u1ee5c ti\u00eau\u2026 b\u1eb1ng nh\u1eefng bu\u1ed5i \u0111\u00e0o t\u1ea1o v\u1ec1 s\u1ea3n ph\u1ea9m, k\u1ef9 thu\u1eadt v\u00e0 kinh doanh.<\/p>\n\n\n\t\t<\/div>\n\t<\/div>\n\t\n\t\n\n\t\t<\/div>\n\t\t\t\t\t<\/div>\n\n\t\n\n\t<div id=\"col-280698332\" class=\"col medium-3 small-12 large-3\"  data-animate=\"fadeInUp\">\n\t\t\t\t<div class=\"col-inner\"  >\n\t\t\t\n\t\t\t\n\n\n\t\t<div class=\"icon-box featured-box icon-box-center text-center\"  >\n\t\t\t\t\t<div class=\"icon-box-img\" style=\"width: 155px\">\n\t\t\t\t<div class=\"icon\">\n\t\t\t\t\t<div class=\"icon-inner\" >\n\t\t\t\t\t\t<img loading=\"lazy\" decoding=\"async\" width=\"1\" height=\"1\" src=\"https:\/\/mpenergy.vn\/wp-content\/uploads\/2025\/09\/Frame-1000005204-3.svg\" class=\"attachment-medium size-medium\" alt=\"\" \/>\t\t\t\t\t<\/div>\n\t\t\t\t<\/div>\n\t\t\t<\/div>\n\t\t\t\t<div class=\"icon-box-text last-reset\">\n\t\t\t\t\t\t\t\t\t\n\n<h3>H\u1ed6 TR\u1ee2 K\u1ef8 THU\u1eacT<\/h3>\n<p>H\u1ed7 tr\u1ee3 t\u01b0 v\u1ea5n thi\u1ebft b\u1ecb h\u1ec7 th\u1ed1ng, \u0111\u1ed3ng th\u1eddi \u0111\u1ed3ng h\u00e0nh c\u00f9ng \u0110\u1ea1i l\u00fd trong b\u1ea3o h\u00e0nh, b\u1ea3o tr\u00ec v\u00e0 l\u1eafp \u0111\u1eb7t sau b\u00e1n h\u00e0ng, n\u00e2ng cao uy t\u00edn th\u01b0\u01a1ng hi\u1ec7u.<\/p>\n\n\n\t\t<\/div>\n\t<\/div>\n\t\n\t\n\n\t\t<\/div>\n\t\t\t\t\t<\/div>\n\n\t\n\n<\/div>\n\n\t\t<\/div>\n\n\t\t\n<style>\n#section_254765191 {\n  padding-top: 40px;\n  padding-bottom: 40px;\n}\n<\/style>\n\t<\/section>\n\t","protected":false},"excerpt":{"rendered":"","protected":false},"author":1,"featured_media":0,"parent":0,"menu_order":0,"comment_status":"closed","ping_status":"closed","template":"","meta":{"_acf_changed":false,"footnotes":""},"wf_page_folders":[],"class_list":["post-138","page","type-page","status-publish","hentry"],"acf":[],"_links":{"self":[{"href":"https:\/\/mpenergy.vn\/en\/wp-json\/wp\/v2\/pages\/138","targetHints":{"allow":["GET"]}}],"collection":[{"href":"https:\/\/mpenergy.vn\/en\/wp-json\/wp\/v2\/pages"}],"about":[{"href":"https:\/\/mpenergy.vn\/en\/wp-json\/wp\/v2\/types\/page"}],"author":[{"embeddable":true,"href":"https:\/\/mpenergy.vn\/en\/wp-json\/wp\/v2\/users\/1"}],"replies":[{"embeddable":true,"href":"https:\/\/mpenergy.vn\/en\/wp-json\/wp\/v2\/comments?post=138"}],"version-history":[{"count":49,"href":"https:\/\/mpenergy.vn\/en\/wp-json\/wp\/v2\/pages\/138\/revisions"}],"predecessor-version":[{"id":1376,"href":"https:\/\/mpenergy.vn\/en\/wp-json\/wp\/v2\/pages\/138\/revisions\/1376"}],"wp:attachment":[{"href":"https:\/\/mpenergy.vn\/en\/wp-json\/wp\/v2\/media?parent=138"}],"wp:term":[{"taxonomy":"wf_page_folders","embeddable":true,"href":"https:\/\/mpenergy.vn\/en\/wp-json\/wp\/v2\/wf_page_folders?post=138"}],"curies":[{"name":"wp","href":"https:\/\/api.w.org\/{rel}","templated":true}]}}