{"id":1021,"date":"2025-09-17T14:34:49","date_gmt":"2025-09-17T07:34:49","guid":{"rendered":"https:\/\/mpenergy.vn\/?post_type=product&#038;p=1021"},"modified":"2026-03-14T08:07:10","modified_gmt":"2026-03-14T01:07:10","slug":"bien-tan-hoa-luoi-goodwe-30kw-3-pha","status":"publish","type":"product","link":"https:\/\/mpenergy.vn\/en\/bien-tan-hoa-luoi-goodwe-30kw-3-pha\/","title":{"rendered":"Bi\u1ebfn t\u1ea7n H\u00f2a L\u01b0\u1edbi GoodWe 30kW 3 Pha | GW30K-SDT-C30"},"content":{"rendered":"<h1 data-start=\"150\" data-end=\"210\"><strong data-start=\"152\" data-end=\"208\">Bi\u1ebfn t\u1ea7n h\u00f2a l\u01b0\u1edbi GoodWe GW30K-SDT-C30 (30kW, 3 pha)<\/strong><\/h1>\r\n<div class=\"Y3BBE\" data-sfc-cp=\"\" data-sfc-cb=\"\" data-hveid=\"CAEIARAA\" data-complete=\"true\" data-processed=\"true\">Bi\u1ebfn t\u1ea7n\u00a0<strong class=\"Yjhzub\" data-sfc-cb=\"\" data-complete=\"true\" data-processed=\"true\">GoodWe<\/strong>\u00a0l\u00e0 th\u01b0\u01a1ng hi\u1ec7u h\u00e0ng \u0111\u1ea7u th\u1ebf gi\u1edbi, n\u1ed5i ti\u1ebfng nh\u1ea5t v\u1edbi v\u1ecb th\u1ebf\u00a0<strong class=\"Yjhzub\" data-sfc-cb=\"\" data-complete=\"true\" data-processed=\"true\">s\u1ed1 1 v\u1ec1 d\u00f2ng hybrid<\/strong>\u00a0(l\u01b0u tr\u1eef). S\u1ea3n ph\u1ea9m c\u1ee7a h\u00e3ng c\u00f3 d\u1ea3i c\u00f4ng su\u1ea5t c\u1ef1c k\u1ef3 linh ho\u1ea1t, t\u1eeb c\u00e1c b\u1ed9 h\u00f2a l\u01b0\u1edbi nh\u1ecf cho gia \u0111\u00ecnh \u0111\u1ebfn c\u00e1c h\u1ec7 th\u1ed1ng c\u00f4ng su\u1ea5t l\u1edbn 250kW cho doanh nghi\u1ec7p.<\/div>\r\n<div class=\"Y3BBE\" data-sfc-cp=\"\" data-sfc-cb=\"\" data-hveid=\"CAEIAhAA\" data-complete=\"true\" data-processed=\"true\" aria-owns=\"action-menu-parent-container\">\u0110i\u1ec3m m\u1ea1nh c\u1ee7a GoodWe n\u1eb1m \u1edf\u00a0<strong class=\"Yjhzub\" data-sfc-cb=\"\" data-complete=\"true\" data-processed=\"true\">hi\u1ec7u su\u1ea5t chuy\u1ec3n \u0111\u1ed5i cao<\/strong>, v\u1eadn h\u00e0nh \u00eam \u00e1i v\u00e0 t\u00edch h\u1ee3p c\u00f4ng ngh\u1ec7 gi\u00e1m s\u00e1t th\u00f4ng minh qua \u1ee9ng d\u1ee5ng. Nh\u1edd \u0111\u1ea1t ti\u00eau chu\u1ea9n ch\u1ea5t l\u01b0\u1ee3ng kh\u1eaft khe t\u1eeb T\u00dcV Rheinland, bi\u1ebfn t\u1ea7n n\u00e0y \u0111\u1ea3m b\u1ea3o \u0111\u1ed9 b\u1ec1n b\u1ec9 trong nhi\u1ec1u \u0111i\u1ec1u ki\u1ec7n m\u00f4i tr\u01b0\u1eddng. T\u1ea1i Vi\u1ec7t Nam, \u0111\u00e2y l\u00e0 l\u1ef1a ch\u1ecdn ph\u1ed5 bi\u1ebfn nh\u1edd s\u1ef1 k\u1ebft h\u1ee3p gi\u1eefa\u00a0<strong class=\"Yjhzub\" data-sfc-cb=\"\" data-complete=\"true\" data-processed=\"true\">chi ph\u00ed h\u1ee3p l\u00fd<\/strong>\u00a0v\u00e0 ch\u1ebf \u0111\u1ed9 b\u1ea3o h\u00e0nh ch\u00ednh h\u00e3ng uy t\u00edn.<\/div>\r\n<h2 data-start=\"212\" data-end=\"235\"><strong data-start=\"212\" data-end=\"233\">Th\u00f4ng s\u1ed1 n\u1ed5i b\u1eadt:<\/strong><\/h2>\r\n<ul data-start=\"236\" data-end=\"1083\">\r\n \t<li data-start=\"236\" data-end=\"279\">\r\n<p data-start=\"238\" data-end=\"279\">C\u00f4ng su\u1ea5t \u0111\u1ea7u ra danh \u0111\u1ecbnh: <strong data-start=\"266\" data-end=\"277\">30.0 kW<\/strong><\/p>\r\n<\/li>\r\n \t<li data-start=\"280\" data-end=\"316\">\r\n<p data-start=\"282\" data-end=\"316\">C\u00f4ng su\u1ea5t AC t\u1ed1i \u0111a: <strong data-start=\"303\" data-end=\"314\">33.0 kW<\/strong><\/p>\r\n<\/li>\r\n \t<li data-start=\"317\" data-end=\"374\">\r\n<p data-start=\"319\" data-end=\"374\">C\u00f4ng su\u1ea5t \u0111\u1ea7u v\u00e0o PV t\u1ed1i \u0111a (DC oversizing): <strong data-start=\"364\" data-end=\"372\">150%<\/strong><\/p>\r\n<\/li>\r\n \t<li data-start=\"375\" data-end=\"403\">\r\n<p data-start=\"377\" data-end=\"403\">AC overloading: <strong data-start=\"393\" data-end=\"401\">110%<\/strong><\/p>\r\n<\/li>\r\n \t<li data-start=\"404\" data-end=\"454\">\r\n<p data-start=\"406\" data-end=\"454\"><strong data-start=\"406\" data-end=\"430\">2 MPPT, 2 chu\u1ed7i\/MPPT<\/strong>, t\u1ed1i \u01b0u h\u00f3a s\u1ea3n l\u01b0\u1ee3ng<\/p>\r\n<\/li>\r\n \t<li data-start=\"455\" data-end=\"521\">\r\n<p data-start=\"457\" data-end=\"521\">\u0110i\u1ec7n \u00e1p \u0111\u1ea7u v\u00e0o t\u1ed1i \u0111a: <strong data-start=\"481\" data-end=\"491\">1100 V<\/strong>, d\u1ea3i MPPT: <strong data-start=\"503\" data-end=\"519\">140 \u2013 1000 V<\/strong><\/p>\r\n<\/li>\r\n \t<li data-start=\"522\" data-end=\"567\">\r\n<p data-start=\"524\" data-end=\"567\">D\u00f2ng \u0111i\u1ec7n ng\u00f5 v\u00e0o t\u1ed1i \u0111a: <strong data-start=\"550\" data-end=\"565\">42 A \/ 32 A<\/strong><\/p>\r\n<\/li>\r\n \t<li data-start=\"568\" data-end=\"614\">\r\n<p data-start=\"570\" data-end=\"614\">D\u00f2ng ng\u1eafn m\u1ea1ch t\u1ed1i \u0111a: <strong data-start=\"593\" data-end=\"612\">52.5 A \/ 40.0 A<\/strong><\/p>\r\n<\/li>\r\n \t<li data-start=\"615\" data-end=\"685\">\r\n<p data-start=\"617\" data-end=\"685\">\u0110i\u1ec7n \u00e1p ng\u00f5 ra danh \u0111\u1ecbnh: <strong data-start=\"643\" data-end=\"683\">3 pha (220\/380V, 230\/400V, 240\/415V)<\/strong><\/p>\r\n<\/li>\r\n \t<li data-start=\"686\" data-end=\"725\">\r\n<p data-start=\"688\" data-end=\"725\">D\u00f2ng \u0111i\u1ec7n ng\u00f5 ra t\u1ed1i \u0111a: <strong data-start=\"713\" data-end=\"723\">50.0 A<\/strong><\/p>\r\n<\/li>\r\n \t<li data-start=\"726\" data-end=\"788\">\r\n<p data-start=\"728\" data-end=\"788\">Hi\u1ec7u su\u1ea5t t\u1ed1i \u0111a: <strong data-start=\"746\" data-end=\"755\">98.6%<\/strong> | Hi\u1ec7u su\u1ea5t Ch\u00e2u \u00c2u: <strong data-start=\"777\" data-end=\"786\">98.3%<\/strong><\/p>\r\n<\/li>\r\n \t<li data-start=\"789\" data-end=\"873\">\r\n<p data-start=\"791\" data-end=\"873\">Chu\u1ea9n b\u1ea3o v\u1ec7 <strong data-start=\"804\" data-end=\"812\">IP66<\/strong>, SPD lo\u1ea1i III (t\u00f9y ch\u1ecdn n\u00e2ng c\u1ea5p Type II), AFCI (t\u00f9y ch\u1ecdn)<\/p>\r\n<\/li>\r\n \t<li data-start=\"874\" data-end=\"933\">\r\n<p data-start=\"876\" data-end=\"933\">H\u1ed7 tr\u1ee3 <strong data-start=\"883\" data-end=\"899\">PID Recovery<\/strong>, gi\u00e1m s\u00e1t 24\/7 qua WiFi\/LAN\/App<\/p>\r\n<\/li>\r\n \t<li data-start=\"934\" data-end=\"1018\">\r\n<p data-start=\"936\" data-end=\"1018\">L\u00e0m m\u00e1t b\u1eb1ng <strong data-start=\"949\" data-end=\"968\">qu\u1ea1t th\u00f4ng minh<\/strong>, ho\u1ea1t \u0111\u1ed9ng \u1ed5n \u0111\u1ecbnh trong m\u00f4i tr\u01b0\u1eddng kh\u1eafc nghi\u1ec7t<\/p>\r\n<\/li>\r\n \t<li data-start=\"1019\" data-end=\"1083\">\r\n<p data-start=\"1021\" data-end=\"1083\">K\u00edch th\u01b0\u1edbc: <strong data-start=\"1033\" data-end=\"1055\">530 \u00d7 413 \u00d7 227 mm<\/strong>, Tr\u1ecdng l\u01b0\u1ee3ng: <strong data-start=\"1070\" data-end=\"1081\">20.5 kg<\/strong><\/p>\r\n<\/li>\r\n<\/ul>\r\n<h2 data-start=\"1085\" data-end=\"1100\"><strong data-start=\"1085\" data-end=\"1098\">B\u1ea3o h\u00e0nh:<\/strong><\/h2>\r\n<ul data-start=\"1101\" data-end=\"1147\">\r\n \t<li data-start=\"1101\" data-end=\"1147\">\r\n<p data-start=\"1103\" data-end=\"1147\">5 n\u0103m<\/p>\r\n<\/li>\r\n<\/ul>\r\n<h2 data-start=\"1149\" data-end=\"1172\"><strong data-start=\"1149\" data-end=\"1170\">\u1ee8ng d\u1ee5ng ph\u00f9 h\u1ee3p:<\/strong><\/h2>\r\n<ul data-start=\"1173\" data-end=\"1421\">\r\n \t<li data-start=\"1173\" data-end=\"1239\">\r\n<p data-start=\"1175\" data-end=\"1239\">H\u1ec7 th\u1ed1ng \u0111i\u1ec7n m\u1eb7t tr\u1eddi th\u01b0\u01a1ng m\u1ea1i v\u1eeba v\u00e0 nh\u1ecf (3 pha, h\u00f2a l\u01b0\u1edbi)<\/p>\r\n<\/li>\r\n \t<li data-start=\"1240\" data-end=\"1294\">\r\n<p data-start=\"1242\" data-end=\"1294\">D\u1ef1 \u00e1n EPC c\u1ea7n hi\u1ec7u su\u1ea5t cao, chi ph\u00ed \u0111\u1ea7u t\u01b0 t\u1ed1i \u01b0u<\/p>\r\n<\/li>\r\n \t<li data-start=\"1295\" data-end=\"1353\">\r\n<p data-start=\"1297\" data-end=\"1353\">T\u00f2a nh\u00e0 v\u0103n ph\u00f2ng, nh\u00e0 x\u01b0\u1edfng, trang tr\u1ea1i \u0111i\u1ec7n m\u1eb7t tr\u1eddi<\/p>\r\n<\/li>\r\n \t<li data-start=\"1354\" data-end=\"1421\">\r\n<p data-start=\"1356\" data-end=\"1421\">V\u1eadn h\u00e0nh b\u1ec1n b\u1ec9 trong \u0111i\u1ec1u ki\u1ec7n kh\u00ed h\u1eadu kh\u1eafc nghi\u1ec7t, ngo\u00e0i tr\u1eddi<\/p>\r\n<\/li>\r\n<\/ul>","protected":false},"excerpt":{"rendered":"<p data-start=\"758\" data-end=\"1046\"><strong data-start=\"758\" data-end=\"814\">Bi\u1ebfn t\u1ea7n h\u00f2a l\u01b0\u1edbi GoodWe GW30K-SDT-C30 (30kW, 3 pha)<\/strong> l\u00e0 gi\u1ea3i ph\u00e1p t\u1ed1i \u01b0u cho h\u1ec7 th\u1ed1ng \u0111i\u1ec7n m\u1eb7t tr\u1eddi th\u01b0\u01a1ng m\u1ea1i v\u1eeba v\u00e0 nh\u1ecf. Thi\u1ebft b\u1ecb \u0111\u01b0\u1ee3c trang b\u1ecb <strong data-start=\"908\" data-end=\"933\">2 MPPT \u2013 2 chu\u1ed7i\/MPPT<\/strong>, h\u1ed7 tr\u1ee3 DC oversizing t\u1edbi <strong data-start=\"960\" data-end=\"968\">150%<\/strong> v\u00e0 AC overloading <strong data-start=\"987\" data-end=\"995\">110%<\/strong>, \u0111\u1ea3m b\u1ea3o khai th\u00e1c t\u1ed1i \u0111a c\u00f4ng su\u1ea5t c\u1ee7a t\u1ea5m pin.<\/p>\r\n<p data-start=\"1048\" data-end=\"1309\">V\u1edbi <strong data-start=\"1052\" data-end=\"1090\">hi\u1ec7u su\u1ea5t chuy\u1ec3n \u0111\u1ed5i l\u00ean \u0111\u1ebfn 98.6%<\/strong>, chu\u1ea9n b\u1ea3o v\u1ec7 <strong data-start=\"1105\" data-end=\"1113\">IP66<\/strong> ch\u1ed1ng b\u1ee5i v\u00e0 n\u01b0\u1edbc, bi\u1ebfn t\u1ea7n c\u00f3 kh\u1ea3 n\u0103ng v\u1eadn h\u00e0nh b\u1ec1n b\u1ec9 trong m\u00f4i tr\u01b0\u1eddng kh\u1eafc nghi\u1ec7t. H\u1ec7 th\u1ed1ng b\u1ea3o v\u1ec7 to\u00e0n di\u1ec7n g\u1ed3m <strong data-start=\"1230\" data-end=\"1269\">SPD AC\/DC, ch\u1ed1ng PID, AFCI t\u00f9y ch\u1ecdn<\/strong>, \u0111\u1ea3m b\u1ea3o an to\u00e0n t\u1ed1i \u0111a cho h\u1ec7 th\u1ed1ng.<\/p>\r\n<p data-start=\"1311\" data-end=\"1548\">Thi\u1ebft k\u1ebf nh\u1ecf g\u1ecdn, tr\u1ecdng l\u01b0\u1ee3ng ch\u1ec9 <strong data-start=\"1345\" data-end=\"1355\">20.5kg<\/strong>, h\u1ed7 tr\u1ee3 gi\u00e1m s\u00e1t t\u1eeb xa qua <strong data-start=\"1383\" data-end=\"1399\">WiFi\/LAN\/App<\/strong>, bi\u1ebfn t\u1ea7n <strong data-start=\"1410\" data-end=\"1434\">GoodWe GW30K-SDT-C30<\/strong> ph\u00f9 h\u1ee3p cho <strong data-start=\"1447\" data-end=\"1506\">nh\u00e0 m\u00e1y, nh\u00e0 x\u01b0\u1edfng, t\u00f2a nh\u00e0 th\u01b0\u01a1ng m\u1ea1i v\u00e0 c\u00e1c d\u1ef1 \u00e1n EPC<\/strong> y\u00eau c\u1ea7u hi\u1ec7u su\u1ea5t cao, \u1ed5n \u0111\u1ecbnh l\u00e2u d\u00e0i.<\/p>","protected":false},"featured_media":1140,"comment_status":"open","ping_status":"closed","template":"","meta":{"_acf_changed":false},"product_brand":[40],"product_cat":[49],"product_tag":[],"class_list":{"0":"post-1021","1":"product","2":"type-product","3":"status-publish","4":"has-post-thumbnail","6":"product_brand-goodwe","7":"product_cat-bien-tan-goodwe-hoa-luoi-bam-tai","9":"first","10":"instock","11":"shipping-taxable","12":"product-type-simple"},"acf":[],"_links":{"self":[{"href":"https:\/\/mpenergy.vn\/en\/wp-json\/wp\/v2\/product\/1021","targetHints":{"allow":["GET"]}}],"collection":[{"href":"https:\/\/mpenergy.vn\/en\/wp-json\/wp\/v2\/product"}],"about":[{"href":"https:\/\/mpenergy.vn\/en\/wp-json\/wp\/v2\/types\/product"}],"replies":[{"embeddable":true,"href":"https:\/\/mpenergy.vn\/en\/wp-json\/wp\/v2\/comments?post=1021"}],"wp:featuredmedia":[{"embeddable":true,"href":"https:\/\/mpenergy.vn\/en\/wp-json\/wp\/v2\/media\/1140"}],"wp:attachment":[{"href":"https:\/\/mpenergy.vn\/en\/wp-json\/wp\/v2\/media?parent=1021"}],"wp:term":[{"taxonomy":"product_brand","embeddable":true,"href":"https:\/\/mpenergy.vn\/en\/wp-json\/wp\/v2\/product_brand?post=1021"},{"taxonomy":"product_cat","embeddable":true,"href":"https:\/\/mpenergy.vn\/en\/wp-json\/wp\/v2\/product_cat?post=1021"},{"taxonomy":"product_tag","embeddable":true,"href":"https:\/\/mpenergy.vn\/en\/wp-json\/wp\/v2\/product_tag?post=1021"}],"curies":[{"name":"wp","href":"https:\/\/api.w.org\/{rel}","templated":true}]}}