{"id":1027,"date":"2025-09-17T14:53:58","date_gmt":"2025-09-17T07:53:58","guid":{"rendered":"https:\/\/mpenergy.vn\/?post_type=product&#038;p=1027"},"modified":"2026-03-14T08:08:46","modified_gmt":"2026-03-14T01:08:46","slug":"bien-tan-hoa-luoi-goodwe-125kw-3-pha-hoa-luoi","status":"publish","type":"product","link":"https:\/\/mpenergy.vn\/en\/bien-tan-hoa-luoi-goodwe-125kw-3-pha-hoa-luoi\/","title":{"rendered":"Bi\u1ebfn t\u1ea7n H\u00f2a L\u01b0\u1edbi GoodWe 125kW 3 Pha H\u00f2a L\u01b0\u1edbi | GW125K-GT"},"content":{"rendered":"<h1 data-start=\"154\" data-end=\"220\"><strong data-start=\"156\" data-end=\"218\">Bi\u1ebfn t\u1ea7n h\u00f2a l\u01b0\u1edbi GoodWe GW125K-GT (125kW, 3 pha, 10 MPPT)<\/strong><\/h1>\r\n<div class=\"Y3BBE\" data-sfc-cp=\"\" data-sfc-cb=\"\" data-hveid=\"CAEIARAA\" data-complete=\"true\" data-processed=\"true\">Bi\u1ebfn t\u1ea7n\u00a0<strong class=\"Yjhzub\" data-sfc-cb=\"\" data-complete=\"true\" data-processed=\"true\">GoodWe<\/strong>\u00a0l\u00e0 th\u01b0\u01a1ng hi\u1ec7u h\u00e0ng \u0111\u1ea7u th\u1ebf gi\u1edbi, n\u1ed5i ti\u1ebfng nh\u1ea5t v\u1edbi v\u1ecb th\u1ebf\u00a0<strong class=\"Yjhzub\" data-sfc-cb=\"\" data-complete=\"true\" data-processed=\"true\">s\u1ed1 1 v\u1ec1 d\u00f2ng hybrid<\/strong>\u00a0(l\u01b0u tr\u1eef). S\u1ea3n ph\u1ea9m c\u1ee7a h\u00e3ng c\u00f3 d\u1ea3i c\u00f4ng su\u1ea5t c\u1ef1c k\u1ef3 linh ho\u1ea1t, t\u1eeb c\u00e1c b\u1ed9 h\u00f2a l\u01b0\u1edbi nh\u1ecf cho gia \u0111\u00ecnh \u0111\u1ebfn c\u00e1c h\u1ec7 th\u1ed1ng c\u00f4ng su\u1ea5t l\u1edbn 250kW cho doanh nghi\u1ec7p.<\/div>\r\n<div class=\"Y3BBE\" data-sfc-cp=\"\" data-sfc-cb=\"\" data-hveid=\"CAEIAhAA\" data-complete=\"true\" data-processed=\"true\" aria-owns=\"action-menu-parent-container\">\u0110i\u1ec3m m\u1ea1nh c\u1ee7a GoodWe n\u1eb1m \u1edf\u00a0<strong class=\"Yjhzub\" data-sfc-cb=\"\" data-complete=\"true\" data-processed=\"true\">hi\u1ec7u su\u1ea5t chuy\u1ec3n \u0111\u1ed5i cao<\/strong>, v\u1eadn h\u00e0nh \u00eam \u00e1i v\u00e0 t\u00edch h\u1ee3p c\u00f4ng ngh\u1ec7 gi\u00e1m s\u00e1t th\u00f4ng minh qua \u1ee9ng d\u1ee5ng<\/div>\r\n<h2 data-start=\"222\" data-end=\"245\"><strong data-start=\"222\" data-end=\"243\">Th\u00f4ng s\u1ed1 n\u1ed5i b\u1eadt:<\/strong><\/h2>\r\n<ul data-start=\"246\" data-end=\"1121\">\r\n \t<li data-start=\"246\" data-end=\"290\">\r\n<p data-start=\"248\" data-end=\"290\">C\u00f4ng su\u1ea5t \u0111\u1ea7u ra danh \u0111\u1ecbnh: <strong data-start=\"276\" data-end=\"288\">125.0 kW<\/strong><\/p>\r\n<\/li>\r\n \t<li data-start=\"291\" data-end=\"346\">\r\n<p data-start=\"293\" data-end=\"346\">C\u00f4ng su\u1ea5t bi\u1ec3u ki\u1ebfn \u0111\u1ea7u ra danh \u0111\u1ecbnh: <strong data-start=\"331\" data-end=\"344\">125.0 kVA<\/strong><\/p>\r\n<\/li>\r\n \t<li data-start=\"347\" data-end=\"410\">\r\n<p data-start=\"349\" data-end=\"410\">C\u00f4ng su\u1ea5t t\u00e1c d\u1ee5ng AC t\u1ed1i \u0111a: <strong data-start=\"379\" data-end=\"391\">137.5 kW<\/strong> <em data-start=\"392\" data-end=\"408\">(theo VDE4105)<\/em><\/p>\r\n<\/li>\r\n \t<li data-start=\"411\" data-end=\"468\">\r\n<p data-start=\"413\" data-end=\"468\">C\u00f4ng su\u1ea5t \u0111\u1ea7u v\u00e0o PV t\u1ed1i \u0111a (DC oversizing): <strong data-start=\"458\" data-end=\"466\">150%<\/strong><\/p>\r\n<\/li>\r\n \t<li data-start=\"469\" data-end=\"497\">\r\n<p data-start=\"471\" data-end=\"497\">AC overloading: <strong data-start=\"487\" data-end=\"495\">110%<\/strong><\/p>\r\n<\/li>\r\n \t<li data-start=\"498\" data-end=\"565\">\r\n<p data-start=\"500\" data-end=\"565\"><strong data-start=\"500\" data-end=\"525\">10 MPPT, 2 chu\u1ed7i\/MPPT<\/strong>, h\u1ed7 tr\u1ee3 d\u00f2ng DC l\u00ean t\u1edbi <strong data-start=\"550\" data-end=\"563\">21A\/chu\u1ed7i<\/strong><\/p>\r\n<\/li>\r\n \t<li data-start=\"566\" data-end=\"632\">\r\n<p data-start=\"568\" data-end=\"632\">\u0110i\u1ec7n \u00e1p \u0111\u1ea7u v\u00e0o t\u1ed1i \u0111a: <strong data-start=\"592\" data-end=\"602\">1100 V<\/strong>, d\u1ea3i MPPT: <strong data-start=\"614\" data-end=\"630\">180 \u2013 1000 V<\/strong><\/p>\r\n<\/li>\r\n \t<li data-start=\"633\" data-end=\"691\">\r\n<p data-start=\"635\" data-end=\"691\">\u0110i\u1ec7n \u00e1p ng\u00f5 ra danh \u0111\u1ecbnh: <strong data-start=\"661\" data-end=\"689\">3 pha 220\/380V, 230\/400V<\/strong><\/p>\r\n<\/li>\r\n \t<li data-start=\"692\" data-end=\"732\">\r\n<p data-start=\"694\" data-end=\"732\">D\u00f2ng \u0111i\u1ec7n ng\u00f5 ra t\u1ed1i \u0111a: <strong data-start=\"719\" data-end=\"730\">199.4 A<\/strong><\/p>\r\n<\/li>\r\n \t<li data-start=\"733\" data-end=\"795\">\r\n<p data-start=\"735\" data-end=\"795\">Hi\u1ec7u su\u1ea5t t\u1ed1i \u0111a: <strong data-start=\"753\" data-end=\"762\">99.0%<\/strong> | Hi\u1ec7u su\u1ea5t Ch\u00e2u \u00c2u: <strong data-start=\"784\" data-end=\"793\">98.5%<\/strong><\/p>\r\n<\/li>\r\n \t<li data-start=\"796\" data-end=\"874\">\r\n<p data-start=\"798\" data-end=\"874\">Chu\u1ea9n b\u1ea3o v\u1ec7: <strong data-start=\"812\" data-end=\"820\">IP66<\/strong>, SPD lo\u1ea1i II AC\/DC (t\u00f9y ch\u1ecdn I+II), AFCI (t\u00f9y ch\u1ecdn)<\/p>\r\n<\/li>\r\n \t<li data-start=\"875\" data-end=\"965\">\r\n<p data-start=\"877\" data-end=\"965\">H\u1ed7 tr\u1ee3 <strong data-start=\"884\" data-end=\"963\">PID Recovery, gi\u00e1m s\u00e1t chu\u1ed7i PV, gi\u00e1m s\u00e1t t\u1eeb xa (RS485, WiFi, LAN, 4G, PLC)<\/strong><\/p>\r\n<\/li>\r\n \t<li data-start=\"966\" data-end=\"1058\">\r\n<p data-start=\"968\" data-end=\"1058\">L\u00e0m m\u00e1t b\u1eb1ng <strong data-start=\"981\" data-end=\"1000\">qu\u1ea1t th\u00f4ng minh<\/strong>, ho\u1ea1t \u0111\u1ed9ng \u1ed5n \u0111\u1ecbnh t\u1edbi <strong data-start=\"1024\" data-end=\"1032\">60\u00b0C<\/strong> m\u00e0 kh\u00f4ng gi\u1ea3m c\u00f4ng su\u1ea5t<\/p>\r\n<\/li>\r\n \t<li data-start=\"1059\" data-end=\"1121\">\r\n<p data-start=\"1061\" data-end=\"1121\">K\u00edch th\u01b0\u1edbc: <strong data-start=\"1073\" data-end=\"1095\">930 \u00d7 650 \u00d7 300 mm<\/strong>, Tr\u1ecdng l\u01b0\u1ee3ng: <strong data-start=\"1110\" data-end=\"1119\">88 kg<\/strong><\/p>\r\n<\/li>\r\n<\/ul>\r\n<h2 data-start=\"1123\" data-end=\"1138\"><strong data-start=\"1123\" data-end=\"1136\">B\u1ea3o h\u00e0nh:<\/strong><\/h2>\r\n<ul data-start=\"1139\" data-end=\"1184\">\r\n \t<li data-start=\"1139\" data-end=\"1184\">\r\n<p data-start=\"1141\" data-end=\"1184\">5 n\u0103m c\u00f3 th\u1ec3 m\u1edf r\u1ed9ng (t\u00f9y th\u1ecb tr\u01b0\u1eddng &amp; nh\u00e0 ph\u00e2n ph\u1ed1i)<\/p>\r\n<\/li>\r\n<\/ul>\r\n<h2 data-start=\"1186\" data-end=\"1209\"><strong data-start=\"1186\" data-end=\"1207\">\u1ee8ng d\u1ee5ng ph\u00f9 h\u1ee3p:<\/strong><\/h2>\r\n<ul data-start=\"1210\" data-end=\"1468\">\r\n \t<li data-start=\"1210\" data-end=\"1278\">\r\n<p data-start=\"1212\" data-end=\"1278\">H\u1ec7 th\u1ed1ng \u0111i\u1ec7n m\u1eb7t tr\u1eddi th\u01b0\u01a1ng m\u1ea1i &amp; c\u00f4ng nghi\u1ec7p (C&amp;I) quy m\u00f4 l\u1edbn<\/p>\r\n<\/li>\r\n \t<li data-start=\"1279\" data-end=\"1336\">\r\n<p data-start=\"1281\" data-end=\"1336\">D\u1ef1 \u00e1n EPC y\u00eau c\u1ea7u hi\u1ec7u su\u1ea5t cao, m\u1eadt \u0111\u1ed9 c\u00f4ng su\u1ea5t l\u1edbn<\/p>\r\n<\/li>\r\n \t<li data-start=\"1337\" data-end=\"1387\">\r\n<p data-start=\"1339\" data-end=\"1387\">Nh\u00e0 m\u00e1y, khu c\u00f4ng nghi\u1ec7p, trung t\u00e2m th\u01b0\u01a1ng m\u1ea1i<\/p>\r\n<\/li>\r\n \t<li data-start=\"1388\" data-end=\"1468\">\r\n<p data-start=\"1390\" data-end=\"1468\">L\u1eafp \u0111\u1eb7t ngo\u00e0i tr\u1eddi, m\u00f4i tr\u01b0\u1eddng kh\u1eafc nghi\u1ec7t (nhi\u1ec7t \u0111\u1ed9 cao, \u1ea9m, b\u1ee5i, ven bi\u1ec3n)<\/p>\r\n<\/li>\r\n<\/ul>","protected":false},"excerpt":{"rendered":"<p data-start=\"758\" data-end=\"1046\">Bi\u1ebfn t\u1ea7n GoodWe GW125K-GT 125kW \u2013 10 MPPT, hi\u1ec7u su\u1ea5t 99%, IP66, h\u1ed7 tr\u1ee3 DC oversizing 150%, AC overloading 110%, t\u1ed1i \u01b0u cho d\u1ef1 \u00e1n \u0111i\u1ec7n m\u1eb7t tr\u1eddi l\u1edbn.<\/p>","protected":false},"featured_media":1138,"comment_status":"open","ping_status":"closed","template":"","meta":{"_acf_changed":false},"product_brand":[40],"product_cat":[49],"product_tag":[],"class_list":{"0":"post-1027","1":"product","2":"type-product","3":"status-publish","4":"has-post-thumbnail","6":"product_brand-goodwe","7":"product_cat-bien-tan-goodwe-hoa-luoi-bam-tai","9":"first","10":"instock","11":"shipping-taxable","12":"product-type-simple"},"acf":[],"_links":{"self":[{"href":"https:\/\/mpenergy.vn\/en\/wp-json\/wp\/v2\/product\/1027","targetHints":{"allow":["GET"]}}],"collection":[{"href":"https:\/\/mpenergy.vn\/en\/wp-json\/wp\/v2\/product"}],"about":[{"href":"https:\/\/mpenergy.vn\/en\/wp-json\/wp\/v2\/types\/product"}],"replies":[{"embeddable":true,"href":"https:\/\/mpenergy.vn\/en\/wp-json\/wp\/v2\/comments?post=1027"}],"wp:featuredmedia":[{"embeddable":true,"href":"https:\/\/mpenergy.vn\/en\/wp-json\/wp\/v2\/media\/1138"}],"wp:attachment":[{"href":"https:\/\/mpenergy.vn\/en\/wp-json\/wp\/v2\/media?parent=1027"}],"wp:term":[{"taxonomy":"product_brand","embeddable":true,"href":"https:\/\/mpenergy.vn\/en\/wp-json\/wp\/v2\/product_brand?post=1027"},{"taxonomy":"product_cat","embeddable":true,"href":"https:\/\/mpenergy.vn\/en\/wp-json\/wp\/v2\/product_cat?post=1027"},{"taxonomy":"product_tag","embeddable":true,"href":"https:\/\/mpenergy.vn\/en\/wp-json\/wp\/v2\/product_tag?post=1027"}],"curies":[{"name":"wp","href":"https:\/\/api.w.org\/{rel}","templated":true}]}}