{"id":1033,"date":"2025-09-17T15:17:28","date_gmt":"2025-09-17T08:17:28","guid":{"rendered":"https:\/\/mpenergy.vn\/?post_type=product&#038;p=1033"},"modified":"2026-03-16T09:36:08","modified_gmt":"2026-03-16T02:36:08","slug":"bo-quan-ly-du-lieu-thong-minh-goodwe-sec3000c","status":"publish","type":"product","link":"https:\/\/mpenergy.vn\/en\/bo-quan-ly-du-lieu-thong-minh-goodwe-sec3000c\/","title":{"rendered":"B\u1ed9 Qu\u1ea3n L\u00fd D\u1eef Li\u1ec7u Th\u00f4ng Minh GoodWe | SEC3000C"},"content":{"rendered":"<h1 data-start=\"156\" data-end=\"215\"><strong data-start=\"158\" data-end=\"213\">B\u1ed9 Qu\u1ea3n L\u00fd D\u1eef Li\u1ec7u Th\u00f4ng Minh GoodWe SEC3000C<\/strong><\/h1>\r\n<h2 data-start=\"217\" data-end=\"240\"><strong data-start=\"217\" data-end=\"238\">Th\u00f4ng s\u1ed1 n\u1ed5i b\u1eadt:<\/strong><\/h2>\r\n<ul data-start=\"241\" data-end=\"1125\">\r\n \t<li data-start=\"241\" data-end=\"312\">\r\n<p data-start=\"243\" data-end=\"312\">H\u1ed7 tr\u1ee3 gi\u00e1m s\u00e1t t\u1eadp trung h\u1ec7 th\u1ed1ng \u0111i\u1ec7n m\u1eb7t tr\u1eddi (on-grid &amp; hybrid)<\/p>\r\n<\/li>\r\n \t<li data-start=\"313\" data-end=\"391\">\r\n<p data-start=\"315\" data-end=\"391\">K\u1ebft n\u1ed1i song song nhi\u1ec1u bi\u1ebfn t\u1ea7n GoodWe (RS485: t\u1ed1i \u0111a 60, LAN: t\u1ed1i \u0111a 10)<\/p>\r\n<\/li>\r\n \t<li data-start=\"392\" data-end=\"470\">\r\n<p data-start=\"394\" data-end=\"470\">T\u00edch h\u1ee3p <strong data-start=\"403\" data-end=\"451\">EzLogger3000C, c\u00f4ng t\u01a1 GM330, switch 15 c\u1ed5ng<\/strong> trong 1 thi\u1ebft b\u1ecb<\/p>\r\n<\/li>\r\n \t<li data-start=\"471\" data-end=\"541\">\r\n<p data-start=\"473\" data-end=\"541\">H\u1ed7 tr\u1ee3 <strong data-start=\"480\" data-end=\"539\">\u0111i\u1ec1u khi\u1ec3n m\u00e1y ph\u00e1t, t\u1ea3i th\u00f4ng minh, v\u1eadn h\u00e0nh microgrid<\/strong><\/p>\r\n<\/li>\r\n \t<li data-start=\"542\" data-end=\"611\">\r\n<p data-start=\"544\" data-end=\"611\">Giao ti\u1ebfp: <strong data-start=\"555\" data-end=\"609\">RS485 \u00d7 4, Ethernet \u00d7 2 (10\/100 Mbps), 4G t\u00f9y ch\u1ecdn<\/strong><\/p>\r\n<\/li>\r\n \t<li data-start=\"612\" data-end=\"668\">\r\n<p data-start=\"614\" data-end=\"668\">\u0110\u1ea7u v\u00e0o\/ra s\u1ed1 &amp; t\u01b0\u01a1ng t\u1ef1: <strong data-start=\"640\" data-end=\"666\">DI \u00d7 4, DO \u00d7 2, AI \u00d7 4<\/strong><\/p>\r\n<\/li>\r\n \t<li data-start=\"669\" data-end=\"746\">\r\n<p data-start=\"671\" data-end=\"746\">Ph\u1ea1m vi \u0111o \u0111i\u1ec7n \u00e1p: <strong data-start=\"691\" data-end=\"717\">172 ~ 817Vac (3L\/N\/PE)<\/strong> | <strong data-start=\"720\" data-end=\"744\">100 ~ 472Vac (3L\/PE)<\/strong><\/p>\r\n<\/li>\r\n \t<li data-start=\"747\" data-end=\"823\">\r\n<p data-start=\"749\" data-end=\"823\">Ph\u1ea1m vi t\u1ea7n s\u1ed1: <strong data-start=\"765\" data-end=\"776\">50\/60Hz<\/strong> | Ph\u1ea1m vi d\u00f2ng \u0111i\u1ec7n: <strong data-start=\"798\" data-end=\"821\">5A (200 \u2264 n \u2264 5000)<\/strong><\/p>\r\n<\/li>\r\n \t<li data-start=\"824\" data-end=\"885\">\r\n<p data-start=\"826\" data-end=\"885\">Ngu\u1ed3n c\u1ea5p: <strong data-start=\"837\" data-end=\"863\">100 ~ 240V AC, 50\/60Hz<\/strong>, ti\u00eau th\u1ee5 \u0111i\u1ec7n \u226425W<\/p>\r\n<\/li>\r\n \t<li data-start=\"886\" data-end=\"935\">\r\n<p data-start=\"888\" data-end=\"935\">V\u1ecf b\u1ea3o v\u1ec7: <strong data-start=\"899\" data-end=\"907\">IP65<\/strong>, ch\u1ed1ng \u0103n m\u00f2n c\u1ea5p <strong data-start=\"926\" data-end=\"933\">C5M<\/strong><\/p>\r\n<\/li>\r\n \t<li data-start=\"936\" data-end=\"999\">\r\n<p data-start=\"938\" data-end=\"999\">K\u00edch th\u01b0\u1edbc: <strong data-start=\"950\" data-end=\"972\">575 \u00d7 400 \u00d7 242 mm<\/strong>, Tr\u1ecdng l\u01b0\u1ee3ng: <strong data-start=\"987\" data-end=\"997\">\u226414 kg<\/strong><\/p>\r\n<\/li>\r\n \t<li data-start=\"1000\" data-end=\"1064\">\r\n<p data-start=\"1002\" data-end=\"1064\">Nhi\u1ec7t \u0111\u1ed9 v\u1eadn h\u00e0nh: <strong data-start=\"1021\" data-end=\"1036\">-30 ~ +60\u00b0C<\/strong>, \u0111\u1ed9 cao t\u1ed1i \u0111a: <strong data-start=\"1053\" data-end=\"1062\">3000m<\/strong><\/p>\r\n<\/li>\r\n \t<li data-start=\"1065\" data-end=\"1125\">\r\n<p data-start=\"1067\" data-end=\"1125\">Ph\u01b0\u01a1ng ph\u00e1p l\u1eafp \u0111\u1eb7t: <strong data-start=\"1088\" data-end=\"1123\">treo t\u01b0\u1eddng, g\u1eafn gi\u00e1 \u0111\u1ee1, g\u1eafn c\u1ed9t<\/strong><\/p>\r\n<\/li>\r\n<\/ul>\r\n<h2 data-start=\"1127\" data-end=\"1142\"><strong data-start=\"1127\" data-end=\"1140\">B\u1ea3o h\u00e0nh:<\/strong><\/h2>\r\n<ul data-start=\"1143\" data-end=\"1193\">\r\n \t<li data-start=\"1143\" data-end=\"1193\">\r\n<p data-start=\"1145\" data-end=\"1193\">5 n\u0103m (t\u00f9y th\u1ecb tr\u01b0\u1eddng v\u00e0 ch\u00ednh s\u00e1ch ph\u00e2n ph\u1ed1i)<\/p>\r\n<\/li>\r\n<\/ul>\r\n<h2 data-start=\"1195\" data-end=\"1218\"><strong data-start=\"1195\" data-end=\"1216\">\u1ee8ng d\u1ee5ng ph\u00f9 h\u1ee3p:<\/strong><\/h2>\r\n<ul data-start=\"1219\" data-end=\"1559\">\r\n \t<li data-start=\"1219\" data-end=\"1300\">\r\n<p data-start=\"1221\" data-end=\"1300\">Gi\u1ea3i ph\u00e1p qu\u1ea3n l\u00fd n\u0103ng l\u01b0\u1ee3ng th\u00f4ng minh cho h\u1ec7 th\u1ed1ng \u0111i\u1ec7n m\u1eb7t tr\u1eddi quy m\u00f4 l\u1edbn<\/p>\r\n<\/li>\r\n \t<li data-start=\"1301\" data-end=\"1382\">\r\n<p data-start=\"1303\" data-end=\"1382\">C\u00e1c d\u1ef1 \u00e1n EPC, nh\u00e0 m\u00e1y, khu c\u00f4ng nghi\u1ec7p c\u1ea7n gi\u00e1m s\u00e1t t\u1eadp trung nhi\u1ec1u bi\u1ebfn t\u1ea7n<\/p>\r\n<\/li>\r\n \t<li data-start=\"1383\" data-end=\"1464\">\r\n<p data-start=\"1385\" data-end=\"1464\">H\u1ec7 th\u1ed1ng hybrid + on-grid k\u1ebft h\u1ee3p, y\u00eau c\u1ea7u \u0111i\u1ec1u khi\u1ec3n t\u1ea3i\/m\u00e1y ph\u00e1t th\u00f4ng minh<\/p>\r\n<\/li>\r\n \t<li data-start=\"1465\" data-end=\"1559\">\r\n<p data-start=\"1467\" data-end=\"1559\">Microgrid c\u1ea7n gi\u1ea3i ph\u00e1p \u0111i\u1ec1u ph\u1ed1i n\u0103ng l\u01b0\u1ee3ng \u1ed5n \u0111\u1ecbnh, gi\u1ea3m chi ph\u00ed \u0111\u1ea7u t\u01b0 thi\u1ebft b\u1ecb ph\u1ee5 tr\u1ee3<\/p>\r\n<\/li>\r\n<\/ul>","protected":false},"excerpt":{"rendered":"<p data-start=\"808\" data-end=\"1121\"><strong data-start=\"808\" data-end=\"859\">GoodWe SEC3000C \u2013 B\u1ed9 qu\u1ea3n l\u00fd d\u1eef li\u1ec7u th\u00f4ng minh<\/strong> \u0111\u01b0\u1ee3c thi\u1ebft k\u1ebf \u0111\u1ec3 <strong data-start=\"877\" data-end=\"920\">gi\u00e1m s\u00e1t t\u1eadp trung v\u00e0 qu\u1ea3n l\u00fd song song<\/strong> c\u00e1c h\u1ec7 th\u1ed1ng \u0111i\u1ec7n m\u1eb7t tr\u1eddi hybrid v\u00e0 on-grid. Thi\u1ebft b\u1ecb h\u1ed7 tr\u1ee3 k\u1ebft n\u1ed1i t\u1ed1i \u0111a <strong data-start=\"998\" data-end=\"1023\">60 bi\u1ebfn t\u1ea7n qua RS485<\/strong> v\u00e0 <strong data-start=\"1027\" data-end=\"1050\">10 bi\u1ebfn t\u1ea7n qua LAN<\/strong>, \u0111\u00e1p \u1ee9ng y\u00eau c\u1ea7u cho c\u00e1c d\u1ef1 \u00e1n th\u01b0\u01a1ng m\u1ea1i v\u00e0 c\u00f4ng nghi\u1ec7p quy m\u00f4 l\u1edbn.<\/p>\r\n<p data-start=\"1123\" data-end=\"1434\">V\u1edbi vi\u1ec7c t\u00edch h\u1ee3p s\u1eb5n <strong data-start=\"1145\" data-end=\"1195\">EzLogger3000C, c\u00f4ng t\u01a1 GM330 v\u00e0 switch 15 c\u1ed5ng<\/strong>, SEC3000C gi\u00fap gi\u1ea3m thi\u1ec3u chi ph\u00ed thi\u1ebft b\u1ecb ph\u1ee5 tr\u1ee3 v\u00e0 \u0111\u01a1n gi\u1ea3n h\u00f3a qu\u00e1 tr\u00ecnh l\u1eafp \u0111\u1eb7t. Ngo\u00e0i ra, thi\u1ebft b\u1ecb c\u00f2n h\u1ed7 tr\u1ee3 <strong data-start=\"1312\" data-end=\"1364\">\u0111i\u1ec1u khi\u1ec3n m\u00e1y ph\u00e1t, t\u1ea3i th\u00f4ng minh v\u00e0 microgrid<\/strong>, mang l\u1ea1i kh\u1ea3 n\u0103ng qu\u1ea3n l\u00fd linh ho\u1ea1t v\u00e0 t\u1ed1i \u01b0u hi\u1ec7u qu\u1ea3 n\u0103ng l\u01b0\u1ee3ng.<\/p>\r\n<p data-start=\"1436\" data-end=\"1777\">Thi\u1ebft k\u1ebf \u0111\u1ea1t chu\u1ea9n <strong data-start=\"1455\" data-end=\"1485\">IP65, ch\u1ed1ng \u0103n m\u00f2n c\u1ea5p C5M<\/strong>, \u0111\u1ea3m b\u1ea3o v\u1eadn h\u00e0nh \u1ed5n \u0111\u1ecbnh trong \u0111i\u1ec1u ki\u1ec7n kh\u1eafc nghi\u1ec7t t\u1eeb -30\u00b0C \u0111\u1ebfn +60\u00b0C. V\u1edbi kh\u1ea3 n\u0103ng ph\u00e2n t\u00edch d\u1eef li\u1ec7u ch\u00ednh x\u00e1c v\u00e0 gi\u00e1m s\u00e1t th\u1eddi gian th\u1ef1c, <strong data-start=\"1629\" data-end=\"1648\">GoodWe SEC3000C<\/strong> l\u00e0 gi\u1ea3i ph\u00e1p l\u00fd t\u01b0\u1edfng cho <strong data-start=\"1675\" data-end=\"1720\">nh\u00e0 m\u00e1y, khu c\u00f4ng nghi\u1ec7p v\u00e0 c\u00e1c d\u1ef1 \u00e1n EPC<\/strong> c\u1ea7n qu\u1ea3n l\u00fd n\u0103ng l\u01b0\u1ee3ng an to\u00e0n, hi\u1ec7u qu\u1ea3 v\u00e0 ti\u1ebft ki\u1ec7m.<\/p>","protected":false},"featured_media":1174,"comment_status":"open","ping_status":"closed","template":"","meta":{"_acf_changed":false},"product_brand":[40],"product_cat":[25],"product_tag":[],"class_list":{"0":"post-1033","1":"product","2":"type-product","3":"status-publish","4":"has-post-thumbnail","6":"product_brand-goodwe","7":"product_cat-phu-kien","9":"first","10":"instock","11":"shipping-taxable","12":"product-type-simple"},"acf":[],"_links":{"self":[{"href":"https:\/\/mpenergy.vn\/en\/wp-json\/wp\/v2\/product\/1033","targetHints":{"allow":["GET"]}}],"collection":[{"href":"https:\/\/mpenergy.vn\/en\/wp-json\/wp\/v2\/product"}],"about":[{"href":"https:\/\/mpenergy.vn\/en\/wp-json\/wp\/v2\/types\/product"}],"replies":[{"embeddable":true,"href":"https:\/\/mpenergy.vn\/en\/wp-json\/wp\/v2\/comments?post=1033"}],"wp:featuredmedia":[{"embeddable":true,"href":"https:\/\/mpenergy.vn\/en\/wp-json\/wp\/v2\/media\/1174"}],"wp:attachment":[{"href":"https:\/\/mpenergy.vn\/en\/wp-json\/wp\/v2\/media?parent=1033"}],"wp:term":[{"taxonomy":"product_brand","embeddable":true,"href":"https:\/\/mpenergy.vn\/en\/wp-json\/wp\/v2\/product_brand?post=1033"},{"taxonomy":"product_cat","embeddable":true,"href":"https:\/\/mpenergy.vn\/en\/wp-json\/wp\/v2\/product_cat?post=1033"},{"taxonomy":"product_tag","embeddable":true,"href":"https:\/\/mpenergy.vn\/en\/wp-json\/wp\/v2\/product_tag?post=1033"}],"curies":[{"name":"wp","href":"https:\/\/api.w.org\/{rel}","templated":true}]}}