{"id":1196,"date":"2025-10-16T09:44:37","date_gmt":"2025-10-16T02:44:37","guid":{"rendered":"https:\/\/mpenergy.vn\/?post_type=product&#038;p=1196"},"modified":"2026-03-14T08:06:29","modified_gmt":"2026-03-14T01:06:29","slug":"dong-ho-3-pha-thong-minh-goodwe-smart-meter-gm330","status":"publish","type":"product","link":"https:\/\/mpenergy.vn\/en\/dong-ho-3-pha-thong-minh-goodwe-smart-meter-gm330\/","title":{"rendered":"\u0110\u1ed3ng H\u1ed3 3 Pha Th\u00f4ng Minh GoodWe Smart Meter | GM330"},"content":{"rendered":"<h2 data-start=\"208\" data-end=\"231\"><strong data-start=\"208\" data-end=\"229\">Th\u00f4ng s\u1ed1 n\u1ed5i b\u1eadt:<\/strong><\/h2>\r\n<ul data-start=\"232\" data-end=\"1068\">\r\n \t<li data-start=\"232\" data-end=\"291\">\r\n<p data-start=\"234\" data-end=\"291\">H\u1ed7 tr\u1ee3 h\u1ec7 th\u1ed1ng <strong data-start=\"250\" data-end=\"289\">3 pha, 2 pha (split-phase) v\u00e0 1 pha<\/strong><\/p>\r\n<\/li>\r\n \t<li data-start=\"292\" data-end=\"349\">\r\n<p data-start=\"294\" data-end=\"349\"><strong data-start=\"294\" data-end=\"314\">D\u1ea3i \u0111i\u1ec7n \u00e1p L\u2013L:<\/strong> 172 ~ 817V | <strong data-start=\"328\" data-end=\"336\">L\u2013N:<\/strong> 100 ~ 472V<\/p>\r\n<\/li>\r\n \t<li data-start=\"350\" data-end=\"380\">\r\n<p data-start=\"352\" data-end=\"380\"><strong data-start=\"352\" data-end=\"368\">T\u1ea7n s\u1ed1 l\u01b0\u1edbi:<\/strong> 50 \/ 60Hz<\/p>\r\n<\/li>\r\n \t<li data-start=\"381\" data-end=\"436\">\r\n<p data-start=\"383\" data-end=\"436\"><strong data-start=\"383\" data-end=\"405\">D\u00f2ng \u0111i\u1ec7n \u0111\u1ea7u v\u00e0o:<\/strong> qua CT (bi\u1ebfn d\u00f2ng) <strong data-start=\"425\" data-end=\"434\">nA:5A<\/strong><\/p>\r\n<\/li>\r\n \t<li data-start=\"437\" data-end=\"569\">\r\n<p data-start=\"439\" data-end=\"458\"><strong data-start=\"439\" data-end=\"456\">\u0110\u1ed9 ch\u00ednh x\u00e1c:<\/strong><\/p>\r\n\r\n<ul data-start=\"461\" data-end=\"569\">\r\n \t<li data-start=\"461\" data-end=\"495\">\r\n<p data-start=\"463\" data-end=\"495\">\u0110i\u1ec7n \u00e1p \/ D\u00f2ng \u0111i\u1ec7n: Class 0.5<\/p>\r\n<\/li>\r\n \t<li data-start=\"498\" data-end=\"532\">\r\n<p data-start=\"500\" data-end=\"532\">N\u0103ng l\u01b0\u1ee3ng t\u00e1c d\u1ee5ng: Class 0.5<\/p>\r\n<\/li>\r\n \t<li data-start=\"535\" data-end=\"569\">\r\n<p data-start=\"537\" data-end=\"569\">N\u0103ng l\u01b0\u1ee3ng ph\u1ea3n kh\u00e1ng: Class 1<\/p>\r\n<\/li>\r\n<\/ul>\r\n<\/li>\r\n \t<li data-start=\"570\" data-end=\"627\">\r\n<p data-start=\"572\" data-end=\"627\"><strong data-start=\"572\" data-end=\"589\">Truy\u1ec1n th\u00f4ng:<\/strong> RS485, kho\u1ea3ng c\u00e1ch t\u1ed1i \u0111a <strong data-start=\"616\" data-end=\"625\">1000m<\/strong><\/p>\r\n<\/li>\r\n \t<li data-start=\"628\" data-end=\"659\">\r\n<p data-start=\"630\" data-end=\"659\"><strong data-start=\"630\" data-end=\"653\">C\u00f4ng su\u1ea5t ti\u00eau th\u1ee5:<\/strong> &lt;5W<\/p>\r\n<\/li>\r\n \t<li data-start=\"660\" data-end=\"838\">\r\n<p data-start=\"662\" data-end=\"678\"><strong data-start=\"662\" data-end=\"676\">Ch\u1ee9c n\u0103ng:<\/strong><\/p>\r\n\r\n<ul data-start=\"681\" data-end=\"838\">\r\n \t<li data-start=\"681\" data-end=\"734\">\r\n<p data-start=\"683\" data-end=\"734\">Gi\u1edbi h\u1ea1n c\u00f4ng su\u1ea5t xu\u1ea5t l\u01b0\u1edbi (Export Power Limit)<\/p>\r\n<\/li>\r\n \t<li data-start=\"737\" data-end=\"775\">\r\n<p data-start=\"739\" data-end=\"775\">Gi\u00e1m s\u00e1t ph\u1ee5 t\u1ea3i (Load Monitoring)<\/p>\r\n<\/li>\r\n \t<li data-start=\"778\" data-end=\"838\">\r\n<p data-start=\"780\" data-end=\"838\">H\u1ed7 tr\u1ee3 <strong data-start=\"787\" data-end=\"803\">zero-feed-in<\/strong> &amp; \u0111i\u1ec1u khi\u1ec3n s\u1ea1c inverter hybrid<\/p>\r\n<\/li>\r\n<\/ul>\r\n<\/li>\r\n \t<li data-start=\"839\" data-end=\"897\">\r\n<p data-start=\"841\" data-end=\"897\"><strong data-start=\"841\" data-end=\"856\">K\u00edch th\u01b0\u1edbc:<\/strong> 72 \u00d7 85 \u00d7 72 mm | <strong data-start=\"875\" data-end=\"890\">Kh\u1ed1i l\u01b0\u1ee3ng:<\/strong> 240g<\/p>\r\n<\/li>\r\n \t<li data-start=\"898\" data-end=\"936\">\r\n<p data-start=\"900\" data-end=\"936\"><strong data-start=\"900\" data-end=\"912\">L\u1eafp \u0111\u1eb7t:<\/strong> Din rail, v\u1ecf 4 module<\/p>\r\n<\/li>\r\n \t<li data-start=\"937\" data-end=\"957\">\r\n<p data-start=\"939\" data-end=\"957\"><strong data-start=\"939\" data-end=\"950\">B\u1ea3o v\u1ec7:<\/strong> IP20<\/p>\r\n<\/li>\r\n \t<li data-start=\"958\" data-end=\"999\">\r\n<p data-start=\"960\" data-end=\"999\"><strong data-start=\"960\" data-end=\"983\">Nhi\u1ec7t \u0111\u1ed9 ho\u1ea1t \u0111\u1ed9ng:<\/strong> -30\u00b0C ~ +70\u00b0C<\/p>\r\n<\/li>\r\n \t<li data-start=\"1000\" data-end=\"1039\">\r\n<p data-start=\"1002\" data-end=\"1039\"><strong data-start=\"1002\" data-end=\"1012\">\u0110\u1ed9 \u1ea9m:<\/strong> 0 \u2013 95% (kh\u00f4ng ng\u01b0ng t\u1ee5)<\/p>\r\n<\/li>\r\n \t<li data-start=\"1040\" data-end=\"1068\">\r\n<p data-start=\"1042\" data-end=\"1068\"><strong data-start=\"1042\" data-end=\"1060\">\u0110\u1ed9 cao t\u1ed1i \u0111a:<\/strong> 3000m<\/p>\r\n<\/li>\r\n<\/ul>\r\n<h2 data-start=\"1070\" data-end=\"1085\"><strong data-start=\"1070\" data-end=\"1083\">B\u1ea3o h\u00e0nh:<\/strong><\/h2>\r\n<ul data-start=\"1086\" data-end=\"1126\">\r\n \t<li data-start=\"1086\" data-end=\"1126\">\r\n<p data-start=\"1088\" data-end=\"1126\">2 n\u0103m (t\u00f9y ch\u00ednh s\u00e1ch ph\u00e2n ph\u1ed1i)<\/p>\r\n<\/li>\r\n<\/ul>\r\n<h2 data-start=\"1128\" data-end=\"1151\"><strong data-start=\"1128\" data-end=\"1149\">\u1ee8ng d\u1ee5ng ph\u00f9 h\u1ee3p:<\/strong><\/h2>\r\n<ul data-start=\"1152\" data-end=\"1423\">\r\n \t<li data-start=\"1152\" data-end=\"1214\">\r\n<p data-start=\"1154\" data-end=\"1214\">H\u1ec7 th\u1ed1ng \u0111i\u1ec7n m\u1eb7t tr\u1eddi d\u00e2n d\u1ee5ng, th\u01b0\u01a1ng m\u1ea1i v\u00e0 c\u00f4ng nghi\u1ec7p<\/p>\r\n<\/li>\r\n \t<li data-start=\"1215\" data-end=\"1288\">\r\n<p data-start=\"1217\" data-end=\"1288\">D\u1ef1 \u00e1n EPC y\u00eau c\u1ea7u gi\u00e1m s\u00e1t d\u00f2ng \u0111i\u1ec7n v\u00e0 c\u00f4ng su\u1ea5t xu\u1ea5t l\u01b0\u1edbi ch\u00ednh x\u00e1c<\/p>\r\n<\/li>\r\n \t<li data-start=\"1289\" data-end=\"1356\">\r\n<p data-start=\"1291\" data-end=\"1356\">Gi\u1ea3i ph\u00e1p qu\u1ea3n l\u00fd n\u0103ng l\u01b0\u1ee3ng v\u00e0 b\u1ea3o v\u1ec7 h\u1ec7 th\u1ed1ng inverter hybrid<\/p>\r\n<\/li>\r\n \t<li data-start=\"1357\" data-end=\"1423\">\r\n<p data-start=\"1359\" data-end=\"1423\">T\u00edch h\u1ee3p v\u1edbi <strong data-start=\"1372\" data-end=\"1399\"><a href=\"https:\/\/mpenergy.vn\/en\/bo-quan-ly-du-lieu-thong-minh-goodwe-sec3000c\/\">SEC3000C<\/a>, <a href=\"https:\/\/mpenergy.vn\/en\/bo-giam-sat-thu-thap-du-lieu-dien-nang-goodwe-ezlogger3000c\/\">EzLogger3000C<\/a><\/strong> trong h\u1ec7 th\u1ed1ng GoodWe<\/p>\r\n<\/li>\r\n<\/ul>","protected":false},"excerpt":{"rendered":"<p data-start=\"820\" data-end=\"1139\"><strong data-start=\"820\" data-end=\"861\">\u0110\u1ed3ng h\u1ed3 3 pha th\u00f4ng minh GoodWe GM330<\/strong> l\u00e0 thi\u1ebft b\u1ecb \u0111o \u0111i\u1ec7n n\u0103ng ch\u00ednh x\u00e1c cao, \u0111\u01b0\u1ee3c thi\u1ebft k\u1ebf chuy\u00ean d\u1ee5ng cho h\u1ec7 th\u1ed1ng \u0111i\u1ec7n m\u1eb7t tr\u1eddi d\u00e2n d\u1ee5ng, th\u01b0\u01a1ng m\u1ea1i v\u00e0 c\u00f4ng nghi\u1ec7p. V\u1edbi <strong data-start=\"996\" data-end=\"1022\">\u0111\u1ed9 ch\u00ednh x\u00e1c Class 0.5<\/strong>, thi\u1ebft b\u1ecb gi\u00fap theo d\u00f5i v\u00e0 qu\u1ea3n l\u00fd d\u00f2ng \u0111i\u1ec7n, \u0111i\u1ec7n \u00e1p, c\u00f4ng su\u1ea5t ti\u00eau th\u1ee5 v\u00e0 c\u00f4ng su\u1ea5t h\u00f2a l\u01b0\u1edbi m\u1ed9t c\u00e1ch hi\u1ec7u qu\u1ea3.<\/p>\r\n<p data-start=\"1141\" data-end=\"1440\">GM330 h\u1ed7 tr\u1ee3 <strong data-start=\"1154\" data-end=\"1163\">RS485<\/strong> v\u1edbi ph\u1ea1m vi truy\u1ec1n t\u1ed1i \u0111a <strong data-start=\"1190\" data-end=\"1199\">1000m<\/strong>, \u0111\u1ea3m b\u1ea3o k\u1ebft n\u1ed1i \u1ed5n \u0111\u1ecbnh v\u1edbi bi\u1ebfn t\u1ea7n GoodWe v\u00e0 c\u00e1c thi\u1ebft b\u1ecb qu\u1ea3n l\u00fd n\u0103ng l\u01b0\u1ee3ng kh\u00e1c. T\u00edch h\u1ee3p c\u00e1c t\u00ednh n\u0103ng <strong data-start=\"1309\" data-end=\"1375\">zero feed-in, gi\u1edbi h\u1ea1n c\u00f4ng su\u1ea5t h\u00f2a l\u01b0\u1edbi (Export Power Limit)<\/strong> v\u00e0 <strong data-start=\"1379\" data-end=\"1395\">gi\u00e1m s\u00e1t t\u1ea3i<\/strong>, gi\u00fap t\u1ed1i \u01b0u hi\u1ec7u su\u1ea5t v\u00e0 b\u1ea3o v\u1ec7 h\u1ec7 th\u1ed1ng.<\/p>\r\n<p data-start=\"1442\" data-end=\"1778\">Thi\u1ebft k\u1ebf nh\u1ecf g\u1ecdn theo chu\u1ea9n <strong data-start=\"1470\" data-end=\"1491\">DIN rail 4 module<\/strong>, ti\u00eau th\u1ee5 \u0111i\u1ec7n n\u0103ng th\u1ea5p (&lt;5W) v\u00e0 v\u1eadn h\u00e0nh b\u1ec1n b\u1ec9 trong m\u00f4i tr\u01b0\u1eddng kh\u1eafc nghi\u1ec7t t\u1eeb <strong data-start=\"1574\" data-end=\"1593\">-30\u00b0C \u0111\u1ebfn +70\u00b0C<\/strong>. <strong data-start=\"1595\" data-end=\"1630\">\u0110\u1ed3ng h\u1ed3 th\u00f4ng minh GoodWe GM330<\/strong> l\u00e0 l\u1ef1a ch\u1ecdn l\u00fd t\u01b0\u1edfng cho <strong data-start=\"1656\" data-end=\"1700\">nh\u00e0 m\u00e1y, t\u00f2a nh\u00e0 th\u01b0\u01a1ng m\u1ea1i v\u00e0 d\u1ef1 \u00e1n EPC<\/strong> c\u1ea7n gi\u1ea3i ph\u00e1p \u0111o l\u01b0\u1eddng v\u00e0 qu\u1ea3n l\u00fd \u0111i\u1ec7n n\u0103ng hi\u1ec7n \u0111\u1ea1i, ch\u00ednh x\u00e1c v\u00e0 an to\u00e0n.<\/p>","protected":false},"featured_media":1200,"comment_status":"open","ping_status":"closed","template":"","meta":{"_acf_changed":false},"product_brand":[40],"product_cat":[25],"product_tag":[],"class_list":{"0":"post-1196","1":"product","2":"type-product","3":"status-publish","4":"has-post-thumbnail","6":"product_brand-goodwe","7":"product_cat-phu-kien","9":"first","10":"instock","11":"shipping-taxable","12":"product-type-simple"},"acf":[],"_links":{"self":[{"href":"https:\/\/mpenergy.vn\/en\/wp-json\/wp\/v2\/product\/1196","targetHints":{"allow":["GET"]}}],"collection":[{"href":"https:\/\/mpenergy.vn\/en\/wp-json\/wp\/v2\/product"}],"about":[{"href":"https:\/\/mpenergy.vn\/en\/wp-json\/wp\/v2\/types\/product"}],"replies":[{"embeddable":true,"href":"https:\/\/mpenergy.vn\/en\/wp-json\/wp\/v2\/comments?post=1196"}],"wp:featuredmedia":[{"embeddable":true,"href":"https:\/\/mpenergy.vn\/en\/wp-json\/wp\/v2\/media\/1200"}],"wp:attachment":[{"href":"https:\/\/mpenergy.vn\/en\/wp-json\/wp\/v2\/media?parent=1196"}],"wp:term":[{"taxonomy":"product_brand","embeddable":true,"href":"https:\/\/mpenergy.vn\/en\/wp-json\/wp\/v2\/product_brand?post=1196"},{"taxonomy":"product_cat","embeddable":true,"href":"https:\/\/mpenergy.vn\/en\/wp-json\/wp\/v2\/product_cat?post=1196"},{"taxonomy":"product_tag","embeddable":true,"href":"https:\/\/mpenergy.vn\/en\/wp-json\/wp\/v2\/product_tag?post=1196"}],"curies":[{"name":"wp","href":"https:\/\/api.w.org\/{rel}","templated":true}]}}