{"id":1202,"date":"2025-10-16T09:54:30","date_gmt":"2025-10-16T02:54:30","guid":{"rendered":"https:\/\/mpenergy.vn\/?post_type=product&#038;p=1202"},"modified":"2026-03-14T08:08:56","modified_gmt":"2026-03-14T01:08:56","slug":"dong-ho-3-pha-thong-minh-goodwe-smart-meter-gmk330","status":"publish","type":"product","link":"https:\/\/mpenergy.vn\/en\/dong-ho-3-pha-thong-minh-goodwe-smart-meter-gmk330\/","title":{"rendered":"\u0110\u1ed3ng H\u1ed3 3 Pha Th\u00f4ng Minh GoodWe Smart Meter | GMK330"},"content":{"rendered":"<h2 data-start=\"196\" data-end=\"219\"><strong data-start=\"196\" data-end=\"217\">Th\u00f4ng s\u1ed1 n\u1ed5i b\u1eadt:<\/strong><\/h2>\r\n<ul data-start=\"220\" data-end=\"995\">\r\n \t<li data-start=\"220\" data-end=\"282\">\r\n<p data-start=\"222\" data-end=\"282\"><strong data-start=\"222\" data-end=\"246\">Lo\u1ea1i \u0111i\u1ec7n \u00e1p h\u1ed7 tr\u1ee3:<\/strong> 3 pha, 2 pha (split-phase), 1 pha<\/p>\r\n<\/li>\r\n \t<li data-start=\"283\" data-end=\"319\">\r\n<p data-start=\"285\" data-end=\"319\"><strong data-start=\"285\" data-end=\"305\">D\u1ea3i \u0111i\u1ec7n \u00e1p L\u2013L:<\/strong> 156 \u2013 457 V<\/p>\r\n<\/li>\r\n \t<li data-start=\"320\" data-end=\"355\">\r\n<p data-start=\"322\" data-end=\"355\"><strong data-start=\"322\" data-end=\"342\">D\u1ea3i \u0111i\u1ec7n \u00e1p L\u2013N:<\/strong> 90 \u2013 264 V<\/p>\r\n<\/li>\r\n \t<li data-start=\"356\" data-end=\"392\">\r\n<p data-start=\"358\" data-end=\"392\"><strong data-start=\"358\" data-end=\"379\">T\u1ea7n s\u1ed1 danh \u0111\u1ecbnh:<\/strong> 50 \/ 60 Hz<\/p>\r\n<\/li>\r\n \t<li data-start=\"393\" data-end=\"450\">\r\n<p data-start=\"395\" data-end=\"450\"><strong data-start=\"395\" data-end=\"416\">Bi\u1ebfn d\u00f2ng \u0111i k\u00e8m:<\/strong> 3 CTs (200A: 50mA \/ 120A: 40mA)<\/p>\r\n<\/li>\r\n \t<li data-start=\"451\" data-end=\"473\">\r\n<p data-start=\"453\" data-end=\"473\"><strong data-start=\"453\" data-end=\"469\">S\u1ed1 l\u01b0\u1ee3ng CT:<\/strong> 3<\/p>\r\n<\/li>\r\n \t<li data-start=\"474\" data-end=\"606\">\r\n<p data-start=\"476\" data-end=\"495\"><strong data-start=\"476\" data-end=\"493\">\u0110\u1ed9 ch\u00ednh x\u00e1c:<\/strong><\/p>\r\n\r\n<ul data-start=\"498\" data-end=\"606\">\r\n \t<li data-start=\"498\" data-end=\"532\">\r\n<p data-start=\"500\" data-end=\"532\">\u0110i\u1ec7n \u00e1p \/ D\u00f2ng \u0111i\u1ec7n: Class 0.5<\/p>\r\n<\/li>\r\n \t<li data-start=\"535\" data-end=\"569\">\r\n<p data-start=\"537\" data-end=\"569\">N\u0103ng l\u01b0\u1ee3ng t\u00e1c d\u1ee5ng: Class 0.5<\/p>\r\n<\/li>\r\n \t<li data-start=\"572\" data-end=\"606\">\r\n<p data-start=\"574\" data-end=\"606\">N\u0103ng l\u01b0\u1ee3ng ph\u1ea3n kh\u00e1ng: Class 1<\/p>\r\n<\/li>\r\n<\/ul>\r\n<\/li>\r\n \t<li data-start=\"607\" data-end=\"664\">\r\n<p data-start=\"609\" data-end=\"664\"><strong data-start=\"609\" data-end=\"623\">Giao ti\u1ebfp:<\/strong> RS485, kho\u1ea3ng c\u00e1ch truy\u1ec1n t\u1ed1i \u0111a 1000m<\/p>\r\n<\/li>\r\n \t<li data-start=\"665\" data-end=\"696\">\r\n<p data-start=\"667\" data-end=\"696\"><strong data-start=\"667\" data-end=\"690\">Ti\u00eau th\u1ee5 \u0111i\u1ec7n n\u0103ng:<\/strong> &lt;5W<\/p>\r\n<\/li>\r\n \t<li data-start=\"697\" data-end=\"747\">\r\n<p data-start=\"699\" data-end=\"747\"><strong data-start=\"699\" data-end=\"724\">Giao di\u1ec7n ng\u01b0\u1eddi d\u00f9ng:<\/strong> 4 \u0111\u00e8n LED, n\u00fat Reset<\/p>\r\n<\/li>\r\n \t<li data-start=\"748\" data-end=\"772\">\r\n<p data-start=\"750\" data-end=\"772\"><strong data-start=\"750\" data-end=\"765\">C\u1ea5p b\u1ea3o v\u1ec7:<\/strong> IP20<\/p>\r\n<\/li>\r\n \t<li data-start=\"773\" data-end=\"814\">\r\n<p data-start=\"775\" data-end=\"814\"><strong data-start=\"775\" data-end=\"798\">Nhi\u1ec7t \u0111\u1ed9 ho\u1ea1t \u0111\u1ed9ng:<\/strong> -30\u00b0C ~ +70\u00b0C<\/p>\r\n<\/li>\r\n \t<li data-start=\"815\" data-end=\"864\">\r\n<p data-start=\"817\" data-end=\"864\"><strong data-start=\"817\" data-end=\"837\">\u0110\u1ed9 \u1ea9m ho\u1ea1t \u0111\u1ed9ng:<\/strong> 0 ~ 95% (kh\u00f4ng ng\u01b0ng t\u1ee5)<\/p>\r\n<\/li>\r\n \t<li data-start=\"865\" data-end=\"893\">\r\n<p data-start=\"867\" data-end=\"893\"><strong data-start=\"867\" data-end=\"885\">\u0110\u1ed9 cao t\u1ed1i \u0111a:<\/strong> 3000m<\/p>\r\n<\/li>\r\n \t<li data-start=\"894\" data-end=\"929\">\r\n<p data-start=\"896\" data-end=\"929\"><strong data-start=\"896\" data-end=\"911\">K\u00edch th\u01b0\u1edbc:<\/strong> 72 \u00d7 85 \u00d7 72 mm<\/p>\r\n<\/li>\r\n \t<li data-start=\"930\" data-end=\"956\">\r\n<p data-start=\"932\" data-end=\"956\"><strong data-start=\"932\" data-end=\"948\">Tr\u1ecdng l\u01b0\u1ee3ng:<\/strong> 240 g<\/p>\r\n<\/li>\r\n \t<li data-start=\"957\" data-end=\"995\">\r\n<p data-start=\"959\" data-end=\"995\"><strong data-start=\"959\" data-end=\"971\">L\u1eafp \u0111\u1eb7t:<\/strong> Din rail, v\u1ecf 4 module<\/p>\r\n<\/li>\r\n<\/ul>\r\n<h2 data-start=\"997\" data-end=\"1012\"><strong data-start=\"997\" data-end=\"1010\">B\u1ea3o h\u00e0nh:<\/strong><\/h2>\r\n<ul data-start=\"1013\" data-end=\"1066\">\r\n \t<li data-start=\"1013\" data-end=\"1066\">\r\n<p data-start=\"1015\" data-end=\"1066\">2 n\u0103m (t\u00f9y th\u1ecb tr\u01b0\u1eddng &amp; ch\u00ednh s\u00e1ch ph\u00e2n ph\u1ed1i)<\/p>\r\n<\/li>\r\n<\/ul>\r\n<h2 data-start=\"1068\" data-end=\"1091\"><strong data-start=\"1068\" data-end=\"1089\">\u1ee8ng d\u1ee5ng ph\u00f9 h\u1ee3p:<\/strong><\/h2>\r\n<ul data-start=\"1092\" data-end=\"1357\">\r\n \t<li data-start=\"1092\" data-end=\"1152\">\r\n<p data-start=\"1094\" data-end=\"1152\">H\u1ec7 th\u1ed1ng \u0111i\u1ec7n m\u1eb7t tr\u1eddi d\u00e2n d\u1ee5ng v\u00e0 th\u01b0\u01a1ng m\u1ea1i c\u00f3 t\u1ea3i l\u1edbn<\/p>\r\n<\/li>\r\n \t<li data-start=\"1153\" data-end=\"1220\">\r\n<p data-start=\"1155\" data-end=\"1220\">D\u1ef1 \u00e1n EPC c\u1ea7n gi\u00e1m s\u00e1t \u0111i\u1ec7n n\u0103ng ch\u00ednh x\u00e1c v\u00e0 ti\u1ebft ki\u1ec7m chi ph\u00ed<\/p>\r\n<\/li>\r\n \t<li data-start=\"1221\" data-end=\"1292\">\r\n<p data-start=\"1223\" data-end=\"1292\">\u1ee8ng d\u1ee5ng <strong data-start=\"1232\" data-end=\"1248\">zero feed-in<\/strong> v\u00e0 <strong data-start=\"1252\" data-end=\"1290\">\u0111i\u1ec1u khi\u1ec3n s\u1ea1c cho bi\u1ebfn t\u1ea7n hybrid<\/strong><\/p>\r\n<\/li>\r\n \t<li data-start=\"1293\" data-end=\"1357\">\r\n<p data-start=\"1295\" data-end=\"1357\">Gi\u1ea3i ph\u00e1p \u0111o l\u01b0\u1eddng c\u00f4ng su\u1ea5t &amp; ti\u00eau th\u1ee5 cho nh\u00e0 m\u00e1y, t\u00f2a nh\u00e0<\/p>\r\n<\/li>\r\n<\/ul>","protected":false},"excerpt":{"rendered":"<p data-start=\"785\" data-end=\"1107\"><strong data-start=\"785\" data-end=\"827\">\u0110\u1ed3ng h\u1ed3 3 pha th\u00f4ng minh GoodWe GMK330<\/strong> l\u00e0 thi\u1ebft b\u1ecb \u0111o \u0111i\u1ec7n n\u0103ng cao c\u1ea5p \u0111\u01b0\u1ee3c thi\u1ebft k\u1ebf cho h\u1ec7 th\u1ed1ng \u0111i\u1ec7n m\u1eb7t tr\u1eddi d\u00e2n d\u1ee5ng v\u00e0 th\u01b0\u01a1ng m\u1ea1i. V\u1edbi <strong data-start=\"930\" data-end=\"956\">\u0111\u1ed9 ch\u00ednh x\u00e1c Class 0.5<\/strong>, GMK330 gi\u00fap theo d\u00f5i ch\u00ednh x\u00e1c \u0111i\u1ec7n \u00e1p, d\u00f2ng \u0111i\u1ec7n, c\u00f4ng su\u1ea5t ti\u00eau th\u1ee5 v\u00e0 s\u1ea3n l\u01b0\u1ee3ng \u0111i\u1ec7n, mang \u0111\u1ebfn kh\u1ea3 n\u0103ng gi\u00e1m s\u00e1t v\u00e0 \u0111i\u1ec1u ph\u1ed1i n\u0103ng l\u01b0\u1ee3ng t\u1ed1i \u01b0u.<\/p>\r\n<p data-start=\"1109\" data-end=\"1408\">Thi\u1ebft b\u1ecb h\u1ed7 tr\u1ee3 <strong data-start=\"1125\" data-end=\"1134\">RS485<\/strong> v\u1edbi kho\u1ea3ng c\u00e1ch truy\u1ec1n d\u1eef li\u1ec7u l\u00ean \u0111\u1ebfn <strong data-start=\"1174\" data-end=\"1183\">1000m<\/strong>, ho\u1ea1t \u0111\u1ed9ng \u1ed5n \u0111\u1ecbnh trong d\u1ea3i nhi\u1ec7t <strong data-start=\"1219\" data-end=\"1238\">-30\u00b0C \u0111\u1ebfn +70\u00b0C<\/strong>, \u0111\u1ea3m b\u1ea3o hi\u1ec7u su\u1ea5t l\u00e2u d\u00e0i. \u0110i k\u00e8m <strong data-start=\"1274\" data-end=\"1304\">3 bi\u1ebfn d\u00f2ng CT (200A\/120A)<\/strong>, GMK330 d\u1ec5 d\u00e0ng l\u1eafp \u0111\u1eb7t tr\u00ean thanh <strong data-start=\"1340\" data-end=\"1352\">DIN rail<\/strong>, ti\u00eau th\u1ee5 \u0111i\u1ec7n n\u0103ng th\u1ea5p (&lt;5W) v\u00e0 \u0111\u1ea1t chu\u1ea9n <strong data-start=\"1397\" data-end=\"1405\">IP20<\/strong>.<\/p>\r\n<p data-start=\"1410\" data-end=\"1754\">\u0110\u1ed3ng h\u1ed3 t\u00edch h\u1ee3p c\u00e1c t\u00ednh n\u0103ng <strong data-start=\"1441\" data-end=\"1486\">zero feed-in, gi\u1edbi h\u1ea1n c\u00f4ng su\u1ea5t h\u00f2a l\u01b0\u1edbi<\/strong> v\u00e0 <strong data-start=\"1490\" data-end=\"1521\">gi\u00e1m s\u00e1t ph\u1ee5 t\u1ea3i th\u00f4ng minh<\/strong>, t\u01b0\u01a1ng th\u00edch ho\u00e0n h\u1ea3o v\u1edbi c\u00e1c d\u00f2ng <strong data-start=\"1557\" data-end=\"1595\">bi\u1ebfn t\u1ea7n hybrid v\u00e0 h\u00f2a l\u01b0\u1edbi GoodWe<\/strong>. <strong data-start=\"1597\" data-end=\"1614\">GoodWe GMK330<\/strong> l\u00e0 l\u1ef1a ch\u1ecdn l\u00fd t\u01b0\u1edfng cho <strong data-start=\"1640\" data-end=\"1671\">nh\u00e0 m\u00e1y, t\u00f2a nh\u00e0, d\u1ef1 \u00e1n EPC<\/strong> c\u1ea7n gi\u1ea3i ph\u00e1p \u0111o l\u01b0\u1eddng v\u00e0 gi\u00e1m s\u00e1t \u0111i\u1ec7n n\u0103ng th\u00f4ng minh, ch\u00ednh x\u00e1c v\u00e0 ti\u1ebft ki\u1ec7m.<\/p>","protected":false},"featured_media":1207,"comment_status":"open","ping_status":"closed","template":"","meta":{"_acf_changed":false},"product_brand":[40],"product_cat":[25],"product_tag":[],"class_list":{"0":"post-1202","1":"product","2":"type-product","3":"status-publish","4":"has-post-thumbnail","6":"product_brand-goodwe","7":"product_cat-phu-kien","9":"first","10":"instock","11":"shipping-taxable","12":"product-type-simple"},"acf":[],"_links":{"self":[{"href":"https:\/\/mpenergy.vn\/en\/wp-json\/wp\/v2\/product\/1202","targetHints":{"allow":["GET"]}}],"collection":[{"href":"https:\/\/mpenergy.vn\/en\/wp-json\/wp\/v2\/product"}],"about":[{"href":"https:\/\/mpenergy.vn\/en\/wp-json\/wp\/v2\/types\/product"}],"replies":[{"embeddable":true,"href":"https:\/\/mpenergy.vn\/en\/wp-json\/wp\/v2\/comments?post=1202"}],"wp:featuredmedia":[{"embeddable":true,"href":"https:\/\/mpenergy.vn\/en\/wp-json\/wp\/v2\/media\/1207"}],"wp:attachment":[{"href":"https:\/\/mpenergy.vn\/en\/wp-json\/wp\/v2\/media?parent=1202"}],"wp:term":[{"taxonomy":"product_brand","embeddable":true,"href":"https:\/\/mpenergy.vn\/en\/wp-json\/wp\/v2\/product_brand?post=1202"},{"taxonomy":"product_cat","embeddable":true,"href":"https:\/\/mpenergy.vn\/en\/wp-json\/wp\/v2\/product_cat?post=1202"},{"taxonomy":"product_tag","embeddable":true,"href":"https:\/\/mpenergy.vn\/en\/wp-json\/wp\/v2\/product_tag?post=1202"}],"curies":[{"name":"wp","href":"https:\/\/api.w.org\/{rel}","templated":true}]}}