{"id":1208,"date":"2025-10-16T10:09:32","date_gmt":"2025-10-16T03:09:32","guid":{"rendered":"https:\/\/mpenergy.vn\/?post_type=product&#038;p=1208"},"modified":"2026-03-14T08:10:00","modified_gmt":"2026-03-14T01:10:00","slug":"dong-ho-1-pha-thong-minh-goodwe-smart-meter-gmk110","status":"publish","type":"product","link":"https:\/\/mpenergy.vn\/en\/dong-ho-1-pha-thong-minh-goodwe-smart-meter-gmk110\/","title":{"rendered":"\u0110\u1ed3ng H\u1ed3 1 Pha Th\u00f4ng Minh GoodWe Smart Meter | GMK110"},"content":{"rendered":"<h1 data-start=\"158\" data-end=\"218\"><strong data-start=\"160\" data-end=\"216\">\u0110\u1ed3ng h\u1ed3 1 pha th\u00f4ng minh GoodWe GMK110 (Smart Meter)<\/strong><\/h1>\r\n<h2 data-start=\"220\" data-end=\"243\"><strong data-start=\"220\" data-end=\"241\">Th\u00f4ng s\u1ed1 n\u1ed5i b\u1eadt:<\/strong><\/h2>\r\n<ul data-start=\"244\" data-end=\"923\">\r\n \t<li data-start=\"244\" data-end=\"274\">\r\n<p data-start=\"246\" data-end=\"274\"><strong data-start=\"246\" data-end=\"266\">H\u1ed7 tr\u1ee3 h\u1ec7 th\u1ed1ng:<\/strong> 1 pha<\/p>\r\n<\/li>\r\n \t<li data-start=\"275\" data-end=\"314\">\r\n<p data-start=\"277\" data-end=\"314\"><strong data-start=\"277\" data-end=\"299\">D\u1ea3i \u0111i\u1ec7n \u00e1p (L\u2013N):<\/strong> 85 \u2013 288 Vac<\/p>\r\n<\/li>\r\n \t<li data-start=\"315\" data-end=\"351\">\r\n<p data-start=\"317\" data-end=\"351\"><strong data-start=\"317\" data-end=\"338\">T\u1ea7n s\u1ed1 danh \u0111\u1ecbnh:<\/strong> 50 \/ 60 Hz<\/p>\r\n<\/li>\r\n \t<li data-start=\"352\" data-end=\"387\">\r\n<p data-start=\"354\" data-end=\"387\"><strong data-start=\"354\" data-end=\"373\">Bi\u1ebfn d\u00f2ng (CT):<\/strong> 120A : 40mA<\/p>\r\n<\/li>\r\n \t<li data-start=\"388\" data-end=\"410\">\r\n<p data-start=\"390\" data-end=\"410\"><strong data-start=\"390\" data-end=\"406\">S\u1ed1 l\u01b0\u1ee3ng CT:<\/strong> 1<\/p>\r\n<\/li>\r\n \t<li data-start=\"411\" data-end=\"539\">\r\n<p data-start=\"413\" data-end=\"432\"><strong data-start=\"413\" data-end=\"430\">\u0110\u1ed9 ch\u00ednh x\u00e1c:<\/strong><\/p>\r\n\r\n<ul data-start=\"435\" data-end=\"539\">\r\n \t<li data-start=\"435\" data-end=\"467\">\r\n<p data-start=\"437\" data-end=\"467\">\u0110i\u1ec7n \u00e1p \/ D\u00f2ng \u0111i\u1ec7n: Class 1<\/p>\r\n<\/li>\r\n \t<li data-start=\"470\" data-end=\"502\">\r\n<p data-start=\"472\" data-end=\"502\">N\u0103ng l\u01b0\u1ee3ng t\u00e1c d\u1ee5ng: Class 1<\/p>\r\n<\/li>\r\n \t<li data-start=\"505\" data-end=\"539\">\r\n<p data-start=\"507\" data-end=\"539\">N\u0103ng l\u01b0\u1ee3ng ph\u1ea3n kh\u00e1ng: Class 2<\/p>\r\n<\/li>\r\n<\/ul>\r\n<\/li>\r\n \t<li data-start=\"540\" data-end=\"597\">\r\n<p data-start=\"542\" data-end=\"597\"><strong data-start=\"542\" data-end=\"556\">Giao ti\u1ebfp:<\/strong> RS485, kho\u1ea3ng c\u00e1ch truy\u1ec1n t\u1ed1i \u0111a 1000m<\/p>\r\n<\/li>\r\n \t<li data-start=\"598\" data-end=\"629\">\r\n<p data-start=\"600\" data-end=\"629\"><strong data-start=\"600\" data-end=\"623\">C\u00f4ng su\u1ea5t ti\u00eau th\u1ee5:<\/strong> \u22645W<\/p>\r\n<\/li>\r\n \t<li data-start=\"630\" data-end=\"654\">\r\n<p data-start=\"632\" data-end=\"654\"><strong data-start=\"632\" data-end=\"647\">C\u1ea5p b\u1ea3o v\u1ec7:<\/strong> IP20<\/p>\r\n<\/li>\r\n \t<li data-start=\"655\" data-end=\"696\">\r\n<p data-start=\"657\" data-end=\"696\"><strong data-start=\"657\" data-end=\"680\">Nhi\u1ec7t \u0111\u1ed9 ho\u1ea1t \u0111\u1ed9ng:<\/strong> -30\u00b0C ~ +60\u00b0C<\/p>\r\n<\/li>\r\n \t<li data-start=\"697\" data-end=\"736\">\r\n<p data-start=\"699\" data-end=\"736\"><strong data-start=\"699\" data-end=\"709\">\u0110\u1ed9 \u1ea9m:<\/strong> 0 \u2013 95% (kh\u00f4ng ng\u01b0ng t\u1ee5)<\/p>\r\n<\/li>\r\n \t<li data-start=\"737\" data-end=\"765\">\r\n<p data-start=\"739\" data-end=\"765\"><strong data-start=\"739\" data-end=\"757\">\u0110\u1ed9 cao t\u1ed1i \u0111a:<\/strong> 3000m<\/p>\r\n<\/li>\r\n \t<li data-start=\"766\" data-end=\"827\">\r\n<p data-start=\"768\" data-end=\"827\"><strong data-start=\"768\" data-end=\"782\">Giao di\u1ec7n:<\/strong> 2 \u0111\u00e8n LED, hi\u1ec3n th\u1ecb tr\u1ea1ng th\u00e1i &amp; ho\u1ea1t \u0111\u1ed9ng<\/p>\r\n<\/li>\r\n \t<li data-start=\"828\" data-end=\"886\">\r\n<p data-start=\"830\" data-end=\"886\"><strong data-start=\"830\" data-end=\"845\">K\u00edch th\u01b0\u1edbc:<\/strong> 19 \u00d7 85 \u00d7 67 mm | <strong data-start=\"864\" data-end=\"880\">Tr\u1ecdng l\u01b0\u1ee3ng:<\/strong> 50g<\/p>\r\n<\/li>\r\n \t<li data-start=\"887\" data-end=\"923\">\r\n<p data-start=\"889\" data-end=\"923\"><strong data-start=\"889\" data-end=\"901\">L\u1eafp \u0111\u1eb7t:<\/strong> Din rail (1 module)<\/p>\r\n<\/li>\r\n<\/ul>\r\n<h2 data-start=\"925\" data-end=\"940\"><strong data-start=\"925\" data-end=\"938\">B\u1ea3o h\u00e0nh:<\/strong><\/h2>\r\n<ul data-start=\"941\" data-end=\"987\">\r\n \t<li data-start=\"941\" data-end=\"987\">\r\n<p data-start=\"943\" data-end=\"987\">2 n\u0103m (t\u00f9y th\u1ecb tr\u01b0\u1eddng &amp; nh\u00e0 ph\u00e2n ph\u1ed1i)<\/p>\r\n<\/li>\r\n<\/ul>\r\n<h2 data-start=\"989\" data-end=\"1012\"><strong data-start=\"989\" data-end=\"1010\">\u1ee8ng d\u1ee5ng ph\u00f9 h\u1ee3p:<\/strong><\/h2>\r\n<ul data-start=\"1013\" data-end=\"1293\">\r\n \t<li data-start=\"1013\" data-end=\"1058\">\r\n<p data-start=\"1015\" data-end=\"1058\">H\u1ec7 th\u1ed1ng \u0111i\u1ec7n m\u1eb7t tr\u1eddi <strong data-start=\"1038\" data-end=\"1056\">d\u00e2n d\u1ee5ng 1 pha<\/strong><\/p>\r\n<\/li>\r\n \t<li data-start=\"1059\" data-end=\"1142\">\r\n<p data-start=\"1061\" data-end=\"1142\">D\u1ef1 \u00e1n c\u1ea7n <strong data-start=\"1071\" data-end=\"1140\">gi\u00e1m s\u00e1t \u0111i\u1ec7n n\u0103ng v\u00e0 gi\u1edbi h\u1ea1n c\u00f4ng su\u1ea5t xu\u1ea5t l\u01b0\u1edbi (zero feed-in)<\/strong><\/p>\r\n<\/li>\r\n \t<li data-start=\"1143\" data-end=\"1205\">\r\n<p data-start=\"1145\" data-end=\"1205\">Theo d\u00f5i ph\u1ee5 t\u1ea3i v\u00e0 qu\u1ea3n l\u00fd \u0111i\u1ec7n n\u0103ng trong nh\u00e0 th\u00f4ng minh<\/p>\r\n<\/li>\r\n \t<li data-start=\"1206\" data-end=\"1293\">\r\n<p data-start=\"1208\" data-end=\"1293\">K\u1ebft h\u1ee3p v\u1edbi <strong data-start=\"1220\" data-end=\"1237\">n\u1ec1n t\u1ea3ng SEMS<\/strong> c\u1ee7a GoodWe \u0111\u1ec3 ph\u00e2n t\u00edch v\u00e0 qu\u1ea3n l\u00fd \u0111i\u1ec7n n\u0103ng hi\u1ec7u qu\u1ea3<\/p>\r\n<\/li>\r\n<\/ul>","protected":false},"excerpt":{"rendered":"<p data-start=\"1936\" data-end=\"2229\"><strong data-start=\"1936\" data-end=\"1978\">\u0110\u1ed3ng h\u1ed3 1 pha th\u00f4ng minh GoodWe GMK110<\/strong> l\u00e0 thi\u1ebft b\u1ecb \u0111o \u0111i\u1ec7n n\u0103ng ch\u00ednh x\u00e1c cao, \u0111\u01b0\u1ee3c thi\u1ebft k\u1ebf cho h\u1ec7 th\u1ed1ng \u0111i\u1ec7n m\u1eb7t tr\u1eddi d\u00e2n d\u1ee5ng. Thi\u1ebft b\u1ecb h\u1ed7 tr\u1ee3 <strong data-start=\"2086\" data-end=\"2104\">bi\u1ebfn d\u00f2ng 120A<\/strong>, \u0111\u1ed9 ch\u00ednh x\u00e1c <strong data-start=\"2119\" data-end=\"2130\">Class 1<\/strong>, gi\u00fap theo d\u00f5i \u0111i\u1ec7n \u00e1p, d\u00f2ng \u0111i\u1ec7n, c\u00f4ng su\u1ea5t ti\u00eau th\u1ee5 v\u00e0 s\u1ea3n l\u01b0\u1ee3ng h\u00f2a l\u01b0\u1edbi theo th\u1eddi gian th\u1ef1c.<\/p>\r\n<p data-start=\"2231\" data-end=\"2467\">GMK110 \u0111\u01b0\u1ee3c trang b\u1ecb <strong data-start=\"2252\" data-end=\"2261\">RS485<\/strong>, cho ph\u00e9p truy\u1ec1n d\u1eef li\u1ec7u \u1ed5n \u0111\u1ecbnh v\u1edbi kho\u1ea3ng c\u00e1ch l\u00ean \u0111\u1ebfn <strong data-start=\"2319\" data-end=\"2328\">1000m<\/strong>. V\u1edbi thi\u1ebft k\u1ebf nh\u1ecf g\u1ecdn ch\u1ec9 <strong data-start=\"2355\" data-end=\"2363\">19mm<\/strong>, thi\u1ebft b\u1ecb d\u1ec5 d\u00e0ng l\u1eafp \u0111\u1eb7t tr\u00ean thanh <strong data-start=\"2401\" data-end=\"2413\">DIN rail<\/strong>, ph\u00f9 h\u1ee3p v\u1edbi kh\u00f4ng gian h\u1eb9p trong t\u1ee7 \u0111i\u1ec7n d\u00e2n d\u1ee5ng.<\/p>\r\n<p data-start=\"2469\" data-end=\"2781\">\u0110\u1ed3ng h\u1ed3 h\u1ed7 tr\u1ee3 c\u00e1c t\u00ednh n\u0103ng <strong data-start=\"2498\" data-end=\"2551\">gi\u1edbi h\u1ea1n c\u00f4ng su\u1ea5t xu\u1ea5t l\u01b0\u1edbi (export power limit)<\/strong> v\u00e0 <strong data-start=\"2555\" data-end=\"2589\">gi\u00e1m s\u00e1t t\u1ea3i (load monitoring)<\/strong>, gi\u00fap t\u1ed1i \u01b0u hi\u1ec7u su\u1ea5t h\u1ec7 th\u1ed1ng v\u00e0 b\u1ea3o v\u1ec7 thi\u1ebft b\u1ecb. Khi k\u1ebft h\u1ee3p v\u1edbi n\u1ec1n t\u1ea3ng <strong data-start=\"2667\" data-end=\"2686\">SEMS c\u1ee7a GoodWe<\/strong>, GMK110 mang l\u1ea1i kh\u1ea3 n\u0103ng qu\u1ea3n l\u00fd v\u00e0 ph\u00e2n t\u00edch n\u0103ng l\u01b0\u1ee3ng to\u00e0n di\u1ec7n cho ng\u00f4i nh\u00e0 th\u00f4ng minh<\/p>","protected":false},"featured_media":1211,"comment_status":"open","ping_status":"closed","template":"","meta":{"_acf_changed":false},"product_brand":[40],"product_cat":[25],"product_tag":[],"class_list":{"0":"post-1208","1":"product","2":"type-product","3":"status-publish","4":"has-post-thumbnail","6":"product_brand-goodwe","7":"product_cat-phu-kien","9":"first","10":"instock","11":"shipping-taxable","12":"product-type-simple"},"acf":[],"_links":{"self":[{"href":"https:\/\/mpenergy.vn\/en\/wp-json\/wp\/v2\/product\/1208","targetHints":{"allow":["GET"]}}],"collection":[{"href":"https:\/\/mpenergy.vn\/en\/wp-json\/wp\/v2\/product"}],"about":[{"href":"https:\/\/mpenergy.vn\/en\/wp-json\/wp\/v2\/types\/product"}],"replies":[{"embeddable":true,"href":"https:\/\/mpenergy.vn\/en\/wp-json\/wp\/v2\/comments?post=1208"}],"wp:featuredmedia":[{"embeddable":true,"href":"https:\/\/mpenergy.vn\/en\/wp-json\/wp\/v2\/media\/1211"}],"wp:attachment":[{"href":"https:\/\/mpenergy.vn\/en\/wp-json\/wp\/v2\/media?parent=1208"}],"wp:term":[{"taxonomy":"product_brand","embeddable":true,"href":"https:\/\/mpenergy.vn\/en\/wp-json\/wp\/v2\/product_brand?post=1208"},{"taxonomy":"product_cat","embeddable":true,"href":"https:\/\/mpenergy.vn\/en\/wp-json\/wp\/v2\/product_cat?post=1208"},{"taxonomy":"product_tag","embeddable":true,"href":"https:\/\/mpenergy.vn\/en\/wp-json\/wp\/v2\/product_tag?post=1208"}],"curies":[{"name":"wp","href":"https:\/\/api.w.org\/{rel}","templated":true}]}}