{"id":1213,"date":"2025-10-16T10:27:15","date_gmt":"2025-10-16T03:27:15","guid":{"rendered":"https:\/\/mpenergy.vn\/?post_type=product&#038;p=1213"},"modified":"2026-03-16T09:22:40","modified_gmt":"2026-03-16T02:22:40","slug":"bo-thu-truyen-du-lieu-khong-day-goodwe-wifi-lan-ezlink-3000","status":"publish","type":"product","link":"https:\/\/mpenergy.vn\/en\/bo-thu-truyen-du-lieu-khong-day-goodwe-wifi-lan-ezlink-3000\/","title":{"rendered":"B\u1ed9 Thu &#038; Truy\u1ec1n D\u1eef Li\u1ec7u Kh\u00f4ng D\u00e2y GoodWe WiFi + LAN | EzLink 3000"},"content":{"rendered":"<h1 data-start=\"185\" data-end=\"258\"><strong data-start=\"187\" data-end=\"256\">B\u1ed9 thu &amp; truy\u1ec1n d\u1eef li\u1ec7u kh\u00f4ng d\u00e2y GoodWe EzLink 3000 (WiFi + LAN)<\/strong><\/h1>\r\n<h2 data-start=\"260\" data-end=\"283\"><strong data-start=\"260\" data-end=\"281\">Th\u00f4ng s\u1ed1 n\u1ed5i b\u1eadt:<\/strong><\/h2>\r\n<ul data-start=\"284\" data-end=\"1207\">\r\n \t<li data-start=\"284\" data-end=\"371\">\r\n<p data-start=\"286\" data-end=\"371\"><strong data-start=\"286\" data-end=\"298\">K\u1ebft n\u1ed1i:<\/strong> WiFi &amp; LAN, h\u1ed7 tr\u1ee3 truy\u1ec1n d\u1eef li\u1ec7u \u1ed5n \u0111\u1ecbnh cho h\u1ec7 th\u1ed1ng inverter GoodWe<\/p>\r\n<\/li>\r\n \t<li data-start=\"372\" data-end=\"426\">\r\n<p data-start=\"374\" data-end=\"426\"><strong data-start=\"374\" data-end=\"389\">Chu\u1ea9n WiFi:<\/strong> IEEE 802.11 b\/g\/n (2.412\u20132.484GHz)<\/p>\r\n<\/li>\r\n \t<li data-start=\"427\" data-end=\"483\">\r\n<p data-start=\"429\" data-end=\"483\"><strong data-start=\"429\" data-end=\"443\">Bluetooth:<\/strong> Phi\u00ean b\u1ea3n 5.1, k\u1ebft n\u1ed1i nhanh, \u1ed5n \u0111\u1ecbnh<\/p>\r\n<\/li>\r\n \t<li data-start=\"484\" data-end=\"555\">\r\n<p data-start=\"486\" data-end=\"555\"><strong data-start=\"486\" data-end=\"504\">C\u1ed5ng Ethernet:<\/strong> 10\/100Mbps, t\u1ef1 \u0111\u1ed9ng th\u00edch \u1ee9ng, kho\u1ea3ng c\u00e1ch \u2264100m<\/p>\r\n<\/li>\r\n \t<li data-start=\"556\" data-end=\"609\">\r\n<p data-start=\"558\" data-end=\"609\"><strong data-start=\"558\" data-end=\"572\">Giao di\u1ec7n:<\/strong> USB (Plug &amp; Play), d\u1ec5 d\u00e0ng c\u00e0i \u0111\u1eb7t<\/p>\r\n<\/li>\r\n \t<li data-start=\"610\" data-end=\"671\">\r\n<p data-start=\"612\" data-end=\"671\"><strong data-start=\"612\" data-end=\"628\">Ch\u1ec9 b\u00e1o LED:<\/strong> Hi\u1ec3n th\u1ecb tr\u1ea1ng th\u00e1i ho\u1ea1t \u0111\u1ed9ng v\u00e0 k\u1ebft n\u1ed1i<\/p>\r\n<\/li>\r\n \t<li data-start=\"672\" data-end=\"715\">\r\n<p data-start=\"674\" data-end=\"715\"><strong data-start=\"674\" data-end=\"697\">C\u00f4ng su\u1ea5t ti\u00eau th\u1ee5:<\/strong> \u22642W (\u0111i\u1ec3n h\u00ecnh)<\/p>\r\n<\/li>\r\n \t<li data-start=\"716\" data-end=\"769\">\r\n<p data-start=\"718\" data-end=\"769\"><strong data-start=\"718\" data-end=\"733\">C\u1ea5p b\u1ea3o v\u1ec7:<\/strong> IP65 \u2013 s\u1eed d\u1ee5ng an to\u00e0n ngo\u00e0i tr\u1eddi<\/p>\r\n<\/li>\r\n \t<li data-start=\"770\" data-end=\"836\">\r\n<p data-start=\"772\" data-end=\"836\"><strong data-start=\"772\" data-end=\"795\">Nhi\u1ec7t \u0111\u1ed9 ho\u1ea1t \u0111\u1ed9ng:<\/strong> -30\u00b0C ~ +60\u00b0C | L\u01b0u tr\u1eef: -30\u00b0C ~ +70\u00b0C<\/p>\r\n<\/li>\r\n \t<li data-start=\"837\" data-end=\"877\">\r\n<p data-start=\"839\" data-end=\"877\"><strong data-start=\"839\" data-end=\"849\">\u0110\u1ed9 \u1ea9m:<\/strong> 0 \u2013 100% (kh\u00f4ng ng\u01b0ng t\u1ee5)<\/p>\r\n<\/li>\r\n \t<li data-start=\"878\" data-end=\"916\">\r\n<p data-start=\"880\" data-end=\"916\"><strong data-start=\"880\" data-end=\"908\">\u0110\u1ed9 cao ho\u1ea1t \u0111\u1ed9ng t\u1ed1i \u0111a:<\/strong> 4000m<\/p>\r\n<\/li>\r\n \t<li data-start=\"917\" data-end=\"978\">\r\n<p data-start=\"919\" data-end=\"978\"><strong data-start=\"919\" data-end=\"934\">K\u00edch th\u01b0\u1edbc:<\/strong> 48 \u00d7 153 \u00d7 32 mm | <strong data-start=\"954\" data-end=\"970\">Tr\u1ecdng l\u01b0\u1ee3ng:<\/strong> 130 g<\/p>\r\n<\/li>\r\n \t<li data-start=\"979\" data-end=\"1207\">\r\n<p data-start=\"981\" data-end=\"1005\"><strong data-start=\"981\" data-end=\"1003\">T\u00ednh n\u0103ng n\u1ed5i b\u1eadt:<\/strong><\/p>\r\n\r\n<ul data-start=\"1008\" data-end=\"1207\">\r\n \t<li data-start=\"1008\" data-end=\"1049\">\r\n<p data-start=\"1010\" data-end=\"1049\">Ghi nh\u1eadt k\u00fd v\u1eadn h\u00e0nh (operation logs)<\/p>\r\n<\/li>\r\n \t<li data-start=\"1052\" data-end=\"1083\">\r\n<p data-start=\"1054\" data-end=\"1083\">M\u00e3 h\u00f3a an to\u00e0n b\u1ea5t \u0111\u1ed1i x\u1ee9ng<\/p>\r\n<\/li>\r\n \t<li data-start=\"1086\" data-end=\"1132\">\r\n<p data-start=\"1088\" data-end=\"1132\">K\u1ebft n\u1ed1i m\u1ed9t-nhi\u1ec1u (one-to-many connection)<\/p>\r\n<\/li>\r\n \t<li data-start=\"1135\" data-end=\"1207\">\r\n<p data-start=\"1137\" data-end=\"1207\">Tu\u00e2n th\u1ee7 chu\u1ea9n <strong data-start=\"1152\" data-end=\"1167\">IEEE 2030.5<\/strong>, t\u01b0\u01a1ng th\u00edch h\u1ec7 th\u1ed1ng <strong data-start=\"1190\" data-end=\"1205\">GoodWe SEMS<\/strong><\/p>\r\n<\/li>\r\n<\/ul>\r\n<\/li>\r\n<\/ul>\r\n<h2 data-start=\"1209\" data-end=\"1224\"><strong data-start=\"1209\" data-end=\"1222\">B\u1ea3o h\u00e0nh:<\/strong><\/h2>\r\n<ul data-start=\"1225\" data-end=\"1278\">\r\n \t<li data-start=\"1225\" data-end=\"1278\">\r\n<p data-start=\"1227\" data-end=\"1278\">2 n\u0103m (t\u00f9y th\u1ecb tr\u01b0\u1eddng &amp; ch\u00ednh s\u00e1ch ph\u00e2n ph\u1ed1i)<\/p>\r\n<\/li>\r\n<\/ul>\r\n<h2 data-start=\"1280\" data-end=\"1303\"><strong data-start=\"1280\" data-end=\"1301\">\u1ee8ng d\u1ee5ng ph\u00f9 h\u1ee3p:<\/strong><\/h2>\r\n<ul data-start=\"1304\" data-end=\"1558\">\r\n \t<li data-start=\"1304\" data-end=\"1352\">\r\n<p data-start=\"1306\" data-end=\"1352\">H\u1ec7 th\u1ed1ng \u0111i\u1ec7n m\u1eb7t tr\u1eddi d\u00e2n d\u1ee5ng &amp; th\u01b0\u01a1ng m\u1ea1i<\/p>\r\n<\/li>\r\n \t<li data-start=\"1353\" data-end=\"1412\">\r\n<p data-start=\"1355\" data-end=\"1412\">K\u1ebft n\u1ed1i <strong data-start=\"1363\" data-end=\"1382\">inverter GoodWe<\/strong> v\u1edbi n\u1ec1n t\u1ea3ng <strong data-start=\"1396\" data-end=\"1410\">SEMS Cloud<\/strong><\/p>\r\n<\/li>\r\n \t<li data-start=\"1413\" data-end=\"1492\">\r\n<p data-start=\"1415\" data-end=\"1492\">Gi\u1ea3i ph\u00e1p truy\u1ec1n d\u1eef li\u1ec7u kh\u00f4ng d\u00e2y cho <strong data-start=\"1454\" data-end=\"1490\">SEC3000C, EzLogger, GM330\/GMK330<\/strong><\/p>\r\n<\/li>\r\n \t<li data-start=\"1493\" data-end=\"1558\">\r\n<p data-start=\"1495\" data-end=\"1558\">C\u00e1c d\u1ef1 \u00e1n c\u1ea7n qu\u1ea3n l\u00fd n\u0103ng l\u01b0\u1ee3ng t\u1eeb xa, gi\u00e1m s\u00e1t qua Internet<\/p>\r\n<\/li>\r\n<\/ul>","protected":false},"excerpt":{"rendered":"<p data-start=\"2187\" data-end=\"2518\"><strong data-start=\"2187\" data-end=\"2209\">GoodWe EzLink 3000<\/strong> l\u00e0 <strong data-start=\"2213\" data-end=\"2251\">b\u1ed9 thu v\u00e0 truy\u1ec1n d\u1eef li\u1ec7u kh\u00f4ng d\u00e2y<\/strong> d\u00e0nh cho c\u00e1c d\u00f2ng inverter GoodWe, gi\u00fap k\u1ebft n\u1ed1i h\u1ec7 th\u1ed1ng \u0111i\u1ec7n m\u1eb7t tr\u1eddi v\u1edbi n\u1ec1n t\u1ea3ng <strong data-start=\"2336\" data-end=\"2350\">SEMS Cloud<\/strong> \u0111\u1ec3 gi\u00e1m s\u00e1t v\u00e0 qu\u1ea3n l\u00fd th\u00f4ng minh. Thi\u1ebft b\u1ecb h\u1ed7 tr\u1ee3 <strong data-start=\"2402\" data-end=\"2417\">WiFi v\u00e0 LAN<\/strong>, c\u00f9ng <strong data-start=\"2424\" data-end=\"2441\">Bluetooth 5.1<\/strong>, cho ph\u00e9p c\u00e0i \u0111\u1eb7t nhanh ch\u00f3ng, \u1ed5n \u0111\u1ecbnh v\u00e0 an to\u00e0n nh\u1edd m\u00e3 h\u00f3a b\u1ea5t \u0111\u1ed1i x\u1ee9ng.<\/p>\r\n<p data-start=\"2520\" data-end=\"2866\">V\u1edbi thi\u1ebft k\u1ebf nh\u1ecf g\u1ecdn, \u0111\u1ea1t chu\u1ea9n <strong data-start=\"2552\" data-end=\"2560\">IP65<\/strong>, EzLink 3000 c\u00f3 th\u1ec3 s\u1eed d\u1ee5ng ngo\u00e0i tr\u1eddi trong \u0111i\u1ec1u ki\u1ec7n kh\u1eafc nghi\u1ec7t. C\u00f4ng su\u1ea5t ti\u00eau th\u1ee5 ch\u1ec9 <strong data-start=\"2652\" data-end=\"2658\">2W<\/strong>, h\u1ed7 tr\u1ee3 <strong data-start=\"2667\" data-end=\"2682\">Plug &amp; Play<\/strong>, gi\u00fap gi\u1ea3m th\u1eddi gian l\u1eafp \u0111\u1eb7t v\u00e0 c\u1ea5u h\u00ecnh. Thi\u1ebft b\u1ecb t\u01b0\u01a1ng th\u00edch v\u1edbi chu\u1ea9n <strong data-start=\"2756\" data-end=\"2771\">IEEE 2030.5<\/strong>, cho ph\u00e9p truy\u1ec1n d\u1eef li\u1ec7u ch\u00ednh x\u00e1c v\u00e0 linh ho\u1ea1t cho c\u00e1c h\u1ec7 th\u1ed1ng hybrid, on-grid v\u00e0 l\u01b0u tr\u1eef.<\/p>\r\n<p data-start=\"2868\" data-end=\"3075\"><strong data-start=\"2868\" data-end=\"2890\">GoodWe EzLink 3000<\/strong> l\u00e0 l\u1ef1a ch\u1ecdn t\u1ed1i \u01b0u cho c\u00e1c <strong data-start=\"2918\" data-end=\"2959\">d\u1ef1 \u00e1n EPC, nh\u00e0 d\u00e2n d\u1ee5ng v\u00e0 th\u01b0\u01a1ng m\u1ea1i<\/strong>, gi\u00fap gi\u00e1m s\u00e1t hi\u1ec7u su\u1ea5t inverter, ghi log v\u1eadn h\u00e0nh v\u00e0 qu\u1ea3n l\u00fd d\u1eef li\u1ec7u n\u0103ng l\u01b0\u1ee3ng hi\u1ec7u qu\u1ea3, an to\u00e0n v\u00e0 ti\u1ebft ki\u1ec7m.<\/p>","protected":false},"featured_media":1220,"comment_status":"open","ping_status":"closed","template":"","meta":{"_acf_changed":false},"product_brand":[40],"product_cat":[25,26],"product_tag":[],"class_list":{"0":"post-1213","1":"product","2":"type-product","3":"status-publish","4":"has-post-thumbnail","6":"product_brand-goodwe","7":"product_cat-phu-kien","8":"product_cat-cap-mp","10":"first","11":"instock","12":"shipping-taxable","13":"product-type-simple"},"acf":[],"_links":{"self":[{"href":"https:\/\/mpenergy.vn\/en\/wp-json\/wp\/v2\/product\/1213","targetHints":{"allow":["GET"]}}],"collection":[{"href":"https:\/\/mpenergy.vn\/en\/wp-json\/wp\/v2\/product"}],"about":[{"href":"https:\/\/mpenergy.vn\/en\/wp-json\/wp\/v2\/types\/product"}],"replies":[{"embeddable":true,"href":"https:\/\/mpenergy.vn\/en\/wp-json\/wp\/v2\/comments?post=1213"}],"wp:featuredmedia":[{"embeddable":true,"href":"https:\/\/mpenergy.vn\/en\/wp-json\/wp\/v2\/media\/1220"}],"wp:attachment":[{"href":"https:\/\/mpenergy.vn\/en\/wp-json\/wp\/v2\/media?parent=1213"}],"wp:term":[{"taxonomy":"product_brand","embeddable":true,"href":"https:\/\/mpenergy.vn\/en\/wp-json\/wp\/v2\/product_brand?post=1213"},{"taxonomy":"product_cat","embeddable":true,"href":"https:\/\/mpenergy.vn\/en\/wp-json\/wp\/v2\/product_cat?post=1213"},{"taxonomy":"product_tag","embeddable":true,"href":"https:\/\/mpenergy.vn\/en\/wp-json\/wp\/v2\/product_tag?post=1213"}],"curies":[{"name":"wp","href":"https:\/\/api.w.org\/{rel}","templated":true}]}}