{"id":1221,"date":"2025-10-16T10:42:35","date_gmt":"2025-10-16T03:42:35","guid":{"rendered":"https:\/\/mpenergy.vn\/?post_type=product&#038;p=1221"},"modified":"2026-03-14T08:09:51","modified_gmt":"2026-03-14T01:09:51","slug":"bo-chuyen-mach-tinh-goodwe-sts200-80-10","status":"publish","type":"product","link":"https:\/\/mpenergy.vn\/en\/bo-chuyen-mach-tinh-goodwe-sts200-80-10\/","title":{"rendered":"B\u1ed9 chuy\u1ec3n m\u1ea1ch t\u0129nh GoodWe | STS200-80-10"},"content":{"rendered":"<h1 data-start=\"166\" data-end=\"238\"><strong data-start=\"168\" data-end=\"236\">B\u1ed9 chuy\u1ec3n m\u1ea1ch t\u0129nh GoodWe STS200-80-10 (Static Transfer Switch)<\/strong><\/h1>\r\n<h2 data-start=\"240\" data-end=\"263\"><strong data-start=\"240\" data-end=\"261\">Th\u00f4ng s\u1ed1 n\u1ed5i b\u1eadt:<\/strong><\/h2>\r\n<ul data-start=\"264\" data-end=\"1228\">\r\n \t<li data-start=\"264\" data-end=\"401\">\r\n<p data-start=\"266\" data-end=\"401\"><strong data-start=\"266\" data-end=\"286\">Ch\u1ee9c n\u0103ng ch\u00ednh:<\/strong> T\u1ef1 \u0111\u1ed9ng chuy\u1ec3n \u0111\u1ed5i gi\u1eefa ch\u1ebf \u0111\u1ed9 <strong data-start=\"318\" data-end=\"352\">h\u00f2a l\u01b0\u1edbi v\u00e0 \u0111\u1ed9c l\u1eadp (off-grid)<\/strong>, \u0111\u1ea3m b\u1ea3o c\u1ea5p \u0111i\u1ec7n li\u00ean t\u1ee5c cho t\u1ea3i quan tr\u1ecdng.<\/p>\r\n<\/li>\r\n \t<li data-start=\"402\" data-end=\"475\">\r\n<p data-start=\"404\" data-end=\"475\"><strong data-start=\"404\" data-end=\"427\">C\u00f4ng su\u1ea5t \u0111\u1ecbnh m\u1ee9c:<\/strong> 50kVA | <strong data-start=\"436\" data-end=\"460\">T\u1ea3i d\u1ef1 ph\u00f2ng t\u1ed1i \u0111a:<\/strong> 138kW (200A)<\/p>\r\n<\/li>\r\n \t<li data-start=\"476\" data-end=\"533\">\r\n<p data-start=\"478\" data-end=\"533\"><strong data-start=\"478\" data-end=\"507\">\u0110i\u1ec7n \u00e1p \u0111\u1ea7u ra danh \u0111\u1ecbnh:<\/strong> 380 \/ 400V, 3L \/ N \/ PE<\/p>\r\n<\/li>\r\n \t<li data-start=\"534\" data-end=\"575\">\r\n<p data-start=\"536\" data-end=\"575\"><strong data-start=\"536\" data-end=\"562\">D\u1ea3i \u0111i\u1ec7n \u00e1p ho\u1ea1t \u0111\u1ed9ng:<\/strong> 176 ~ 276V<\/p>\r\n<\/li>\r\n \t<li data-start=\"576\" data-end=\"638\">\r\n<p data-start=\"578\" data-end=\"638\"><strong data-start=\"578\" data-end=\"599\">T\u1ea7n s\u1ed1 danh \u0111\u1ecbnh:<\/strong> 50 \/ 60Hz | D\u1ea3i ho\u1ea1t \u0111\u1ed9ng: 45 \u2013 65Hz<\/p>\r\n<\/li>\r\n \t<li data-start=\"639\" data-end=\"688\">\r\n<p data-start=\"641\" data-end=\"688\"><strong data-start=\"641\" data-end=\"667\">Th\u1eddi gian chuy\u1ec3n m\u1ea1ch:<\/strong> &lt;10ms \u2013 c\u1ea5p \u0111\u1ed9 UPS<\/p>\r\n<\/li>\r\n \t<li data-start=\"689\" data-end=\"739\">\r\n<p data-start=\"691\" data-end=\"739\"><strong data-start=\"691\" data-end=\"703\">K\u1ebft n\u1ed1i:<\/strong> RS485 (truy\u1ec1n th\u00f4ng v\u1edbi inverter)<\/p>\r\n<\/li>\r\n \t<li data-start=\"740\" data-end=\"838\">\r\n<p data-start=\"742\" data-end=\"838\"><strong data-start=\"742\" data-end=\"759\">C\u1ed5ng k\u1ebft n\u1ed1i:<\/strong> H\u1ed7 tr\u1ee3 k\u1ebft n\u1ed1i m\u00e1y ph\u00e1t, inverter PV v\u00e0 t\u1ea3i l\u1edbn (motor, b\u01a1m, \u0111i\u1ec1u h\u00f2a, v.v.)<\/p>\r\n<\/li>\r\n \t<li data-start=\"839\" data-end=\"895\">\r\n<p data-start=\"841\" data-end=\"895\"><strong data-start=\"841\" data-end=\"868\">D\u00f2ng \u0111\u1ecbnh m\u1ee9c r\u01a1-le AC:<\/strong> 200A | <strong data-start=\"876\" data-end=\"889\">M\u00e1y ph\u00e1t:<\/strong> 90A<\/p>\r\n<\/li>\r\n \t<li data-start=\"896\" data-end=\"943\">\r\n<p data-start=\"898\" data-end=\"943\"><strong data-start=\"898\" data-end=\"922\">Ph\u01b0\u01a1ng th\u1ee9c l\u00e0m m\u00e1t:<\/strong> T\u1ea3n nhi\u1ec7t t\u1ef1 nhi\u00ean<\/p>\r\n<\/li>\r\n \t<li data-start=\"944\" data-end=\"1009\">\r\n<p data-start=\"946\" data-end=\"1009\"><strong data-start=\"946\" data-end=\"961\">K\u00edch th\u01b0\u1edbc:<\/strong> 510 \u00d7 425 \u00d7 156 mm | <strong data-start=\"983\" data-end=\"999\">Tr\u1ecdng l\u01b0\u1ee3ng:<\/strong> 16.5 kg<\/p>\r\n<\/li>\r\n \t<li data-start=\"1010\" data-end=\"1052\">\r\n<p data-start=\"1012\" data-end=\"1052\"><strong data-start=\"1012\" data-end=\"1024\">L\u1eafp \u0111\u1eb7t:<\/strong> Treo t\u01b0\u1eddng (wall-mounted)<\/p>\r\n<\/li>\r\n \t<li data-start=\"1053\" data-end=\"1115\">\r\n<p data-start=\"1055\" data-end=\"1115\"><strong data-start=\"1055\" data-end=\"1078\">Nhi\u1ec7t \u0111\u1ed9 ho\u1ea1t \u0111\u1ed9ng:<\/strong> -35\u00b0C ~ +60\u00b0C | <strong data-start=\"1095\" data-end=\"1106\">\u0110\u1ed9 cao:<\/strong> \u22644000m<\/p>\r\n<\/li>\r\n \t<li data-start=\"1116\" data-end=\"1175\">\r\n<p data-start=\"1118\" data-end=\"1175\"><strong data-start=\"1118\" data-end=\"1133\">C\u1ea5p b\u1ea3o v\u1ec7:<\/strong> IP65 \u2013 ch\u1ed1ng n\u01b0\u1edbc, b\u1ee5i, d\u00f9ng ngo\u00e0i tr\u1eddi<\/p>\r\n<\/li>\r\n \t<li data-start=\"1176\" data-end=\"1228\">\r\n<p data-start=\"1178\" data-end=\"1228\"><strong data-start=\"1178\" data-end=\"1193\">Ch\u1ee9ng nh\u1eadn:<\/strong> IEC62109-1\/-2, EN61000-6-1\/2\/3\/4<\/p>\r\n<\/li>\r\n<\/ul>\r\n<h2 data-start=\"1230\" data-end=\"1245\"><strong data-start=\"1230\" data-end=\"1243\">B\u1ea3o h\u00e0nh:<\/strong><\/h2>\r\n<ul data-start=\"1246\" data-end=\"1295\">\r\n \t<li data-start=\"1246\" data-end=\"1295\">\r\n<p data-start=\"1248\" data-end=\"1295\">2 n\u0103m (t\u00f9y th\u1ecb tr\u01b0\u1eddng &amp; ch\u00ednh s\u00e1ch ph\u00e2n ph\u1ed1i)<\/p>\r\n<\/li>\r\n<\/ul>\r\n<h2 data-start=\"1297\" data-end=\"1320\"><strong data-start=\"1297\" data-end=\"1318\">\u1ee8ng d\u1ee5ng ph\u00f9 h\u1ee3p:<\/strong><\/h2>\r\n<ul data-start=\"1321\" data-end=\"1646\">\r\n \t<li data-start=\"1321\" data-end=\"1391\">\r\n<p data-start=\"1323\" data-end=\"1391\">H\u1ec7 th\u1ed1ng <strong data-start=\"1332\" data-end=\"1389\">l\u01b0u tr\u1eef n\u0103ng l\u01b0\u1ee3ng th\u01b0\u01a1ng m\u1ea1i &amp; c\u00f4ng nghi\u1ec7p (C&amp;I ESS)<\/strong><\/p>\r\n<\/li>\r\n \t<li data-start=\"1392\" data-end=\"1478\">\r\n<p data-start=\"1394\" data-end=\"1478\">K\u1ebft h\u1ee3p v\u1edbi <strong data-start=\"1406\" data-end=\"1433\">bi\u1ebfn t\u1ea7n GoodWe ET 50kW<\/strong> cho kh\u1ea3 n\u0103ng <strong data-start=\"1447\" data-end=\"1476\">chuy\u1ec3n m\u1ea1ch nhanh c\u1ea5p UPS<\/strong><\/p>\r\n<\/li>\r\n \t<li data-start=\"1479\" data-end=\"1564\">\r\n<p data-start=\"1481\" data-end=\"1564\">C\u00e1c d\u1ef1 \u00e1n c\u1ea7n ngu\u1ed3n \u0111i\u1ec7n li\u00ean t\u1ee5c cho t\u1ea3i quan tr\u1ecdng (server, nh\u00e0 m\u00e1y, b\u1ec7nh vi\u1ec7n)<\/p>\r\n<\/li>\r\n \t<li data-start=\"1565\" data-end=\"1646\">\r\n<p data-start=\"1567\" data-end=\"1646\">Gi\u1ea3i ph\u00e1p qu\u1ea3n l\u00fd ngu\u1ed3n linh ho\u1ea1t, k\u1ebft h\u1ee3p \u0111i\u1ec7n l\u01b0\u1edbi \u2013 m\u00e1y ph\u00e1t \u2013 pin l\u01b0u tr\u1eef<\/p>\r\n<\/li>\r\n<\/ul>","protected":false},"excerpt":{"rendered":"<p data-start=\"2298\" data-end=\"2632\"><strong data-start=\"2298\" data-end=\"2321\">GoodWe STS200-80-10<\/strong> l\u00e0 <strong data-start=\"2325\" data-end=\"2373\">b\u1ed9 chuy\u1ec3n m\u1ea1ch t\u0129nh (Static Transfer Switch)<\/strong> cao c\u1ea5p \u0111\u01b0\u1ee3c thi\u1ebft k\u1ebf cho h\u1ec7 th\u1ed1ng l\u01b0u tr\u1eef \u0111i\u1ec7n n\u0103ng th\u01b0\u01a1ng m\u1ea1i v\u00e0 c\u00f4ng nghi\u1ec7p. Thi\u1ebft b\u1ecb cho ph\u00e9p <strong data-start=\"2472\" data-end=\"2502\">chuy\u1ec3n \u0111\u1ed5i t\u1ee9c th\u00ec (&lt;10ms)<\/strong> gi\u1eefa ch\u1ebf \u0111\u1ed9 h\u00f2a l\u01b0\u1edbi v\u00e0 off-grid, \u0111\u1ea3m b\u1ea3o c\u1ea5p \u0111i\u1ec7n li\u00ean t\u1ee5c cho c\u00e1c t\u1ea3i quan tr\u1ecdng nh\u01b0 m\u00e1y ch\u1ee7, b\u01a1m, ho\u1eb7c thi\u1ebft b\u1ecb c\u00f4ng nghi\u1ec7p.<\/p>\r\n<p data-start=\"2634\" data-end=\"2948\">STS h\u1ed7 tr\u1ee3 <strong data-start=\"2645\" data-end=\"2673\">c\u00f4ng su\u1ea5t \u0111\u1ecbnh m\u1ee9c 50kVA<\/strong>, t\u1ea3i d\u1ef1 ph\u00f2ng t\u1ed1i \u0111a <strong data-start=\"2695\" data-end=\"2711\">138kW (200A)<\/strong> v\u00e0 t\u01b0\u01a1ng th\u00edch ho\u00e0n h\u1ea3o v\u1edbi <strong data-start=\"2740\" data-end=\"2767\">bi\u1ebfn t\u1ea7n GoodWe ET 50kW<\/strong>, mang \u0111\u1ebfn kh\u1ea3 n\u0103ng chuy\u1ec3n m\u1ea1ch c\u1ea5p \u0111\u1ed9 UPS. Ngo\u00e0i ra, thi\u1ebft b\u1ecb c\u00f2n h\u1ed7 tr\u1ee3 <strong data-start=\"2841\" data-end=\"2879\">k\u1ebft n\u1ed1i m\u00e1y ph\u00e1t \u0111i\u1ec7n, inverter PV<\/strong> v\u00e0 <strong data-start=\"2883\" data-end=\"2904\">t\u1ea3i c\u00f4ng su\u1ea5t l\u1edbn<\/strong>, gi\u00fap t\u1ed1i \u01b0u kh\u1ea3 n\u0103ng qu\u1ea3n l\u00fd ngu\u1ed3n \u0111i\u1ec7n.<\/p>\r\n<p data-start=\"2950\" data-end=\"3275\">Thi\u1ebft k\u1ebf \u0111\u1ea1t chu\u1ea9n <strong data-start=\"2969\" data-end=\"2977\">IP65<\/strong>, ho\u1ea1t \u0111\u1ed9ng \u1ed5n \u0111\u1ecbnh trong m\u00f4i tr\u01b0\u1eddng kh\u1eafc nghi\u1ec7t t\u1eeb <strong data-start=\"3029\" data-end=\"3048\">-35\u00b0C \u0111\u1ebfn +60\u00b0C<\/strong>, l\u00e0m m\u00e1t t\u1ef1 nhi\u00ean, b\u1ec1n b\u1ec9 v\u00e0 an to\u00e0n. <strong data-start=\"3087\" data-end=\"3110\">GoodWe STS200-80-10<\/strong> l\u00e0 gi\u1ea3i ph\u00e1p l\u00fd t\u01b0\u1edfng cho c\u00e1c <strong data-start=\"3141\" data-end=\"3204\">d\u1ef1 \u00e1n C&amp;I, h\u1ec7 th\u1ed1ng l\u01b0u tr\u1eef n\u0103ng l\u01b0\u1ee3ng v\u00e0 trung t\u00e2m d\u1eef li\u1ec7u<\/strong>, n\u01a1i y\u00eau c\u1ea7u ngu\u1ed3n \u0111i\u1ec7n \u1ed5n \u0111\u1ecbnh, tin c\u1eady v\u00e0 chuy\u1ec3n m\u1ea1ch nhanh ch\u00f3ng.<\/p>","protected":false},"featured_media":1223,"comment_status":"open","ping_status":"closed","template":"","meta":{"_acf_changed":false},"product_brand":[40],"product_cat":[25],"product_tag":[],"class_list":{"0":"post-1221","1":"product","2":"type-product","3":"status-publish","4":"has-post-thumbnail","6":"product_brand-goodwe","7":"product_cat-phu-kien","9":"first","10":"instock","11":"shipping-taxable","12":"product-type-simple"},"acf":[],"_links":{"self":[{"href":"https:\/\/mpenergy.vn\/en\/wp-json\/wp\/v2\/product\/1221","targetHints":{"allow":["GET"]}}],"collection":[{"href":"https:\/\/mpenergy.vn\/en\/wp-json\/wp\/v2\/product"}],"about":[{"href":"https:\/\/mpenergy.vn\/en\/wp-json\/wp\/v2\/types\/product"}],"replies":[{"embeddable":true,"href":"https:\/\/mpenergy.vn\/en\/wp-json\/wp\/v2\/comments?post=1221"}],"wp:featuredmedia":[{"embeddable":true,"href":"https:\/\/mpenergy.vn\/en\/wp-json\/wp\/v2\/media\/1223"}],"wp:attachment":[{"href":"https:\/\/mpenergy.vn\/en\/wp-json\/wp\/v2\/media?parent=1221"}],"wp:term":[{"taxonomy":"product_brand","embeddable":true,"href":"https:\/\/mpenergy.vn\/en\/wp-json\/wp\/v2\/product_brand?post=1221"},{"taxonomy":"product_cat","embeddable":true,"href":"https:\/\/mpenergy.vn\/en\/wp-json\/wp\/v2\/product_cat?post=1221"},{"taxonomy":"product_tag","embeddable":true,"href":"https:\/\/mpenergy.vn\/en\/wp-json\/wp\/v2\/product_tag?post=1221"}],"curies":[{"name":"wp","href":"https:\/\/api.w.org\/{rel}","templated":true}]}}