{"id":1706,"date":"2026-02-27T15:15:06","date_gmt":"2026-02-27T08:15:06","guid":{"rendered":"https:\/\/mpenergy.vn\/"},"modified":"2026-03-16T09:24:21","modified_gmt":"2026-03-16T02:24:21","slug":"pin-luu-tru-goodwe-5kwh","status":"publish","type":"product","link":"https:\/\/mpenergy.vn\/en\/pin-luu-tru-goodwe-5kwh\/","title":{"rendered":"Pin L\u01b0u Tr\u1eef GoodWe 5kWh \u2013 \u00c1p th\u1ea5p | Lynx U G3"},"content":{"rendered":"<strong>Pin l\u01b0u tr\u1eef GoodWe 5kWh<\/strong> S\u00ea-ri Lynx U G3 \u0111\u01b0\u1ee3c thi\u1ebft k\u1ebf t\u1ec9 m\u1ec9 cho nh\u1eefng ng\u00f4i nh\u00e0 hi\u1ec7n \u0111\u1ea1i, mang \u0111\u1ebfn c\u00e1c gi\u1ea3i ph\u00e1p l\u01b0u tr\u1eef n\u0103ng l\u01b0\u1ee3ng n\u00e2ng cao v\u00e0 \u0111\u00e1ng tin c\u1eady.\r\n\r\nThi\u1ebft k\u1ebf g\u1ecdn nh\u1eb9 c\u1ee7a s\u1ea3n ph\u1ea9m b\u1ea3o \u0111\u1ea3m d\u1ec5 d\u00e0ng t\u00edch h\u1ee3p v\u00e0o ng\u00f4i nh\u00e0 cho c\u1ea3 c\u00e1c \u1ee9ng d\u1ee5ng t\u1ef1 ti\u00eau d\u00f9ng l\u1eabn d\u1ef1 ph\u00f2ng.\r\n\r\n\u0110\u01b0\u1ee3c trang b\u1ecb c\u00f4ng ngh\u1ec7 l\u00e0m n\u00f3ng pin \u0111\u1ed9c \u0111\u00e1o, s\u1ea3n ph\u1ea9m ho\u1ea1t \u0111\u1ed9ng hi\u1ec7u qu\u1ea3 ngay c\u1ea3 \u1edf nhi\u1ec7t \u0111\u1ed9 th\u1ea5p.\r\n\r\nV\u1edbi c\u00f4ng ngh\u1ec7 pin LFP hi\u1ec7u su\u1ea5t cao, s\u1ea3n ph\u1ea9m n\u00e0y t\u1ef1 h\u00e0o c\u00f3 t\u1ed1c \u0111\u1ed9 s\u1ea1c t\u1ed1i \u0111a 90A\/t\u1ed1c \u0111\u1ed9 x\u1ea3 t\u1ed1i \u0111a 100A.\r\n\r\nC\u00e1c t\u00f9y ch\u1ecdn l\u1eafp \u0111\u1eb7t linh ho\u1ea1t c\u1ee7a pin\u2014g\u1eafn tr\u00ean s\u00e0n ho\u1eb7c t\u01b0\u1eddng\u2014gi\u00fap l\u1eafp \u0111\u1eb7t d\u1ec5 d\u00e0ng, \u0111\u1ed3ng th\u1eddi kh\u1ea3 n\u0103ng m\u1edf r\u1ed9ng c\u1ee7a pin cho ph\u00e9p k\u1ebft n\u1ed1i song song t\u1ed1i \u0111a 30 m\u00f4-\u0111un, \u0111\u1ea1t t\u1ed5ng c\u00f4ng su\u1ea5t 150kWh.\r\n\r\n<img loading=\"lazy\" decoding=\"async\" class=\"aligncenter size-large wp-image-1709\" src=\"https:\/\/mpenergy.vn\/wp-content\/uploads\/2026\/02\/Pin-luu-tru-U-G3-5kWh-1024x1024.jpg\" alt=\"\" width=\"1020\" height=\"1020\" srcset=\"https:\/\/mpenergy.vn\/wp-content\/uploads\/2026\/02\/Pin-luu-tru-U-G3-5kWh-1024x1024.jpg 1024w, https:\/\/mpenergy.vn\/wp-content\/uploads\/2026\/02\/Pin-luu-tru-U-G3-5kWh-300x300.jpg 300w, https:\/\/mpenergy.vn\/wp-content\/uploads\/2026\/02\/Pin-luu-tru-U-G3-5kWh-150x150.jpg 150w, https:\/\/mpenergy.vn\/wp-content\/uploads\/2026\/02\/Pin-luu-tru-U-G3-5kWh-768x768.jpg 768w, https:\/\/mpenergy.vn\/wp-content\/uploads\/2026\/02\/Pin-luu-tru-U-G3-5kWh-12x12.jpg 12w, https:\/\/mpenergy.vn\/wp-content\/uploads\/2026\/02\/Pin-luu-tru-U-G3-5kWh-500x500.jpg 500w, https:\/\/mpenergy.vn\/wp-content\/uploads\/2026\/02\/Pin-luu-tru-U-G3-5kWh-1000x1000.jpg 1000w, https:\/\/mpenergy.vn\/wp-content\/uploads\/2026\/02\/Pin-luu-tru-U-G3-5kWh-100x100.jpg 100w, https:\/\/mpenergy.vn\/wp-content\/uploads\/2026\/02\/Pin-luu-tru-U-G3-5kWh.jpg 1080w\" sizes=\"auto, (max-width: 1020px) 100vw, 1020px\" \/>","protected":false},"excerpt":{"rendered":"Pin l\u01b0u tr\u1eef GoodWe 5kWh s\u1eed d\u1ee5ng c\u00f4ng ngh\u1ec7 LFP ti\u00ean ti\u1ebfn, n\u1ed5i b\u1eadt v\u1edbi \u0111\u1ed9 \u1ed5n \u0111\u1ecbnh cao su\u1ed1t v\u00f2ng \u0111\u1eddi s\u1eed d\u1ee5ng v\u00e0 hi\u1ec7u su\u1ea5t ho\u1ea1t \u0111\u1ed9ng l\u00e2u d\u00e0i.\r\n\r\nV\u1edbi x\u1ebfp h\u1ea1ng b\u1ea3o v\u1ec7 IP65, pin l\u01b0u tr\u1eef n\u00e0y ch\u1ecbu \u0111\u01b0\u1ee3c nhi\u1ec1u \u0111i\u1ec1u ki\u1ec7n m\u00f4i tr\u01b0\u1eddng kh\u1eafc nghi\u1ec7t, ph\u00f9 h\u1ee3p cho c\u1ea3 l\u1eafp \u0111\u1eb7t trong nh\u00e0 l\u1eabn ngo\u00e0i tr\u1eddi, \u0111\u1ea3m b\u1ea3o l\u01b0u tr\u1eef n\u0103ng l\u01b0\u1ee3ng \u1ed5n \u0111\u1ecbnh v\u00e0 an to\u00e0n.","protected":false},"featured_media":1709,"comment_status":"open","ping_status":"closed","template":"","meta":{"_acf_changed":false},"product_brand":[],"product_cat":[24],"product_tag":[],"class_list":{"0":"post-1706","1":"product","2":"type-product","3":"status-publish","4":"has-post-thumbnail","6":"product_cat-pin-luu-tru","8":"first","9":"instock","10":"shipping-taxable","11":"product-type-simple"},"acf":[],"_links":{"self":[{"href":"https:\/\/mpenergy.vn\/en\/wp-json\/wp\/v2\/product\/1706","targetHints":{"allow":["GET"]}}],"collection":[{"href":"https:\/\/mpenergy.vn\/en\/wp-json\/wp\/v2\/product"}],"about":[{"href":"https:\/\/mpenergy.vn\/en\/wp-json\/wp\/v2\/types\/product"}],"replies":[{"embeddable":true,"href":"https:\/\/mpenergy.vn\/en\/wp-json\/wp\/v2\/comments?post=1706"}],"wp:featuredmedia":[{"embeddable":true,"href":"https:\/\/mpenergy.vn\/en\/wp-json\/wp\/v2\/media\/1709"}],"wp:attachment":[{"href":"https:\/\/mpenergy.vn\/en\/wp-json\/wp\/v2\/media?parent=1706"}],"wp:term":[{"taxonomy":"product_brand","embeddable":true,"href":"https:\/\/mpenergy.vn\/en\/wp-json\/wp\/v2\/product_brand?post=1706"},{"taxonomy":"product_cat","embeddable":true,"href":"https:\/\/mpenergy.vn\/en\/wp-json\/wp\/v2\/product_cat?post=1706"},{"taxonomy":"product_tag","embeddable":true,"href":"https:\/\/mpenergy.vn\/en\/wp-json\/wp\/v2\/product_tag?post=1706"}],"curies":[{"name":"wp","href":"https:\/\/api.w.org\/{rel}","templated":true}]}}