{"id":1712,"date":"2026-02-27T15:31:41","date_gmt":"2026-02-27T08:31:41","guid":{"rendered":"https:\/\/mpenergy.vn\/"},"modified":"2026-03-14T08:02:21","modified_gmt":"2026-03-14T01:02:21","slug":"pin-luu-tru-goodwe-ap-cao","status":"publish","type":"product","link":"https:\/\/mpenergy.vn\/en\/pin-luu-tru-goodwe-ap-cao\/","title":{"rendered":"Pin L\u01b0u Tr\u1eef GoodWe 60-110 kWh \u2013 \u00c1p cao | BAT-C"},"content":{"rendered":"<strong>Pin L\u01b0u Tr\u1eef GoodWe<\/strong> 60-110 kWh \u2013 \u00c1p cao S\u00ea-ri BAT-C c\u1ee7a GoodWe, c\u00f3 s\u1eb5n theo c\u00e1c dung l\u01b0\u1ee3ng 61,4kWh, 102,4kWh v\u00e0 112,6kWh, \u0111\u01b0\u1ee3c thi\u1ebft k\u1ebf \u0111\u1eb7c bi\u1ec7t cho c\u00e1c \u1ee9ng d\u1ee5ng trong th\u01b0\u01a1ng m\u1ea1i v\u00e0 c\u00f4ng nghi\u1ec7p (C&amp;I) quy m\u00f4 v\u1eeba v\u00e0 nh\u1ecf.\r\n\r\n\u0110\u01b0\u1ee3c k\u1ebft h\u1ee3p v\u1edbi b\u1ed9 bi\u1ebfn t\u1ea7n lai GoodWe ET, h\u1ed9p B\u1ed9 chuy\u1ec3n m\u1ea1ch t\u0129nh (STS), h\u1ec7 th\u1ed1ng pin l\u01b0u tr\u1eef BAT-C cung c\u1ea5p gi\u1ea3i ph\u00e1p l\u01b0u tr\u1eef n\u0103ng l\u01b0\u1ee3ng ho\u00e0n ch\u1ec9nh, d\u1ec5 l\u1eafp \u0111\u1eb7t v\u00e0 hi\u1ec7u su\u1ea5t cao. H\u1ec7 th\u1ed1ng m\u1ea1nh m\u1ebd n\u00e0y cung c\u1ea5p kh\u1ea3 n\u0103ng d\u1ef1 ph\u00f2ng n\u0103ng l\u01b0\u1ee3ng hi\u1ec7u qu\u1ea3, c\u1eaft gi\u1ea3m ph\u1ee5 t\u1ea3i \u0111\u1ec9nh v\u00e0 qu\u1ea3n l\u00fd t\u1ea3i l\u01b0\u1ee3ng t\u1ed1i \u01b0u.","protected":false},"excerpt":{"rendered":"<div class=\"he_c04p3ktj wow g_fadeup1\">\r\n\r\nPin L\u01b0u Tr\u1eef GoodWe 60-110 kWh \u2013 \u00c1p cao BAT-C \u0111\u01b0\u1ee3c ch\u1ebf t\u1ea1o d\u1ef1a tr\u00ean c\u00f4ng ngh\u1ec7 LFP \u0111\u00e1ng tin c\u1eady, \u0111\u1ed9 \u1ed5n \u0111\u1ecbnh cao su\u1ed1t v\u00f2ng \u0111\u1eddi s\u1eed d\u1ee5ng v\u00e0 hi\u1ec7u su\u1ea5t ho\u1ea1t \u0111\u1ed9ng l\u00e2u d\u00e0i. \u0110\u1ed9 an to\u00e0n \u0111\u01b0\u1ee3c t\u0103ng c\u01b0\u1eddng th\u00f4ng qua theo d\u00f5i \u0111\u1ed9 \u1ea9m \u1edf c\u1ea5p \u0111\u1ed9 b\u1ed9 pin v\u1edbi h\u1ec7 th\u1ed1ng kh\u1eed \u1ea9m t\u1ef1 \u0111\u1ed9ng, \u0111\u1ea3m b\u1ea3o \u0111i\u1ec1u ki\u1ec7n b\u00ean trong t\u1ed1i \u01b0u. Ngo\u00e0i ra, h\u1ec7 th\u1ed1ng d\u1eadp l\u1eeda d\u1ea1ng aerosol cung c\u1ea5p kh\u1ea3 n\u0103ng b\u1ea3o v\u1ec7 t\u00e1c d\u1ee5ng nhanh \u1edf c\u1ea3 c\u1ea5p \u0111\u1ed9 b\u1ed9 pin l\u1eabn t\u1ee7, mang l\u1ea1i m\u1ee9c \u0111\u1ed9 an to\u00e0n nhi\u1ec1u l\u1edbp tr\u00ean to\u00e0n b\u1ed9 h\u1ec7 th\u1ed1ng.\r\n\r\n<\/div>","protected":false},"featured_media":1867,"comment_status":"open","ping_status":"closed","template":"","meta":{"_acf_changed":false},"product_brand":[],"product_cat":[24],"product_tag":[],"class_list":{"0":"post-1712","1":"product","2":"type-product","3":"status-publish","4":"has-post-thumbnail","6":"product_cat-pin-luu-tru","8":"first","9":"instock","10":"shipping-taxable","11":"product-type-simple"},"acf":[],"_links":{"self":[{"href":"https:\/\/mpenergy.vn\/en\/wp-json\/wp\/v2\/product\/1712","targetHints":{"allow":["GET"]}}],"collection":[{"href":"https:\/\/mpenergy.vn\/en\/wp-json\/wp\/v2\/product"}],"about":[{"href":"https:\/\/mpenergy.vn\/en\/wp-json\/wp\/v2\/types\/product"}],"replies":[{"embeddable":true,"href":"https:\/\/mpenergy.vn\/en\/wp-json\/wp\/v2\/comments?post=1712"}],"wp:featuredmedia":[{"embeddable":true,"href":"https:\/\/mpenergy.vn\/en\/wp-json\/wp\/v2\/media\/1867"}],"wp:attachment":[{"href":"https:\/\/mpenergy.vn\/en\/wp-json\/wp\/v2\/media?parent=1712"}],"wp:term":[{"taxonomy":"product_brand","embeddable":true,"href":"https:\/\/mpenergy.vn\/en\/wp-json\/wp\/v2\/product_brand?post=1712"},{"taxonomy":"product_cat","embeddable":true,"href":"https:\/\/mpenergy.vn\/en\/wp-json\/wp\/v2\/product_cat?post=1712"},{"taxonomy":"product_tag","embeddable":true,"href":"https:\/\/mpenergy.vn\/en\/wp-json\/wp\/v2\/product_tag?post=1712"}],"curies":[{"name":"wp","href":"https:\/\/api.w.org\/{rel}","templated":true}]}}