{"id":1718,"date":"2026-02-27T15:48:55","date_gmt":"2026-02-27T08:48:55","guid":{"rendered":"https:\/\/mpenergy.vn\/"},"modified":"2026-03-16T09:36:34","modified_gmt":"2026-03-16T02:36:34","slug":"pin-luu-tru-goodwe-ap-cao-lynx-home-f-plus","status":"publish","type":"product","link":"https:\/\/mpenergy.vn\/en\/pin-luu-tru-goodwe-ap-cao-lynx-home-f-plus\/","title":{"rendered":"Pin L\u01b0u Tr\u1eef GoodWe 6.6 &#8211; 16.4 \u00c1p Cao | Lynx Home F Plus+"},"content":{"rendered":"<strong>D\u00f2ng Pin L\u01b0u Tr\u1eef GoodWe 6.6 &#8211; 16.4 cao \u00e1p Lynx Home F Plus+<\/strong> l\u00e0 l\u1ef1a ch\u1ecdn ho\u00e0n h\u1ea3o v\u00e0 l\u00e0 \u0111i\u1ec3m nh\u1ea5n c\u1ee7a gi\u1ea3i ph\u00e1p l\u01b0u tr\u1eef n\u0103ng l\u01b0\u1ee3ng ho\u00e0n ch\u1ec9nh c\u1ee7a GoodWe, hi\u1ec7n th\u1ef1c h\u00f3a vi\u1ec7c gi\u00e1m s\u00e1t t\u1eeb xa to\u00e0n b\u1ed9 h\u1ec7 th\u1ed1ng l\u01b0u tr\u1eef n\u0103ng l\u01b0\u1ee3ng ch\u1ec9 v\u1edbi m\u1ed9t \u1ee9ng d\u1ee5ng. N\u00f3 cung c\u1ea5p d\u1ea3i c\u00f4ng su\u1ea5t r\u1ed9ng t\u1eeb 6,6 kWh \u0111\u1ebfn 16,4 kWh, v\u00e0 cho ph\u00e9p n\u1ed1i song song c\u00f3 th\u1ec3 m\u1edf r\u1ed9ng l\u00ean \u0111\u1ebfn 8 th\u00e1p v\u1edbi c\u00f4ng su\u1ea5t t\u1ed1i \u0111a l\u00e0 131 kWh.\r\n\r\nDo \u0111\u00f3, <strong>D\u00f2ng Pin L\u01b0u Tr\u1eef GoodWe 6.6 &#8211; 16.4 cao \u00e1p Lynx Home F Plus+<\/strong> c\u00f3 th\u1ec3 cung c\u1ea5p nhi\u1ec1u t\u00f9y ch\u1ecdn l\u01b0u tr\u1eef n\u0103ng l\u01b0\u1ee3ng to\u00e0n di\u1ec7n \u0111\u1ec3 \u0111\u00e1p \u1ee9ng c\u00e1c y\u00eau c\u1ea7u kh\u1eaft khe c\u1ee7a d\u1ef1 \u00e1n, t\u1eeb t\u1ed1i \u01b0u h\u00f3a kh\u1ea3 n\u0103ng t\u1ef1 ti\u00eau th\u1ee5 \u0111\u1ebfn s\u1eed d\u1ee5ng d\u1ef1 ph\u00f2ng. C\u00e1c m\u00f4-\u0111un t\u1ef1 \u0111\u1ed9ng nh\u1eadn d\u1ea1ng c\u00f3 th\u1ec3 x\u1ebfp ch\u1ed3ng l\u00ean nhau l\u00e0m cho h\u1ec7 th\u1ed1ng \u0111\u1eb7c bi\u1ec7t d\u1ec5 c\u00e0i \u0111\u1eb7t v\u00e0 b\u1ea3o tr\u00ec. C\u00f4ng ngh\u1ec7 t\u1ebf b\u00e0o pin lithium iron phosphate (LFP) \u0111\u00e1ng tin c\u1eady \u0111\u1ea3m b\u1ea3o an to\u00e0n t\u1ed1i \u0111a v\u00e0 v\u00f2ng \u0111\u1eddi l\u00e2u h\u01a1n. H\u01a1n n\u1eefa, <strong>D\u00f2ng Pin L\u01b0u Tr\u1eef GoodWe 6.6 &#8211; 16.4 cao \u00e1p Lynx Home F Plus+<\/strong> t\u01b0\u01a1ng th\u00edch v\u1edbi bi\u1ebfn t\u1ea7n GoodWe BH \/ EH \/ BT \/ ET. H\u00e3y ch\u1ecdn D\u00f2ng pin Lynx Home F PLUS+, ch\u1ecdn kh\u1ea3 n\u0103ng l\u01b0u tr\u1eef n\u0103ng l\u01b0\u1ee3ng m\u1ea1nh m\u1ebd cho cu\u1ed9c s\u1ed1ng c\u1ee7a b\u1ea1n.","protected":false},"excerpt":{"rendered":"<strong>D\u00f2ng Pin L\u01b0u Tr\u1eef GoodWe 6.6 &#8211; 16.4 \u00c1p Cao Lynx Home F Plus+<\/strong> c\u00f3 kh\u1ea3 n\u0103ng gi\u00e1m s\u00e1t t\u1eeb xa th\u00f4ng minh to\u00e0n b\u1ed9 h\u1ec7 th\u1ed1ng l\u01b0u tr\u1eef n\u0103ng l\u01b0\u1ee3ng v\u00e0 c\u1eadp nh\u1eadt t\u1eeb xa. N\u00f3 c\u0169ng c\u00f3 th\u1ec3 t\u1ef1 \u0111\u1ed9ng kh\u1edfi \u0111\u1ed9ng l\u1ea1i n\u1ebfu \u0111i\u1ec7n \u00e1p cung c\u1ea5p \u0111\u1ee7 cao tr\u1edf l\u1ea1i sau khi x\u1ea3y ra l\u1ed7i \u0111i\u1ec7n \u00e1p th\u1ea5p. Ki\u1ec3m so\u00e1t th\u00f4ng minh n\u0103ng l\u01b0\u1ee3ng th\u00f4ng minh c\u1ee7a b\u1ea1n.","protected":false},"featured_media":1868,"comment_status":"open","ping_status":"closed","template":"","meta":{"_acf_changed":false},"product_brand":[],"product_cat":[24],"product_tag":[],"class_list":{"0":"post-1718","1":"product","2":"type-product","3":"status-publish","4":"has-post-thumbnail","6":"product_cat-pin-luu-tru","8":"first","9":"instock","10":"shipping-taxable","11":"product-type-simple"},"acf":[],"_links":{"self":[{"href":"https:\/\/mpenergy.vn\/en\/wp-json\/wp\/v2\/product\/1718","targetHints":{"allow":["GET"]}}],"collection":[{"href":"https:\/\/mpenergy.vn\/en\/wp-json\/wp\/v2\/product"}],"about":[{"href":"https:\/\/mpenergy.vn\/en\/wp-json\/wp\/v2\/types\/product"}],"replies":[{"embeddable":true,"href":"https:\/\/mpenergy.vn\/en\/wp-json\/wp\/v2\/comments?post=1718"}],"wp:featuredmedia":[{"embeddable":true,"href":"https:\/\/mpenergy.vn\/en\/wp-json\/wp\/v2\/media\/1868"}],"wp:attachment":[{"href":"https:\/\/mpenergy.vn\/en\/wp-json\/wp\/v2\/media?parent=1718"}],"wp:term":[{"taxonomy":"product_brand","embeddable":true,"href":"https:\/\/mpenergy.vn\/en\/wp-json\/wp\/v2\/product_brand?post=1718"},{"taxonomy":"product_cat","embeddable":true,"href":"https:\/\/mpenergy.vn\/en\/wp-json\/wp\/v2\/product_cat?post=1718"},{"taxonomy":"product_tag","embeddable":true,"href":"https:\/\/mpenergy.vn\/en\/wp-json\/wp\/v2\/product_tag?post=1718"}],"curies":[{"name":"wp","href":"https:\/\/api.w.org\/{rel}","templated":true}]}}