{"id":1782,"date":"2026-03-07T14:23:34","date_gmt":"2026-03-07T07:23:34","guid":{"rendered":"https:\/\/mpenergy.vn\/"},"modified":"2026-03-12T17:05:42","modified_gmt":"2026-03-12T10:05:42","slug":"tam-pin-longi-solar-620w","status":"publish","type":"product","link":"https:\/\/mpenergy.vn\/en\/tam-pin-longi-solar-620w\/","title":{"rendered":"T\u1ea5m Pin Longi Solar 620W"},"content":{"rendered":"<h1><strong>T\u1ea5m Pin Longi Solar 620W<\/strong><\/h1>\r\nT\u1ea5m Pin n\u0103ng l\u01b0\u1ee3ng m\u1eb7t tr\u1eddi Longi 620W Hi-MO 7, thi\u1ebft k\u1ebf c\u1ea3i ti\u1ebfn hi\u1ec7u su\u1ea5t v\u01b0\u1ee3t tr\u1ed9i ph\u00f9 h\u1ee3p cho c\u00e1c khu v\u1ef1c c\u00f3 b\u1ec1 m\u1eb7t ph\u1ea3n x\u1ea1 cao.\r\n\r\nN\u01a1i c\u00f3 nhi\u1ec7t \u0111\u1ed9 m\u00f4i tr\u01b0\u1eddng cao, di\u1ec7n t\u00edch \u0111\u1ea5t h\u1ea1n ch\u1ebfv\u00e0 chi ph\u00ed lao \u0111\u1ed9ng cao\u2026. \u0111\u1ec3 ti\u1ebft ki\u1ec7m chi ph\u00ed hi\u1ec7u qu\u1ea3. T\u1ea5m Pin m\u1eb7t tr\u1eddi Longi 620W th\u01b0\u1eddng l\u1eafp \u0111\u1eb7t cho:\r\n<ul>\r\n \t<li>T\u00f2a nh\u00e0 v\u0103n ph\u00f2ng, c\u01a1 s\u1edf s\u1ea3n xu\u1ea5t, khu c\u00f4ng nghi\u1ec7p<\/li>\r\n \t<li>Kho b\u00e3i, nh\u00e0 x\u01b0\u1edfng, trang tr\u1ea1i\u2026<\/li>\r\n \t<li>Khu ngh\u1ec9 d\u01b0\u1ee1ng, b\u1ec7nh vi\u1ec7n, tr\u01b0\u1eddng h\u1ecdc, nh\u00e0 h\u00e0ng, kh\u00e1ch s\u1ea1n\u2026<\/li>\r\n \t<li>Tr\u1ea1m d\u1ef1 tr\u1eef \u0111i\u1ec7n n\u0103ng, c\u00e1c d\u1ef1 \u00e1n c\u1ed9ng \u0111\u1ed3ng \u1edf v\u00f9ng s\u00e2u v\u00f9ng xa, bi\u1ec3n \u0111\u1ea3o n\u01a1i c\u00f3 \u0111i\u1ec7n l\u01b0\u1edbi kh\u00f4ng \u1ed5n \u0111\u1ecbnh.<\/li>\r\n<\/ul>\r\n<img loading=\"lazy\" decoding=\"async\" class=\"aligncenter size-large wp-image-1785\" src=\"https:\/\/mpenergy.vn\/wp-content\/uploads\/2026\/03\/Longi-620w-1024x487.jpg\" alt=\"\" width=\"1020\" height=\"485\" srcset=\"https:\/\/mpenergy.vn\/wp-content\/uploads\/2026\/03\/Longi-620w-1024x487.jpg 1024w, https:\/\/mpenergy.vn\/wp-content\/uploads\/2026\/03\/Longi-620w-300x143.jpg 300w, https:\/\/mpenergy.vn\/wp-content\/uploads\/2026\/03\/Longi-620w-768x365.jpg 768w, https:\/\/mpenergy.vn\/wp-content\/uploads\/2026\/03\/Longi-620w-1536x730.jpg 1536w, https:\/\/mpenergy.vn\/wp-content\/uploads\/2026\/03\/Longi-620w-18x9.jpg 18w, https:\/\/mpenergy.vn\/wp-content\/uploads\/2026\/03\/Longi-620w-1000x475.jpg 1000w, https:\/\/mpenergy.vn\/wp-content\/uploads\/2026\/03\/Longi-620w.jpg 2048w\" sizes=\"auto, (max-width: 1020px) 100vw, 1020px\" \/>\r\n<h2><b>\u01afu \u0111i\u1ec3m n\u1ed5i b\u1eadt t\u1ea5m pin n\u0103ng l\u01b0\u1ee3ng m\u1eb7t tr\u1eddi LONGi Hi-MO X7 620W<\/b><\/h2>\r\n<ul>\r\n \t<li>C\u00f4ng ngh\u1ec7 HPDC \u0111\u1ed9c quy\u1ec1n do Longi nghi\u00ean c\u1ee9u v\u00e0 th\u01b0\u01a1ng m\u1ea1i ho\u00e1: HPDC hay High Performance and Hybrid Passivated Dual- Junction Cell) s\u1eed d\u1ee5ng cell \u0111\u00f4i gi\u00fap t\u0103ng kh\u1ea3 n\u0103ng h\u1ea5p th\u1ee5 \u00e1nh s\u00e1ng, \u0111\u1eb7c bi\u1ec7t khi \u00e1nh s\u00e1ng y\u1ebfu. C\u00f4ng ngh\u1ec7 m\u1edbi n\u00e0y c\u00f2n gi\u00fap t\u1ea5m pin Longi 620 gi\u1ea3m t\u1ed5n th\u1ea5t khi nhi\u1ec7t \u0111\u1ed9 cao t\u1ed1t h\u01a1n.<\/li>\r\n \t<li>Thi\u1ebft k\u1ebf 2 m\u1eb7t k\u00ednh hi\u1ec7n \u0111\u1ea1i: Longi l\u00e0 m\u1ed9t trong nh\u1eefng h\u00e3ng ti\u00ean phong trong vi\u1ec7c bi\u1ebfn m\u1eb7t sau t\u1ea5m pin l\u00e0 m\u1ed9t n\u01a1i c\u00f3 th\u1ec3 h\u1ea5p th\u1ee5 \u00e1nh s\u00e1ng ph\u1ea3n x\u1ea1, gi\u00fap t\u0103ng c\u01b0\u1eddng c\u00f4ng su\u1ea5t ph\u00e1t \u0111i\u1ec7n \u0111\u1ea7u ra t\u1ed1i \u01b0u h\u01a1n 20 \u2013 25%. Thi\u1ebft k\u1ebf 2 m\u1eb7t k\u00ednh 6mm c\u00f2n gi\u00fap t\u0103ng c\u01b0\u1eddng \u0111\u1ed9 b\u1ec1n, kh\u1ea3 n\u0103ng va \u0111\u1eadp t\u1ed1t h\u01a1n, nh\u1ea5t l\u00e0 khi \u1edf \u0111i\u1ec1u ki\u1ec7n m\u00f4i tr\u01b0\u1eddng t\u1ef1 nhi\u00ean.<\/li>\r\n \t<li>C\u00f4ng su\u1ea5t t\u1ea5m pin l\u1edbn \u2013 ti\u1ebft ki\u1ec7m nhi\u1ec1u chi ph\u00ed h\u01a1n: T\u1ea5m pin Longi Hi-Mo X7 c\u00f4ng su\u1ea5t 620 thu\u1ed9c m\u1ed9t trong nh\u1eefng d\u00f2ng pin c\u00f3 c\u00f4ng su\u1ea5t l\u1edbn hi\u1ec7n nay, gi\u00fap ti\u1ebft ki\u1ec7m chi ph\u00ed cho v\u1eadt t\u01b0, nh\u00e2n c\u00f4ng, di\u1ec7n t\u00edch l\u1eafp \u0111\u1eb7t h\u01a1n tr\u01b0\u1edbc.<\/li>\r\n \t<li>\u0110\u1ed9 b\u1ec1n cao tr\u00ean 30 n\u0103m: V\u1edbi ch\u1ea5t li\u1ec7u cao c\u1ea5p t\u1eeb h\u1ee3p kim nh\u00f4m, thi\u1ebft k\u1ebf 2 m\u0103t k\u00ednh c\u01b0\u1eddng l\u1ef1c, t\u1ea5m pin Longi 620 cho \u0111\u1ed9 b\u1ec1n h\u01a1n 30%, ch\u1ed1ng ch\u1ecbu c\u00e1c \u0111i\u1ec1u ki\u1ec7n th\u1eddi ti\u1ebft c\u1ef1c \u0111oan nh\u01b0 m\u01b0a \u0111\u00e1, b\u00e3o c\u00e1t, tuy\u1ebft d\u00e0y, gi\u00f3 b\u00e3o,\u2026<\/li>\r\n \t<li>H\u1ed9p k\u1ebft n\u1ed1i \u0111\u1ea1t chu\u1ea9n ch\u1ed1ng n\u01b0\u1edbc IP68: T\u1ea5m pin Longi Hi-Mo X7 620 \u0111\u1ea3m b\u1ea3o ho\u1ea1t \u0111\u1ed9ng d\u01b0\u1edbi \u0111i\u1ec1u ki\u1ec7n m\u01b0a l\u1edbn, trong nhi\u1ec1u n\u0103m m\u00e0 kh\u00f4ng g\u00e2y ra h\u01b0 h\u1ecfng n\u00e0o.<\/li>\r\n<\/ul>\r\n<img loading=\"lazy\" decoding=\"async\" class=\"aligncenter size-full wp-image-1784\" src=\"https:\/\/mpenergy.vn\/wp-content\/uploads\/2026\/03\/Datasheet-1-Longi-Hi-MO-X6-Max-LR7-72HTHF-610W-615W-620W-749x1024-1.png\" alt=\"\" width=\"749\" height=\"1024\" srcset=\"https:\/\/mpenergy.vn\/wp-content\/uploads\/2026\/03\/Datasheet-1-Longi-Hi-MO-X6-Max-LR7-72HTHF-610W-615W-620W-749x1024-1.png 749w, https:\/\/mpenergy.vn\/wp-content\/uploads\/2026\/03\/Datasheet-1-Longi-Hi-MO-X6-Max-LR7-72HTHF-610W-615W-620W-749x1024-1-219x300.png 219w, https:\/\/mpenergy.vn\/wp-content\/uploads\/2026\/03\/Datasheet-1-Longi-Hi-MO-X6-Max-LR7-72HTHF-610W-615W-620W-749x1024-1-9x12.png 9w\" sizes=\"auto, (max-width: 749px) 100vw, 749px\" \/>\r\n<h2><b>\u1ee8ng d\u1ee5ng Pin n\u0103ng l\u01b0\u1ee3ng m\u1eb7t tr\u1eddi LONGi Hi-MO 7 620W<\/b><\/h2>\r\nT\u1ea5m pin Longi Hi \u2013 Mo X7 620W \u0111\u01b0\u1ee3c th\u1eeba h\u01b0\u1edfng nhi\u1ec1u c\u00f4ng ngh\u1ec7 hi\u1ec7n \u0111\u1ea1i, gi\u00fap t\u0103ng s\u1ea3n l\u01b0\u1ee3ng \u0111i\u1ec7n \u0111\u1ea7u ra, ph\u00f9 h\u1ee3p v\u1edbi nhi\u1ec1u \u0111i\u1ec1u ki\u1ec7n t\u1ef1 nhi\u00ean kh\u00e1c nhau,\u2026 C\u00f4ng ngh\u1ec7 2 m\u1eb7t k\u00ednh t\u1eadn d\u1ee5ng kh\u1ea3 n\u0103ng h\u1ea5p th\u1ee5 \u00e1nh s\u00e1ng t\u1eeb m\u1eb7t sau, \u1ee9ng d\u1ee5ng cho c\u00e1c d\u1ef1 \u00e1n \u0111i\u1ec7n m\u1eb7t tr\u1eddi m\u1eb7t \u0111\u1ea5t, solar farm, l\u1eafp gi\u00e0n khung,\u2026\r\n<ul>\r\n \t<li>Ph\u00f9 h\u1ee3p v\u1edbi \u0111a d\u1ea1ng \u0111i\u1ec1u ki\u1ec7n kh\u00e1c nhau nh\u01b0: Nh\u00e0 \u1edf, v\u0103n ph\u00f2ng, c\u1eeda h\u00e0ng, qu\u00e1n cafe, nh\u00e0 ngh\u1ec9, khu resort, homestay,..<\/li>\r\n \t<li>D\u1ef1 \u00e1n \u0111i\u1ec7n m\u1eb7t tr\u1eddi quy m\u00f4 l\u1edbn: Tr\u01b0\u1eddng h\u1ecdc, b\u1ec7nh vi\u1ec7n, nh\u00e0 x\u01b0\u1edfng, khu ch\u1ebf bi\u1ebfn,\u2026<\/li>\r\n \t<li>Tr\u1ea1m n\u0103ng l\u01b0\u1ee3ng: <a href=\"https:\/\/mpenergy.vn\/en\/he-thong-dien-nang-luong-mat-troi-la-gi\/\">H\u1ec7 th\u1ed1ng \u0111i\u1ec7n m\u1eb7t tr\u1eddi<\/a> c\u00f3 l\u01b0u tr\u1eef cho c\u00f4ng nghi\u1ec7p, khu v\u1ef1c xa \u0111i\u1ec7n l\u01b0\u1edbi, h\u1ea3i \u0111\u1ea3o, mi\u1ec1n n\u00fai,\u2026<\/li>\r\n<\/ul>\r\n<a href=\"https:\/\/www.facebook.com\/mpsolar.vn\/\" target=\"_blank\" rel=\"noopener\"><span style=\"color: #339966;\"><strong><mark class=\"has-inline-color has-primary-color\">MP Energy<\/mark><\/strong><\/span><\/a>\u00a0l\u00e0 \u0111\u01a1n v\u1ecb uy t\u00edn h\u00e0ng \u0111\u1ea7u chuy\u00ean cung c\u1ea5p c\u00e1c d\u00f2ng pin t\u1eeb\u00a0<strong>LONGi Solar<\/strong>\u00a0v\u00e0\u00a0<strong>JA Solar<\/strong>.\r\n<ul class=\"wp-block-list\">\r\n \t<li><strong>T\u1ea1i sao ch\u1ecdn\u00a0<span style=\"color: #339966;\"><mark class=\"has-inline-color has-primary-color\">MP Energy<\/mark><\/span>?<\/strong>\r\n<ul class=\"wp-block-list\">\r\n \t<li>Cam k\u1ebft h\u00e0ng ch\u00ednh h\u00e3ng 100%, \u0111\u1ea7y \u0111\u1ee7 ch\u1ee9ng ch\u1ec9 CO\/CQ.<\/li>\r\n \t<li>M\u1ee9c gi\u00e1 c\u1ea1nh tranh nh\u1ea5t th\u1ecb tr\u01b0\u1eddng nh\u1edd m\u1ed1i quan h\u1ec7 \u0111\u1ed1i t\u00e1c chi\u1ebfn l\u01b0\u1ee3c.<\/li>\r\n \t<li>Ch\u00ednh s\u00e1ch b\u1ea3o h\u00e0nh v\u1eadt l\u00fd 12-15 n\u0103m v\u00e0 b\u1ea3o h\u00e0nh hi\u1ec7u su\u1ea5t l\u00ean \u0111\u1ebfn 25-30 n\u0103m.<\/li>\r\n \t<li>H\u1ed7 tr\u1ee3 t\u01b0 v\u1ea5n k\u1ef9 thu\u1eadt chuy\u00ean s\u00e2u cho m\u1ecdi c\u00f4ng tr\u00ecnh t\u1eeb \u00e1p m\u00e1i h\u1ed9 gia \u0111\u00ecnh \u0111\u1ebfn nh\u00e0 x\u01b0\u1edfng c\u00f4ng nghi\u1ec7p.<\/li>\r\n<\/ul>\r\n<\/li>\r\n<\/ul>","protected":false},"excerpt":{"rendered":"<strong>T\u1ea5m pin LONGi 620W \u2013 625W Hi-MO 7\u00a0<\/strong>l\u00e0 m\u1ed9t trong nh\u1eefng d\u00f2ng t\u1ea5m Pin \u00a0cao c\u1ea5p g\u00e2y \u0111\u01b0\u1ee3c \u1ea5n t\u01b0\u1ee3ng v\u1edbi nhi\u1ec1u kh\u00e1ch h\u00e0ng tr\u00ean to\u00e0n c\u1ea7u, b\u1edfi ti\u00ean phong trong thi\u1ebft k\u1ebf 2 m\u1eb7t k\u00ednh, \u0111i k\u00e8m v\u1edbi c\u00f4ng ngh\u1ec7 HPDC \u0111\u1ed9c quy\u1ec1n, gi\u00fap mang l\u1ea1i hi\u1ec7u su\u1ea5t cao h\u01a1n, ho\u1ea1t \u0111\u1ed9ng \u1ed5n \u0111\u1ecbnh d\u01b0\u1edbi nhi\u1ec1u \u0111i\u1ec1u ki\u1ec7n \u00e1nh s\u00e1ng, \u0111\u1ed9 b\u1ec1n v\u01b0\u1ee3t tr\u1ed9i tr\u00ean 30 n\u0103m.\r\n<ul>\r\n \t<li><strong>Hi\u1ec7u su\u1ea5t:\u00a0<\/strong>22.2%<\/li>\r\n \t<li><strong>K\u00edch c\u1ee1:<\/strong>\u00a02382*1134*30 (mm)<\/li>\r\n \t<li><strong>Tr\u1ecdng l\u01b0\u1ee3ng:<\/strong> 33.5 kg<\/li>\r\n \t<li><strong>B\u1ea3o h\u00e0nh:\u00a0<\/strong>12 n\u0103m<\/li>\r\n \t<li><strong>B\u1ea3o h\u00e0nh hi\u1ec7u su\u1ea5t:\u00a0<\/strong>30 n\u0103m<\/li>\r\n<\/ul>","protected":false},"featured_media":1870,"comment_status":"open","ping_status":"closed","template":"","meta":{"_acf_changed":false},"product_brand":[],"product_cat":[23],"product_tag":[],"class_list":{"0":"post-1782","1":"product","2":"type-product","3":"status-publish","4":"has-post-thumbnail","6":"product_cat-tam-pin","8":"first","9":"instock","10":"shipping-taxable","11":"product-type-simple"},"acf":[],"_links":{"self":[{"href":"https:\/\/mpenergy.vn\/en\/wp-json\/wp\/v2\/product\/1782","targetHints":{"allow":["GET"]}}],"collection":[{"href":"https:\/\/mpenergy.vn\/en\/wp-json\/wp\/v2\/product"}],"about":[{"href":"https:\/\/mpenergy.vn\/en\/wp-json\/wp\/v2\/types\/product"}],"replies":[{"embeddable":true,"href":"https:\/\/mpenergy.vn\/en\/wp-json\/wp\/v2\/comments?post=1782"}],"wp:featuredmedia":[{"embeddable":true,"href":"https:\/\/mpenergy.vn\/en\/wp-json\/wp\/v2\/media\/1870"}],"wp:attachment":[{"href":"https:\/\/mpenergy.vn\/en\/wp-json\/wp\/v2\/media?parent=1782"}],"wp:term":[{"taxonomy":"product_brand","embeddable":true,"href":"https:\/\/mpenergy.vn\/en\/wp-json\/wp\/v2\/product_brand?post=1782"},{"taxonomy":"product_cat","embeddable":true,"href":"https:\/\/mpenergy.vn\/en\/wp-json\/wp\/v2\/product_cat?post=1782"},{"taxonomy":"product_tag","embeddable":true,"href":"https:\/\/mpenergy.vn\/en\/wp-json\/wp\/v2\/product_tag?post=1782"}],"curies":[{"name":"wp","href":"https:\/\/api.w.org\/{rel}","templated":true}]}}