{"id":417,"date":"2025-08-31T23:40:00","date_gmt":"2025-08-31T16:40:00","guid":{"rendered":"https:\/\/mpenergy.vn\/tam-pin-ja-625wp-ntype-hai-mat-kinh-jam72d42-625-lb-27\/"},"modified":"2026-03-14T08:07:22","modified_gmt":"2026-03-14T01:07:22","slug":"bien-tan-goodwe-hybrid-1-pha-ap-thap-10kw","status":"publish","type":"product","link":"https:\/\/mpenergy.vn\/en\/bien-tan-goodwe-hybrid-1-pha-ap-thap-10kw\/","title":{"rendered":"Bi\u1ebfn t\u1ea7n GoodWe Hybrid 1 pha \u00e1p th\u1ea5p 10KW | GW10K-ES-C10"},"content":{"rendered":"<div class=\"Y3BBE\" data-sfc-cp=\"\" data-sfc-cb=\"\" data-hveid=\"CAEIARAA\" data-complete=\"true\" data-processed=\"true\">Bi\u1ebfn t\u1ea7n GoodWe Hybrid 1 pha \u00e1p th\u1ea5p 10KW l\u00e0 th\u01b0\u01a1ng hi\u1ec7u h\u00e0ng \u0111\u1ea7u th\u1ebf gi\u1edbi, n\u1ed5i ti\u1ebfng nh\u1ea5t v\u1edbi v\u1ecb th\u1ebf <strong class=\"Yjhzub\" data-sfc-cb=\"\" data-complete=\"true\" data-processed=\"true\">s\u1ed1 1 v\u1ec1 d\u00f2ng hybrid<\/strong>\u00a0(l\u01b0u tr\u1eef). S\u1ea3n ph\u1ea9m c\u1ee7a h\u00e3ng c\u00f3 d\u1ea3i c\u00f4ng su\u1ea5t c\u1ef1c k\u1ef3 linh ho\u1ea1t, t\u1eeb c\u00e1c b\u1ed9 h\u00f2a l\u01b0\u1edbi nh\u1ecf cho gia \u0111\u00ecnh \u0111\u1ebfn c\u00e1c h\u1ec7 th\u1ed1ng c\u00f4ng su\u1ea5t l\u1edbn 250kW cho doanh nghi\u1ec7p.<\/div>\r\n<div class=\"Y3BBE\" data-sfc-cp=\"\" data-sfc-cb=\"\" data-hveid=\"CAEIAhAA\" data-complete=\"true\" data-processed=\"true\" aria-owns=\"action-menu-parent-container\">\u0110i\u1ec3m m\u1ea1nh c\u1ee7a <strong>GoodWe<\/strong> n\u1eb1m \u1edf\u00a0<strong class=\"Yjhzub\" data-sfc-cb=\"\" data-complete=\"true\" data-processed=\"true\">hi\u1ec7u su\u1ea5t chuy\u1ec3n \u0111\u1ed5i cao<\/strong>, v\u1eadn h\u00e0nh \u00eam \u00e1i v\u00e0 t\u00edch h\u1ee3p c\u00f4ng ngh\u1ec7 gi\u00e1m s\u00e1t th\u00f4ng minh qua \u1ee9ng d\u1ee5ng.<\/div>\r\n<h2 data-start=\"213\" data-end=\"236\"><strong data-start=\"213\" data-end=\"234\">Th\u00f4ng s\u1ed1 n\u1ed5i b\u1eadt:<\/strong><\/h2>\r\n<ul data-start=\"237\" data-end=\"863\">\r\n \t<li data-start=\"237\" data-end=\"280\">\r\n<p data-start=\"239\" data-end=\"280\">C\u00f4ng su\u1ea5t \u0111\u1ea7u ra danh \u0111\u1ecbnh: <strong data-start=\"267\" data-end=\"278\">10.0 kW<\/strong><\/p>\r\n<\/li>\r\n \t<li data-start=\"281\" data-end=\"332\">\r\n<p data-start=\"283\" data-end=\"332\">C\u00f4ng su\u1ea5t \u0111\u1ea7u v\u00e0o PV t\u1ed1i \u0111a: <strong data-start=\"312\" data-end=\"330\">20.0 kW (200%)<\/strong><\/p>\r\n<\/li>\r\n \t<li data-start=\"333\" data-end=\"375\">\r\n<p data-start=\"335\" data-end=\"375\"><strong data-start=\"335\" data-end=\"354\">2 MPPT, 2 chu\u1ed7i<\/strong>, linh ho\u1ea1t k\u1ebft n\u1ed1i<\/p>\r\n<\/li>\r\n \t<li data-start=\"376\" data-end=\"439\">\r\n<p data-start=\"378\" data-end=\"439\">\u0110i\u1ec7n \u00e1p \u0111\u1ea7u v\u00e0o t\u1ed1i \u0111a: <strong data-start=\"402\" data-end=\"411\">600 V<\/strong>, d\u1ea3i MPPT: <strong data-start=\"423\" data-end=\"437\">60 \u2013 550 V<\/strong><\/p>\r\n<\/li>\r\n \t<li data-start=\"440\" data-end=\"485\">\r\n<p data-start=\"442\" data-end=\"485\">C\u00f4ng su\u1ea5t t\u00e1c d\u1ee5ng AC t\u1ed1i \u0111a: <strong data-start=\"472\" data-end=\"483\">11.0 kW<\/strong><\/p>\r\n<\/li>\r\n \t<li data-start=\"486\" data-end=\"551\">\r\n<p data-start=\"488\" data-end=\"551\">C\u00f4ng su\u1ea5t d\u1ef1 ph\u00f2ng: <strong data-start=\"508\" data-end=\"549\">10.0 kVA (danh \u0111\u1ecbnh) \/ 20.0 kVA (10s)<\/strong><\/p>\r\n<\/li>\r\n \t<li data-start=\"552\" data-end=\"642\">\r\n<p data-start=\"554\" data-end=\"642\">Hi\u1ec7u su\u1ea5t t\u1ed1i \u0111a: <strong data-start=\"572\" data-end=\"581\">97.6%<\/strong> | Hi\u1ec7u su\u1ea5t ch\u00e2u \u00c2u: <strong data-start=\"603\" data-end=\"612\">96.2%<\/strong> | Hi\u1ec7u su\u1ea5t MPPT: <strong data-start=\"631\" data-end=\"640\">99.9%<\/strong><\/p>\r\n<\/li>\r\n \t<li data-start=\"643\" data-end=\"720\">\r\n<p data-start=\"645\" data-end=\"720\">Chu\u1ea9n b\u1ea3o v\u1ec7 <strong data-start=\"658\" data-end=\"666\">IP66<\/strong>, AFCI (t\u00f9y ch\u1ecdn), ch\u1ed1ng s\u00e9t AC\/DC, v\u1eadn h\u00e0nh an to\u00e0n<\/p>\r\n<\/li>\r\n \t<li data-start=\"721\" data-end=\"798\">\r\n<p data-start=\"723\" data-end=\"798\">L\u00e0m m\u00e1t b\u1eb1ng <strong data-start=\"736\" data-end=\"755\">qu\u1ea1t th\u00f4ng minh<\/strong>, \u0111\u1ed9 b\u1ec1n cao trong m\u00f4i tr\u01b0\u1eddng kh\u1eafc nghi\u1ec7t<\/p>\r\n<\/li>\r\n \t<li data-start=\"799\" data-end=\"863\">\r\n<p data-start=\"801\" data-end=\"863\">Tr\u1ecdng l\u01b0\u1ee3ng: <strong data-start=\"814\" data-end=\"823\">29 kg<\/strong>, K\u00edch th\u01b0\u1edbc: <strong data-start=\"837\" data-end=\"861\">560 \u00d7 444.5 \u00d7 226 mm<\/strong><\/p>\r\n<\/li>\r\n<\/ul>\r\n<h2 data-start=\"865\" data-end=\"880\"><strong data-start=\"865\" data-end=\"878\">B\u1ea3o h\u00e0nh:<\/strong><\/h2>\r\n<ul data-start=\"881\" data-end=\"937\">\r\n \t<li data-start=\"881\" data-end=\"937\">\r\n<p data-start=\"883\" data-end=\"937\">5 n\u0103m ti\u00eau chu\u1ea9n (c\u00f3 th\u1ec3 m\u1edf r\u1ed9ng theo th\u1ecb tr\u01b0\u1eddng)<\/p>\r\n<\/li>\r\n<\/ul>\r\n<h2 data-start=\"939\" data-end=\"962\"><strong data-start=\"939\" data-end=\"960\">\u1ee8ng d\u1ee5ng ph\u00f9 h\u1ee3p:<\/strong><\/h2>\r\n<ul data-start=\"963\" data-end=\"1219\">\r\n \t<li data-start=\"963\" data-end=\"1032\">\r\n<p data-start=\"965\" data-end=\"1032\">H\u1ec7 th\u1ed1ng \u0111i\u1ec7n m\u1eb7t tr\u1eddi d\u00e2n d\u1ee5ng c\u00f4ng su\u1ea5t l\u1edbn, villa, t\u00f2a nh\u00e0 nh\u1ecf<\/p>\r\n<\/li>\r\n \t<li data-start=\"1033\" data-end=\"1092\">\r\n<p data-start=\"1035\" data-end=\"1092\">H\u1ec7 th\u1ed1ng hybrid y\u00eau c\u1ea7u c\u1ea3 h\u00f2a l\u01b0\u1edbi v\u00e0 d\u1ef1 ph\u00f2ng \u1ed5n \u0111\u1ecbnh<\/p>\r\n<\/li>\r\n \t<li data-start=\"1093\" data-end=\"1145\">\r\n<p data-start=\"1095\" data-end=\"1145\">C\u00e1c d\u1ef1 \u00e1n EPC c\u1ea7n hi\u1ec7u su\u1ea5t cao v\u00e0 t\u1ed1i \u01b0u \u0111\u1ea7u t\u01b0<\/p>\r\n<\/li>\r\n \t<li data-start=\"1146\" data-end=\"1219\">\r\n<p data-start=\"1148\" data-end=\"1219\">Ho\u1ea1t \u0111\u1ed9ng b\u1ec1n b\u1ec9 trong m\u00f4i tr\u01b0\u1eddng nhi\u1ec7t \u0111\u1ed9 cao, \u1ea9m, b\u1ee5i ho\u1eb7c ven bi\u1ec3n<\/p>\r\n<\/li>\r\n<\/ul>","protected":false},"excerpt":{"rendered":"Bi\u1ebfn t\u1ea7n GoodWe Hybrid 1 pha \u00e1p th\u1ea5p 10KW | GW10K-ES-C10\r\n&#8211; C\u00f3 CT, wifi stick, m\u00e0n h\u00ecnh hi\u1ec3n th\u1ecb\r\n&#8211; 2MPPT, 4 Chu\u1ed7i, Ho\u1ea1t \u0111\u1ed9ng ngay c\u1ea3 khi n\u1eafng y\u1ebfu, PV Max input 20kw (200%)\r\n&#8211; C\u00f4ng su\u1ea5t h\u00f2a l\u01b0\u1edbi: 10kw\r\n&#8211; C\u00f4ng su\u1ea5t backup: 10kw\r\n&#8211; Hi\u1ec7u su\u1ea5t cao l\u00ean \u0111\u1ebfn 99.9%\r\n&#8211; IP66, V\u1eadn h\u00e0nh c\u1ef1c \u00eam kh\u00f4ng g\u00e2y ti\u1ebfng \u1ed3n\r\n&#8211; B\u1ea3o h\u00e0nh 5 n\u0103m","protected":false},"featured_media":1107,"comment_status":"open","ping_status":"closed","template":"","meta":{"_acf_changed":false},"product_brand":[40],"product_cat":[46,22],"product_tag":[],"class_list":{"0":"post-417","1":"product","2":"type-product","3":"status-publish","4":"has-post-thumbnail","6":"product_brand-goodwe","7":"product_cat-bien-tan-goodwe-hybrid-1-pha","8":"product_cat-inverter","9":"pa_loai-san-pham-inverter-hybrid","11":"first","12":"instock","13":"virtual","14":"product-type-simple"},"acf":[],"_links":{"self":[{"href":"https:\/\/mpenergy.vn\/en\/wp-json\/wp\/v2\/product\/417","targetHints":{"allow":["GET"]}}],"collection":[{"href":"https:\/\/mpenergy.vn\/en\/wp-json\/wp\/v2\/product"}],"about":[{"href":"https:\/\/mpenergy.vn\/en\/wp-json\/wp\/v2\/types\/product"}],"replies":[{"embeddable":true,"href":"https:\/\/mpenergy.vn\/en\/wp-json\/wp\/v2\/comments?post=417"}],"wp:featuredmedia":[{"embeddable":true,"href":"https:\/\/mpenergy.vn\/en\/wp-json\/wp\/v2\/media\/1107"}],"wp:attachment":[{"href":"https:\/\/mpenergy.vn\/en\/wp-json\/wp\/v2\/media?parent=417"}],"wp:term":[{"taxonomy":"product_brand","embeddable":true,"href":"https:\/\/mpenergy.vn\/en\/wp-json\/wp\/v2\/product_brand?post=417"},{"taxonomy":"product_cat","embeddable":true,"href":"https:\/\/mpenergy.vn\/en\/wp-json\/wp\/v2\/product_cat?post=417"},{"taxonomy":"product_tag","embeddable":true,"href":"https:\/\/mpenergy.vn\/en\/wp-json\/wp\/v2\/product_tag?post=417"}],"curies":[{"name":"wp","href":"https:\/\/api.w.org\/{rel}","templated":true}]}}