{"id":418,"date":"2025-08-31T23:40:00","date_gmt":"2025-08-31T16:40:00","guid":{"rendered":"https:\/\/mpenergy.vn\/tam-pin-ja-625wp-ntype-hai-mat-kinh-jam72d42-625-lb-28\/"},"modified":"2026-03-14T08:07:37","modified_gmt":"2026-03-14T01:07:37","slug":"bien-tan-goodwe-hybrid-1-pha-ap-thap-12kw","status":"publish","type":"product","link":"https:\/\/mpenergy.vn\/en\/bien-tan-goodwe-hybrid-1-pha-ap-thap-12kw\/","title":{"rendered":"Bi\u1ebfn t\u1ea7n GoodWe Hybrid 1 pha \u00e1p th\u1ea5p 12KW | GW12K-ES-C10"},"content":{"rendered":"<div class=\"Y3BBE\" data-sfc-cp=\"\" data-sfc-cb=\"\" data-hveid=\"CAEIARAA\" data-complete=\"true\" data-processed=\"true\">Bi\u1ebfn t\u1ea7n GoodWe Hybrid 1 pha \u00e1p th\u1ea5p 12KW l\u00e0 th\u01b0\u01a1ng hi\u1ec7u h\u00e0ng \u0111\u1ea7u th\u1ebf gi\u1edbi, n\u1ed5i ti\u1ebfng nh\u1ea5t v\u1edbi v\u1ecb th\u1ebf <strong class=\"Yjhzub\" data-sfc-cb=\"\" data-complete=\"true\" data-processed=\"true\">s\u1ed1 1 v\u1ec1 d\u00f2ng hybrid<\/strong> (l\u01b0u tr\u1eef). S\u1ea3n ph\u1ea9m c\u1ee7a h\u00e3ng c\u00f3 d\u1ea3i c\u00f4ng su\u1ea5t c\u1ef1c k\u1ef3 linh ho\u1ea1t, t\u1eeb c\u00e1c b\u1ed9 h\u00f2a l\u01b0\u1edbi nh\u1ecf cho gia \u0111\u00ecnh<\/div>\r\n<div class=\"Y3BBE\" data-sfc-cp=\"\" data-sfc-cb=\"\" data-hveid=\"CAEIAhAA\" data-complete=\"true\" data-processed=\"true\" aria-owns=\"action-menu-parent-container\">\u0110i\u1ec3m m\u1ea1nh c\u1ee7a GoodWe n\u1eb1m \u1edf\u00a0<strong class=\"Yjhzub\" data-sfc-cb=\"\" data-complete=\"true\" data-processed=\"true\">hi\u1ec7u su\u1ea5t chuy\u1ec3n \u0111\u1ed5i cao<\/strong>, v\u1eadn h\u00e0nh \u00eam \u00e1i v\u00e0 t\u00edch h\u1ee3p c\u00f4ng ngh\u1ec7 gi\u00e1m s\u00e1t th\u00f4ng minh qua \u1ee9ng d\u1ee5ng<\/div>\r\n<h2 data-start=\"206\" data-end=\"229\"><strong data-start=\"206\" data-end=\"227\">Th\u00f4ng s\u1ed1 n\u1ed5i b\u1eadt:<\/strong><\/h2>\r\n<ul data-start=\"230\" data-end=\"856\">\r\n \t<li data-start=\"230\" data-end=\"273\">\r\n<p data-start=\"232\" data-end=\"273\">C\u00f4ng su\u1ea5t \u0111\u1ea7u ra danh \u0111\u1ecbnh: <strong data-start=\"260\" data-end=\"271\">12.0 kW<\/strong><\/p>\r\n<\/li>\r\n \t<li data-start=\"274\" data-end=\"325\">\r\n<p data-start=\"276\" data-end=\"325\">C\u00f4ng su\u1ea5t \u0111\u1ea7u v\u00e0o PV t\u1ed1i \u0111a: <strong data-start=\"305\" data-end=\"323\">24.0 kW (200%)<\/strong><\/p>\r\n<\/li>\r\n \t<li data-start=\"326\" data-end=\"368\">\r\n<p data-start=\"328\" data-end=\"368\"><strong data-start=\"328\" data-end=\"347\">2 MPPT, 2 chu\u1ed7i<\/strong>, linh ho\u1ea1t k\u1ebft n\u1ed1i<\/p>\r\n<\/li>\r\n \t<li data-start=\"369\" data-end=\"432\">\r\n<p data-start=\"371\" data-end=\"432\">\u0110i\u1ec7n \u00e1p \u0111\u1ea7u v\u00e0o t\u1ed1i \u0111a: <strong data-start=\"395\" data-end=\"404\">600 V<\/strong>, d\u1ea3i MPPT: <strong data-start=\"416\" data-end=\"430\">60 \u2013 550 V<\/strong><\/p>\r\n<\/li>\r\n \t<li data-start=\"433\" data-end=\"478\">\r\n<p data-start=\"435\" data-end=\"478\">C\u00f4ng su\u1ea5t t\u00e1c d\u1ee5ng AC t\u1ed1i \u0111a: <strong data-start=\"465\" data-end=\"476\">13.2 kW<\/strong><\/p>\r\n<\/li>\r\n \t<li data-start=\"479\" data-end=\"544\">\r\n<p data-start=\"481\" data-end=\"544\">C\u00f4ng su\u1ea5t d\u1ef1 ph\u00f2ng: <strong data-start=\"501\" data-end=\"542\">12.0 kVA (danh \u0111\u1ecbnh) \/ 24.0 kVA (10s)<\/strong><\/p>\r\n<\/li>\r\n \t<li data-start=\"545\" data-end=\"635\">\r\n<p data-start=\"547\" data-end=\"635\">Hi\u1ec7u su\u1ea5t t\u1ed1i \u0111a: <strong data-start=\"565\" data-end=\"574\">97.6%<\/strong> | Hi\u1ec7u su\u1ea5t ch\u00e2u \u00c2u: <strong data-start=\"596\" data-end=\"605\">96.2%<\/strong> | Hi\u1ec7u su\u1ea5t MPPT: <strong data-start=\"624\" data-end=\"633\">99.9%<\/strong><\/p>\r\n<\/li>\r\n \t<li data-start=\"636\" data-end=\"713\">\r\n<p data-start=\"638\" data-end=\"713\">Chu\u1ea9n b\u1ea3o v\u1ec7 <strong data-start=\"651\" data-end=\"659\">IP66<\/strong>, AFCI (t\u00f9y ch\u1ecdn), ch\u1ed1ng s\u00e9t AC\/DC, v\u1eadn h\u00e0nh an to\u00e0n<\/p>\r\n<\/li>\r\n \t<li data-start=\"714\" data-end=\"791\">\r\n<p data-start=\"716\" data-end=\"791\">L\u00e0m m\u00e1t b\u1eb1ng <strong data-start=\"729\" data-end=\"748\">qu\u1ea1t th\u00f4ng minh<\/strong>, \u0111\u1ed9 b\u1ec1n cao trong m\u00f4i tr\u01b0\u1eddng kh\u1eafc nghi\u1ec7t<\/p>\r\n<\/li>\r\n \t<li data-start=\"792\" data-end=\"856\">\r\n<p data-start=\"794\" data-end=\"856\">Tr\u1ecdng l\u01b0\u1ee3ng: <strong data-start=\"807\" data-end=\"816\">29 kg<\/strong>, K\u00edch th\u01b0\u1edbc: <strong data-start=\"830\" data-end=\"854\">560 \u00d7 444.5 \u00d7 226 mm<\/strong><\/p>\r\n<\/li>\r\n<\/ul>\r\n<h2 data-start=\"858\" data-end=\"873\"><strong data-start=\"858\" data-end=\"871\">B\u1ea3o h\u00e0nh:<\/strong><\/h2>\r\n<ul data-start=\"874\" data-end=\"930\">\r\n \t<li data-start=\"874\" data-end=\"930\">\r\n<p data-start=\"876\" data-end=\"930\">5 n\u0103m ti\u00eau chu\u1ea9n (c\u00f3 th\u1ec3 m\u1edf r\u1ed9ng theo th\u1ecb tr\u01b0\u1eddng)<\/p>\r\n<\/li>\r\n<\/ul>\r\n<h2 data-start=\"932\" data-end=\"955\"><strong data-start=\"932\" data-end=\"953\">\u1ee8ng d\u1ee5ng ph\u00f9 h\u1ee3p:<\/strong><\/h2>\r\n<ul data-start=\"956\" data-end=\"1238\">\r\n \t<li data-start=\"956\" data-end=\"1028\">\r\n<p data-start=\"958\" data-end=\"1028\">H\u1ec7 th\u1ed1ng \u0111i\u1ec7n m\u1eb7t tr\u1eddi d\u00e2n d\u1ee5ng c\u00f4ng su\u1ea5t l\u1edbn, bi\u1ec7t th\u1ef1, t\u00f2a nh\u00e0 nh\u1ecf<\/p>\r\n<\/li>\r\n \t<li data-start=\"1029\" data-end=\"1084\">\r\n<p data-start=\"1031\" data-end=\"1084\">H\u1ec7 th\u1ed1ng hybrid c\u1ea7n c\u1ea3 h\u00f2a l\u01b0\u1edbi v\u00e0 d\u1ef1 ph\u00f2ng \u1ed5n \u0111\u1ecbnh<\/p>\r\n<\/li>\r\n \t<li data-start=\"1085\" data-end=\"1154\">\r\n<p data-start=\"1087\" data-end=\"1154\">C\u00e1c d\u1ef1 \u00e1n EPC quy m\u00f4 v\u1eeba, c\u1ea7n hi\u1ec7u su\u1ea5t cao v\u00e0 t\u1ed1i \u01b0u su\u1ea5t \u0111\u1ea7u t\u01b0<\/p>\r\n<\/li>\r\n \t<li data-start=\"1155\" data-end=\"1238\">\r\n<p data-start=\"1157\" data-end=\"1238\">Ho\u1ea1t \u0111\u1ed9ng t\u1ed1t trong m\u00f4i tr\u01b0\u1eddng kh\u1eafc nghi\u1ec7t: nhi\u1ec7t \u0111\u1ed9 cao, \u1ea9m, b\u1ee5i ho\u1eb7c ven bi\u1ec3n<\/p>\r\n<\/li>\r\n<\/ul>","protected":false},"excerpt":{"rendered":"&#8211; Bi\u1ebfn t\u1ea7n hybrid 1 pha \u00e1p th\u1ea5p 12kw <span class=\"a_GcMg font-feature-liga-off font-feature-clig-off font-feature-calt-off text-decoration-none text-strikethrough-none\">GW12K-ES-C10<\/span>\r\n&#8211; C\u00f3CT, wifi stick C\u00f3 m\u00e0n h\u00ecnh\r\n&#8211; 2MPPT, 4 Chu\u1ed7i, Ho\u1ea1t \u0111\u1ed9ng ngay c\u1ea3 khi n\u1eafng y\u1ebfu, PV Max input 24kw (200%)\r\n&#8211; C\u00f4ng su\u1ea5t h\u00f2a l\u01b0\u1edbi: 12kw\r\n&#8211; C\u00f4ng su\u1ea5t backup: 12kw\r\n&#8211; Hi\u1ec7u su\u1ea5t cao l\u00ean \u0111\u1ebfn 99.9%\r\n&#8211; IP66, V\u1eadn h\u00e0nh c\u1ef1c \u00eam kh\u00f4ng g\u00e2y ti\u1ebfng \u1ed3n\r\n&#8211; B\u1ea3o h\u00e0nh 5 n\u0103m","protected":false},"featured_media":1108,"comment_status":"open","ping_status":"closed","template":"","meta":{"_acf_changed":false},"product_brand":[40],"product_cat":[46,22],"product_tag":[],"class_list":{"0":"post-418","1":"product","2":"type-product","3":"status-publish","4":"has-post-thumbnail","6":"product_brand-goodwe","7":"product_cat-bien-tan-goodwe-hybrid-1-pha","8":"product_cat-inverter","9":"pa_loai-san-pham-inverter-hybrid","11":"first","12":"instock","13":"virtual","14":"product-type-simple"},"acf":[],"_links":{"self":[{"href":"https:\/\/mpenergy.vn\/en\/wp-json\/wp\/v2\/product\/418","targetHints":{"allow":["GET"]}}],"collection":[{"href":"https:\/\/mpenergy.vn\/en\/wp-json\/wp\/v2\/product"}],"about":[{"href":"https:\/\/mpenergy.vn\/en\/wp-json\/wp\/v2\/types\/product"}],"replies":[{"embeddable":true,"href":"https:\/\/mpenergy.vn\/en\/wp-json\/wp\/v2\/comments?post=418"}],"wp:featuredmedia":[{"embeddable":true,"href":"https:\/\/mpenergy.vn\/en\/wp-json\/wp\/v2\/media\/1108"}],"wp:attachment":[{"href":"https:\/\/mpenergy.vn\/en\/wp-json\/wp\/v2\/media?parent=418"}],"wp:term":[{"taxonomy":"product_brand","embeddable":true,"href":"https:\/\/mpenergy.vn\/en\/wp-json\/wp\/v2\/product_brand?post=418"},{"taxonomy":"product_cat","embeddable":true,"href":"https:\/\/mpenergy.vn\/en\/wp-json\/wp\/v2\/product_cat?post=418"},{"taxonomy":"product_tag","embeddable":true,"href":"https:\/\/mpenergy.vn\/en\/wp-json\/wp\/v2\/product_tag?post=418"}],"curies":[{"name":"wp","href":"https:\/\/api.w.org\/{rel}","templated":true}]}}