{"id":419,"date":"2025-08-31T23:40:00","date_gmt":"2025-08-31T16:40:00","guid":{"rendered":"https:\/\/mpenergy.vn\/tam-pin-ja-625wp-ntype-hai-mat-kinh-jam72d42-625-lb-29\/"},"modified":"2026-03-14T08:04:40","modified_gmt":"2026-03-14T01:04:40","slug":"bien-tan-goodwe-hybrid-3-pha-ap-thap-10kw","status":"publish","type":"product","link":"https:\/\/mpenergy.vn\/en\/bien-tan-goodwe-hybrid-3-pha-ap-thap-10kw\/","title":{"rendered":"Bi\u1ebfn t\u1ea7n GoodWe Hybrid 3 pha \u00e1p th\u1ea5p 10KW | GW10K-ET-L-G10"},"content":{"rendered":"<h2 data-start=\"244\" data-end=\"267\"><strong data-start=\"244\" data-end=\"265\">Bi\u1ebfn t\u1ea7n GoodWe Hybrid 3 pha \u00e1p th\u1ea5p 10KW | GW10K-ET-L-G10\r\nTh\u00f4ng s\u1ed1 n\u1ed5i b\u1eadt:<\/strong><\/h2>\r\n<ul data-start=\"268\" data-end=\"1020\">\r\n \t<li data-start=\"268\" data-end=\"311\">\r\n<p data-start=\"270\" data-end=\"311\">C\u00f4ng su\u1ea5t \u0111\u1ea7u ra danh \u0111\u1ecbnh: <strong data-start=\"298\" data-end=\"309\">10.0 kW<\/strong><\/p>\r\n<\/li>\r\n \t<li data-start=\"312\" data-end=\"363\">\r\n<p data-start=\"314\" data-end=\"363\">C\u00f4ng su\u1ea5t \u0111\u1ea7u v\u00e0o PV t\u1ed1i \u0111a: <strong data-start=\"343\" data-end=\"361\">20.0 kW (200%)<\/strong><\/p>\r\n<\/li>\r\n \t<li data-start=\"364\" data-end=\"431\">\r\n<p data-start=\"366\" data-end=\"431\"><strong data-start=\"366\" data-end=\"385\">3 MPPT, 3 chu\u1ed7i<\/strong>, t\u1ed1i \u01b0u s\u1ea3n l\u01b0\u1ee3ng trong nhi\u1ec1u h\u01b0\u1edbng l\u1eafp \u0111\u1eb7t<\/p>\r\n<\/li>\r\n \t<li data-start=\"432\" data-end=\"497\">\r\n<p data-start=\"434\" data-end=\"497\">\u0110i\u1ec7n \u00e1p \u0111\u1ea7u v\u00e0o t\u1ed1i \u0111a: <strong data-start=\"458\" data-end=\"468\">1000 V<\/strong>, d\u1ea3i MPPT: <strong data-start=\"480\" data-end=\"495\">150 \u2013 850 V<\/strong><\/p>\r\n<\/li>\r\n \t<li data-start=\"498\" data-end=\"563\">\r\n<p data-start=\"500\" data-end=\"563\">C\u00f4ng su\u1ea5t d\u1ef1 ph\u00f2ng: <strong data-start=\"520\" data-end=\"561\">10.0 kVA (danh \u0111\u1ecbnh) \/ 20.0 kVA (10s)<\/strong><\/p>\r\n<\/li>\r\n \t<li data-start=\"564\" data-end=\"654\">\r\n<p data-start=\"566\" data-end=\"654\">Hi\u1ec7u su\u1ea5t t\u1ed1i \u0111a: <strong data-start=\"584\" data-end=\"593\">97.8%<\/strong> | Hi\u1ec7u su\u1ea5t Ch\u00e2u \u00c2u: <strong data-start=\"615\" data-end=\"624\">97.4%<\/strong> | Hi\u1ec7u su\u1ea5t MPPT: <strong data-start=\"643\" data-end=\"652\">99.9%<\/strong><\/p>\r\n<\/li>\r\n \t<li data-start=\"655\" data-end=\"733\">\r\n<p data-start=\"657\" data-end=\"733\">Chu\u1ea9n b\u1ea3o v\u1ec7 <strong data-start=\"670\" data-end=\"678\">IP66<\/strong>, AFCI (t\u00f9y ch\u1ecdn), ch\u1ed1ng s\u00e9t lan truy\u1ec1n AC\/DC lo\u1ea1i II<\/p>\r\n<\/li>\r\n \t<li data-start=\"734\" data-end=\"811\">\r\n<p data-start=\"736\" data-end=\"811\">T\u01b0\u01a1ng th\u00edch <strong data-start=\"748\" data-end=\"778\">pin Lithium &amp; axit ch\u00ec 48V<\/strong>, d\u00f2ng s\u1ea1c\/x\u1ea3 li\u00ean t\u1ee5c <strong data-start=\"801\" data-end=\"809\">220A<\/strong><\/p>\r\n<\/li>\r\n \t<li data-start=\"812\" data-end=\"871\">\r\n<p data-start=\"814\" data-end=\"871\">Kh\u1ea3 n\u0103ng xu\u1ea5t c\u00f4ng su\u1ea5t kh\u00f4ng c\u00e2n b\u1eb1ng l\u00ean \u0111\u1ebfn <strong data-start=\"861\" data-end=\"869\">150%<\/strong><\/p>\r\n<\/li>\r\n \t<li data-start=\"872\" data-end=\"955\">\r\n<p data-start=\"874\" data-end=\"955\">L\u00e0m m\u00e1t b\u1eb1ng <strong data-start=\"887\" data-end=\"906\">qu\u1ea1t th\u00f4ng minh<\/strong>, v\u1eadn h\u00e0nh \u1ed5n \u0111\u1ecbnh trong m\u00f4i tr\u01b0\u1eddng kh\u1eafc nghi\u1ec7t<\/p>\r\n<\/li>\r\n \t<li data-start=\"956\" data-end=\"1020\">\r\n<p data-start=\"958\" data-end=\"1020\">K\u00edch th\u01b0\u1edbc: <strong data-start=\"970\" data-end=\"992\">754 \u00d7 549 \u00d7 262 mm<\/strong>, Tr\u1ecdng l\u01b0\u1ee3ng: <strong data-start=\"1007\" data-end=\"1018\">47.5 kg<\/strong><\/p>\r\n<\/li>\r\n<\/ul>\r\n<h2 data-start=\"1022\" data-end=\"1037\"><strong data-start=\"1022\" data-end=\"1035\">B\u1ea3o h\u00e0nh:<\/strong><\/h2>\r\n<ul data-start=\"1038\" data-end=\"1094\">\r\n \t<li data-start=\"1038\" data-end=\"1094\">\r\n<p data-start=\"1040\" data-end=\"1094\">5 n\u0103m ti\u00eau chu\u1ea9n (c\u00f3 th\u1ec3 m\u1edf r\u1ed9ng theo th\u1ecb tr\u01b0\u1eddng)<\/p>\r\n<\/li>\r\n<\/ul>\r\n<h2 data-start=\"1096\" data-end=\"1119\"><strong data-start=\"1096\" data-end=\"1117\">\u1ee8ng d\u1ee5ng ph\u00f9 h\u1ee3p:<\/strong><\/h2>\r\n<ul data-start=\"1120\" data-end=\"1399\">\r\n \t<li data-start=\"1120\" data-end=\"1181\">\r\n<p data-start=\"1122\" data-end=\"1181\">H\u1ec7 th\u1ed1ng \u0111i\u1ec7n m\u1eb7t tr\u1eddi d\u00e2n d\u1ee5ng v\u00e0 th\u01b0\u01a1ng m\u1ea1i nh\u1ecf (3 pha)<\/p>\r\n<\/li>\r\n \t<li data-start=\"1182\" data-end=\"1252\">\r\n<p data-start=\"1184\" data-end=\"1252\">D\u1ef1 \u00e1n hybrid c\u1ea7n v\u1eeba h\u00f2a l\u01b0\u1edbi v\u1eeba l\u01b0u tr\u1eef \u0111i\u1ec7n v\u1edbi pin \u00e1p th\u1ea5p 48V<\/p>\r\n<\/li>\r\n \t<li data-start=\"1253\" data-end=\"1325\">\r\n<p data-start=\"1255\" data-end=\"1325\">C\u00e1c c\u00f4ng tr\u00ecnh y\u00eau c\u1ea7u c\u00f4ng su\u1ea5t l\u1edbn, hi\u1ec7u su\u1ea5t cao, \u1ed5n \u0111\u1ecbnh d\u00e0i h\u1ea1n<\/p>\r\n<\/li>\r\n \t<li data-start=\"1326\" data-end=\"1399\">\r\n<p data-start=\"1328\" data-end=\"1399\">Ho\u1ea1t \u0111\u1ed9ng b\u1ec1n b\u1ec9 trong m\u00f4i tr\u01b0\u1eddng nhi\u1ec7t \u0111\u1ed9 cao, \u1ea9m, b\u1ee5i ho\u1eb7c ven bi\u1ec3n<\/p>\r\n<\/li>\r\n<\/ul>","protected":false},"excerpt":{"rendered":"&#8211; Bi\u1ebfn t\u1ea7n GoodWe Hybrid 3 pha \u00e1p th\u1ea5p 10KW | GW10K-ET-L-G10\r\n&#8211; C\u00f3 CT, wifi stick, m\u00e0n h\u00ecnh hi\u1ec3n th\u1ecb\r\n-3 MPPT, 3 Chu\u1ed7i, Ho\u1ea1t \u0111\u1ed9ng ngay c\u1ea3 khi n\u1eafng y\u1ebfu, PV Max input 20kw (200%)\r\n&#8211; C\u00f4ng su\u1ea5t h\u00f2a l\u01b0\u1edbi: 10kw\r\n&#8211; C\u00f4ng su\u1ea5t backup: 10kw\r\n&#8211; Hi\u1ec7u su\u1ea5t cao l\u00ean \u0111\u1ebfn 99.9%\r\n&#8211; IP66, V\u1eadn h\u00e0nh c\u1ef1c \u00eam kh\u00f4ng g\u00e2y ti\u1ebfng \u1ed3n\r\n&#8211; Ch\u1ee9c n\u0103ng c\u00e2n b\u1eb1ng khi d\u00f9ng l\u1ec7ch t\u1ea3i 3 pha l\u00ean \u0111\u1ebfn 150%\r\n&#8211; B\u1ea3o h\u00e0nh 5 n\u0103m","protected":false},"featured_media":1116,"comment_status":"open","ping_status":"closed","template":"","meta":{"_acf_changed":false},"product_brand":[40],"product_cat":[47,22],"product_tag":[],"class_list":{"0":"post-419","1":"product","2":"type-product","3":"status-publish","4":"has-post-thumbnail","6":"product_brand-goodwe","7":"product_cat-bien-tan-goodwe-hybrid-3-pha-ap-thap","8":"product_cat-inverter","10":"first","11":"instock","12":"virtual","13":"product-type-simple"},"acf":[],"_links":{"self":[{"href":"https:\/\/mpenergy.vn\/en\/wp-json\/wp\/v2\/product\/419","targetHints":{"allow":["GET"]}}],"collection":[{"href":"https:\/\/mpenergy.vn\/en\/wp-json\/wp\/v2\/product"}],"about":[{"href":"https:\/\/mpenergy.vn\/en\/wp-json\/wp\/v2\/types\/product"}],"replies":[{"embeddable":true,"href":"https:\/\/mpenergy.vn\/en\/wp-json\/wp\/v2\/comments?post=419"}],"wp:featuredmedia":[{"embeddable":true,"href":"https:\/\/mpenergy.vn\/en\/wp-json\/wp\/v2\/media\/1116"}],"wp:attachment":[{"href":"https:\/\/mpenergy.vn\/en\/wp-json\/wp\/v2\/media?parent=419"}],"wp:term":[{"taxonomy":"product_brand","embeddable":true,"href":"https:\/\/mpenergy.vn\/en\/wp-json\/wp\/v2\/product_brand?post=419"},{"taxonomy":"product_cat","embeddable":true,"href":"https:\/\/mpenergy.vn\/en\/wp-json\/wp\/v2\/product_cat?post=419"},{"taxonomy":"product_tag","embeddable":true,"href":"https:\/\/mpenergy.vn\/en\/wp-json\/wp\/v2\/product_tag?post=419"}],"curies":[{"name":"wp","href":"https:\/\/api.w.org\/{rel}","templated":true}]}}