{"id":420,"date":"2025-08-31T23:40:00","date_gmt":"2025-08-31T16:40:00","guid":{"rendered":"https:\/\/mpenergy.vn\/tam-pin-ja-625wp-ntype-hai-mat-kinh-jam72d42-625-lb-30\/"},"modified":"2026-03-16T09:30:52","modified_gmt":"2026-03-16T02:30:52","slug":"bien-tan-goodwe-hybrid-3-pha-ap-thap-12kw","status":"publish","type":"product","link":"https:\/\/mpenergy.vn\/en\/bien-tan-goodwe-hybrid-3-pha-ap-thap-12kw\/","title":{"rendered":"Bi\u1ebfn t\u1ea7n GoodWe Hybrid 3 pha \u00e1p th\u1ea5p 12KW | GW12K-ET-L-G10"},"content":{"rendered":"<h2 data-start=\"208\" data-end=\"231\"><strong data-start=\"208\" data-end=\"229\">Th\u00f4ng s\u1ed1 n\u1ed5i b\u1eadt:<\/strong><\/h2>\r\n<ul data-start=\"232\" data-end=\"989\">\r\n \t<li data-start=\"232\" data-end=\"275\">\r\n<p data-start=\"234\" data-end=\"275\">C\u00f4ng su\u1ea5t \u0111\u1ea7u ra danh \u0111\u1ecbnh: <strong data-start=\"262\" data-end=\"273\">12.0 kW<\/strong><\/p>\r\n<\/li>\r\n \t<li data-start=\"276\" data-end=\"327\">\r\n<p data-start=\"278\" data-end=\"327\">C\u00f4ng su\u1ea5t \u0111\u1ea7u v\u00e0o PV t\u1ed1i \u0111a: <strong data-start=\"307\" data-end=\"325\">24.0 kW (200%)<\/strong><\/p>\r\n<\/li>\r\n \t<li data-start=\"328\" data-end=\"399\">\r\n<p data-start=\"330\" data-end=\"399\"><strong data-start=\"330\" data-end=\"349\">3 MPPT, 3 chu\u1ed7i<\/strong>, t\u1ed1i \u01b0u hi\u1ec7u su\u1ea5t trong nhi\u1ec1u \u0111i\u1ec1u ki\u1ec7n l\u1eafp \u0111\u1eb7t<\/p>\r\n<\/li>\r\n \t<li data-start=\"400\" data-end=\"465\">\r\n<p data-start=\"402\" data-end=\"465\">\u0110i\u1ec7n \u00e1p \u0111\u1ea7u v\u00e0o t\u1ed1i \u0111a: <strong data-start=\"426\" data-end=\"436\">1000 V<\/strong>, d\u1ea3i MPPT: <strong data-start=\"448\" data-end=\"463\">150 \u2013 850 V<\/strong><\/p>\r\n<\/li>\r\n \t<li data-start=\"466\" data-end=\"531\">\r\n<p data-start=\"468\" data-end=\"531\">C\u00f4ng su\u1ea5t d\u1ef1 ph\u00f2ng: <strong data-start=\"488\" data-end=\"529\">12.0 kVA (danh \u0111\u1ecbnh) \/ 24.0 kVA (10s)<\/strong><\/p>\r\n<\/li>\r\n \t<li data-start=\"532\" data-end=\"622\">\r\n<p data-start=\"534\" data-end=\"622\">Hi\u1ec7u su\u1ea5t t\u1ed1i \u0111a: <strong data-start=\"552\" data-end=\"561\">97.8%<\/strong> | Hi\u1ec7u su\u1ea5t Ch\u00e2u \u00c2u: <strong data-start=\"583\" data-end=\"592\">97.4%<\/strong> | Hi\u1ec7u su\u1ea5t MPPT: <strong data-start=\"611\" data-end=\"620\">99.9%<\/strong><\/p>\r\n<\/li>\r\n \t<li data-start=\"623\" data-end=\"701\">\r\n<p data-start=\"625\" data-end=\"701\">Chu\u1ea9n b\u1ea3o v\u1ec7 <strong data-start=\"638\" data-end=\"646\">IP66<\/strong>, AFCI (t\u00f9y ch\u1ecdn), ch\u1ed1ng s\u00e9t lan truy\u1ec1n AC\/DC lo\u1ea1i II<\/p>\r\n<\/li>\r\n \t<li data-start=\"702\" data-end=\"779\">\r\n<p data-start=\"704\" data-end=\"779\">T\u01b0\u01a1ng th\u00edch <strong data-start=\"716\" data-end=\"746\">pin Lithium &amp; axit ch\u00ec 48V<\/strong>, d\u00f2ng s\u1ea1c\/x\u1ea3 li\u00ean t\u1ee5c <strong data-start=\"769\" data-end=\"777\">250A<\/strong><\/p>\r\n<\/li>\r\n \t<li data-start=\"780\" data-end=\"839\">\r\n<p data-start=\"782\" data-end=\"839\">Kh\u1ea3 n\u0103ng xu\u1ea5t c\u00f4ng su\u1ea5t kh\u00f4ng c\u00e2n b\u1eb1ng l\u00ean \u0111\u1ebfn <strong data-start=\"829\" data-end=\"837\">150%<\/strong><\/p>\r\n<\/li>\r\n \t<li data-start=\"840\" data-end=\"924\">\r\n<p data-start=\"842\" data-end=\"924\">L\u00e0m m\u00e1t b\u1eb1ng <strong data-start=\"855\" data-end=\"874\">qu\u1ea1t th\u00f4ng minh<\/strong>, ho\u1ea1t \u0111\u1ed9ng \u1ed5n \u0111\u1ecbnh trong m\u00f4i tr\u01b0\u1eddng kh\u1eafc nghi\u1ec7t<\/p>\r\n<\/li>\r\n \t<li data-start=\"925\" data-end=\"989\">\r\n<p data-start=\"927\" data-end=\"989\">K\u00edch th\u01b0\u1edbc: <strong data-start=\"939\" data-end=\"961\">754 \u00d7 549 \u00d7 262 mm<\/strong>, Tr\u1ecdng l\u01b0\u1ee3ng: <strong data-start=\"976\" data-end=\"987\">47.5 kg<\/strong><\/p>\r\n<\/li>\r\n<\/ul>\r\n<h2 data-start=\"991\" data-end=\"1006\"><strong data-start=\"991\" data-end=\"1004\">B\u1ea3o h\u00e0nh:<\/strong><\/h2>\r\n<ul data-start=\"1007\" data-end=\"1063\">\r\n \t<li data-start=\"1007\" data-end=\"1063\">\r\n<p data-start=\"1009\" data-end=\"1063\">5 n\u0103m ti\u00eau chu\u1ea9n (c\u00f3 th\u1ec3 m\u1edf r\u1ed9ng theo th\u1ecb tr\u01b0\u1eddng)<\/p>\r\n<\/li>\r\n<\/ul>\r\n<h2 data-start=\"1065\" data-end=\"1088\"><strong data-start=\"1065\" data-end=\"1086\">\u1ee8ng d\u1ee5ng ph\u00f9 h\u1ee3p:<\/strong><\/h2>\r\n<ul data-start=\"1089\" data-end=\"1382\">\r\n \t<li data-start=\"1089\" data-end=\"1163\">\r\n<p data-start=\"1091\" data-end=\"1163\">H\u1ec7 th\u1ed1ng \u0111i\u1ec7n m\u1eb7t tr\u1eddi d\u00e2n d\u1ee5ng v\u00e0 th\u01b0\u01a1ng m\u1ea1i nh\u1ecf (3 pha, \u00e1p th\u1ea5p 48V)<\/p>\r\n<\/li>\r\n \t<li data-start=\"1164\" data-end=\"1216\">\r\n<p data-start=\"1166\" data-end=\"1216\">D\u1ef1 \u00e1n hybrid y\u00eau c\u1ea7u c\u1ea3 h\u00f2a l\u01b0\u1edbi v\u00e0 l\u01b0u tr\u1eef \u0111i\u1ec7n<\/p>\r\n<\/li>\r\n \t<li data-start=\"1217\" data-end=\"1294\">\r\n<p data-start=\"1219\" data-end=\"1294\">C\u00e1c c\u00f4ng tr\u00ecnh c\u00f4ng su\u1ea5t trung b\u00ecnh, c\u1ea7n hi\u1ec7u su\u1ea5t cao v\u00e0 an to\u00e0n l\u00e2u d\u00e0i<\/p>\r\n<\/li>\r\n \t<li data-start=\"1295\" data-end=\"1382\">\r\n<p data-start=\"1297\" data-end=\"1382\">Ho\u1ea1t \u0111\u1ed9ng t\u1ed1t trong \u0111i\u1ec1u ki\u1ec7n kh\u00ed h\u1eadu kh\u1eafc nghi\u1ec7t: n\u1eafng n\u00f3ng, \u1ea9m, b\u1ee5i ho\u1eb7c ven bi\u1ec3n<\/p>\r\n<\/li>\r\n<\/ul>","protected":false},"excerpt":{"rendered":"&#8211; Bi\u1ebfn t\u1ea7n GoodWe Hybrid 3 pha \u00e1p th\u1ea5p 12KW | GW12K-ET-L-G10\r\n&#8211; C\u00f3 CT, wifi stick, c\u00f3 m\u00e0n h\u00ecnh hi\u1ec3n th\u1ecb\r\n-3 MPPT, 3 Chu\u1ed7i, Ho\u1ea1t \u0111\u1ed9ng ngay c\u1ea3 khi n\u1eafng y\u1ebfu, PV Max input 24kw (200%)\r\n&#8211; C\u00f4ng su\u1ea5t h\u00f2a l\u01b0\u1edbi: 12kw\r\n&#8211; C\u00f4ng su\u1ea5t backup: 12kw\r\n&#8211; Hi\u1ec7u su\u1ea5t cao l\u00ean \u0111\u1ebfn 99.9%\r\n&#8211; IP66, V\u1eadn h\u00e0nh c\u1ef1c \u00eam kh\u00f4ng g\u00e2y ti\u1ebfng \u1ed3n\r\n&#8211; Ch\u1ee9c n\u0103ng c\u00e2n b\u1eb1ng khi d\u00f9ng l\u1ec7ch t\u1ea3i 3 pha l\u00ean \u0111\u1ebfn 150%\r\n&#8211; B\u1ea3o h\u00e0nh 5 n\u0103m","protected":false},"featured_media":1117,"comment_status":"open","ping_status":"closed","template":"","meta":{"_acf_changed":false},"product_brand":[40],"product_cat":[47,22],"product_tag":[],"class_list":{"0":"post-420","1":"product","2":"type-product","3":"status-publish","4":"has-post-thumbnail","6":"product_brand-goodwe","7":"product_cat-bien-tan-goodwe-hybrid-3-pha-ap-thap","8":"product_cat-inverter","9":"pa_loai-san-pham-inverter-hybrid","11":"first","12":"instock","13":"virtual","14":"product-type-simple"},"acf":[],"_links":{"self":[{"href":"https:\/\/mpenergy.vn\/en\/wp-json\/wp\/v2\/product\/420","targetHints":{"allow":["GET"]}}],"collection":[{"href":"https:\/\/mpenergy.vn\/en\/wp-json\/wp\/v2\/product"}],"about":[{"href":"https:\/\/mpenergy.vn\/en\/wp-json\/wp\/v2\/types\/product"}],"replies":[{"embeddable":true,"href":"https:\/\/mpenergy.vn\/en\/wp-json\/wp\/v2\/comments?post=420"}],"wp:featuredmedia":[{"embeddable":true,"href":"https:\/\/mpenergy.vn\/en\/wp-json\/wp\/v2\/media\/1117"}],"wp:attachment":[{"href":"https:\/\/mpenergy.vn\/en\/wp-json\/wp\/v2\/media?parent=420"}],"wp:term":[{"taxonomy":"product_brand","embeddable":true,"href":"https:\/\/mpenergy.vn\/en\/wp-json\/wp\/v2\/product_brand?post=420"},{"taxonomy":"product_cat","embeddable":true,"href":"https:\/\/mpenergy.vn\/en\/wp-json\/wp\/v2\/product_cat?post=420"},{"taxonomy":"product_tag","embeddable":true,"href":"https:\/\/mpenergy.vn\/en\/wp-json\/wp\/v2\/product_tag?post=420"}],"curies":[{"name":"wp","href":"https:\/\/api.w.org\/{rel}","templated":true}]}}