{"id":421,"date":"2025-08-31T23:40:01","date_gmt":"2025-08-31T16:40:01","guid":{"rendered":"https:\/\/mpenergy.vn\/tam-pin-ja-625wp-ntype-hai-mat-kinh-jam72d42-625-lb-31\/"},"modified":"2026-03-10T11:26:08","modified_gmt":"2026-03-10T04:26:08","slug":"bien-tan-goodwe-hybrid-1-pha-ap-thap-8kw","status":"publish","type":"product","link":"https:\/\/mpenergy.vn\/en\/bien-tan-goodwe-hybrid-1-pha-ap-thap-8kw\/","title":{"rendered":"Bi\u1ebfn t\u1ea7n GoodWe Hybrid 1 pha \u00e1p th\u1ea5p 8KW | GW8000-ES-C10"},"content":{"rendered":"<h2 data-start=\"199\" data-end=\"222\">Bi\u1ebfn t\u1ea7n GoodWe Hybrid 1 pha \u00e1p th\u1ea5p 8KW<\/h2>\r\n<h2 data-start=\"199\" data-end=\"222\"><strong data-start=\"199\" data-end=\"220\">Th\u00f4ng s\u1ed1 n\u1ed5i b\u1eadt:<\/strong><\/h2>\r\n<ul data-start=\"223\" data-end=\"727\">\r\n \t<li data-start=\"223\" data-end=\"261\">\r\n<p data-start=\"225\" data-end=\"261\">C\u00f4ng su\u1ea5t \u0111\u1ea7u ra danh \u0111\u1ecbnh: 8.0 kW<\/p>\r\n<\/li>\r\n \t<li data-start=\"262\" data-end=\"309\">\r\n<p data-start=\"264\" data-end=\"309\">C\u00f4ng su\u1ea5t \u0111\u1ea7u v\u00e0o PV t\u1ed1i \u0111a: 16.0 kW (200%)<\/p>\r\n<\/li>\r\n \t<li data-start=\"310\" data-end=\"348\">\r\n<p data-start=\"312\" data-end=\"348\">2 MPPT, 2 chu\u1ed7i, linh ho\u1ea1t k\u1ebft n\u1ed1i<\/p>\r\n<\/li>\r\n \t<li data-start=\"349\" data-end=\"404\">\r\n<p data-start=\"351\" data-end=\"404\">\u0110i\u1ec7n \u00e1p \u0111\u1ea7u v\u00e0o t\u1ed1i \u0111a: 600 V, d\u1ea3i MPPT: 60 \u2013 550 V<\/p>\r\n<\/li>\r\n \t<li data-start=\"405\" data-end=\"445\">\r\n<p data-start=\"407\" data-end=\"445\">C\u00f4ng su\u1ea5t t\u00e1c d\u1ee5ng AC t\u1ed1i \u0111a: 8.8 kW<\/p>\r\n<\/li>\r\n \t<li data-start=\"446\" data-end=\"506\">\r\n<p data-start=\"448\" data-end=\"506\">C\u00f4ng su\u1ea5t d\u1ef1 ph\u00f2ng: 8.0 kVA (danh \u0111\u1ecbnh) \/ 16.0 kVA (10s)<\/p>\r\n<\/li>\r\n \t<li data-start=\"507\" data-end=\"585\">\r\n<p data-start=\"509\" data-end=\"585\">Hi\u1ec7u su\u1ea5t t\u1ed1i \u0111a: 97.6% | Hi\u1ec7u su\u1ea5t ch\u00e2u \u00c2u: 96.2% | Hi\u1ec7u su\u1ea5t MPPT: 99.9%<\/p>\r\n<\/li>\r\n \t<li data-start=\"586\" data-end=\"653\">\r\n<p data-start=\"588\" data-end=\"653\">Chu\u1ea9n b\u1ea3o v\u1ec7 IP66, AFCI (t\u00f9y ch\u1ecdn), v\u1eadn h\u00e0nh an to\u00e0n v\u00e0 \u1ed5n \u0111\u1ecbnh<\/p>\r\n<\/li>\r\n \t<li data-start=\"654\" data-end=\"727\">\r\n<p data-start=\"656\" data-end=\"727\">L\u00e0m m\u00e1t b\u1eb1ng qu\u1ea1t th\u00f4ng minh, \u0111\u1ed9 b\u1ec1n cao trong m\u00f4i tr\u01b0\u1eddng kh\u1eafc nghi\u1ec7t<\/p>\r\n<\/li>\r\n<\/ul>\r\n<h2 data-start=\"729\" data-end=\"744\"><strong data-start=\"729\" data-end=\"742\">B\u1ea3o h\u00e0nh:<\/strong><\/h2>\r\n<ul data-start=\"745\" data-end=\"801\">\r\n \t<li data-start=\"745\" data-end=\"801\">\r\n<p data-start=\"747\" data-end=\"801\">5 n\u0103m ti\u00eau chu\u1ea9n (c\u00f3 th\u1ec3 m\u1edf r\u1ed9ng theo th\u1ecb tr\u01b0\u1eddng)<\/p>\r\n<\/li>\r\n<\/ul>\r\n<img loading=\"lazy\" decoding=\"async\" class=\"aligncenter size-large wp-image-1106\" src=\"https:\/\/mpenergy.vn\/wp-content\/uploads\/2025\/09\/3-2-1024x1024.png\" alt=\"\" width=\"1020\" height=\"1020\" srcset=\"https:\/\/mpenergy.vn\/wp-content\/uploads\/2025\/09\/3-2-1024x1024.png 1024w, https:\/\/mpenergy.vn\/wp-content\/uploads\/2025\/09\/3-2-300x300.png 300w, https:\/\/mpenergy.vn\/wp-content\/uploads\/2025\/09\/3-2-150x150.png 150w, https:\/\/mpenergy.vn\/wp-content\/uploads\/2025\/09\/3-2-768x768.png 768w, https:\/\/mpenergy.vn\/wp-content\/uploads\/2025\/09\/3-2-1536x1536.png 1536w, https:\/\/mpenergy.vn\/wp-content\/uploads\/2025\/09\/3-2-12x12.png 12w, https:\/\/mpenergy.vn\/wp-content\/uploads\/2025\/09\/3-2-500x500.png 500w, https:\/\/mpenergy.vn\/wp-content\/uploads\/2025\/09\/3-2-1000x1000.png 1000w, https:\/\/mpenergy.vn\/wp-content\/uploads\/2025\/09\/3-2-100x100.png 100w, https:\/\/mpenergy.vn\/wp-content\/uploads\/2025\/09\/3-2.png 1755w\" sizes=\"auto, (max-width: 1020px) 100vw, 1020px\" \/>\r\n<h2 data-start=\"803\" data-end=\"826\"><strong data-start=\"803\" data-end=\"824\">\u1ee8ng d\u1ee5ng ph\u00f9 h\u1ee3p:<\/strong><\/h2>\r\n<ul data-start=\"827\" data-end=\"1060\">\r\n \t<li data-start=\"827\" data-end=\"880\">\r\n<p data-start=\"829\" data-end=\"880\">H\u1ec7 th\u1ed1ng \u0111i\u1ec7n m\u1eb7t tr\u1eddi d\u00e2n d\u1ee5ng v\u00e0 th\u01b0\u01a1ng m\u1ea1i nh\u1ecf<\/p>\r\n<\/li>\r\n \t<li data-start=\"881\" data-end=\"928\">\r\n<p data-start=\"883\" data-end=\"928\">H\u1ec7 th\u1ed1ng hybrid c\u1ea7n c\u1ea3 h\u00f2a l\u01b0\u1edbi v\u00e0 d\u1ef1 ph\u00f2ng<\/p>\r\n<\/li>\r\n \t<li data-start=\"929\" data-end=\"991\">\r\n<p data-start=\"931\" data-end=\"991\">C\u00e1c d\u1ef1 \u00e1n y\u00eau c\u1ea7u hi\u1ec7u su\u1ea5t cao, an to\u00e0n v\u00e0 \u0111\u1ed9 b\u1ec1n l\u00e2u d\u00e0i<\/p>\r\n<\/li>\r\n \t<li data-start=\"992\" data-end=\"1060\">\r\n<p data-start=\"994\" data-end=\"1060\">V\u1eadn h\u00e0nh \u1ed5n \u0111\u1ecbnh trong m\u00f4i tr\u01b0\u1eddng nhi\u1ec7t \u0111\u1ed9 cao, \u1ea9m, b\u1ee5i ho\u1eb7c m\u1eb7n<\/p>\r\n<\/li>\r\n<\/ul>","protected":false},"excerpt":{"rendered":"&#8211; Bi\u1ebfn t\u1ea7n hybrid 1 pha \u00e1p th\u1ea5p 8kw, c\u00f3 CT, wifi stick, m\u00e0n h\u00ecnh\r\n&#8211; 2MPPT, 2 Chu\u1ed7i, Ho\u1ea1t \u0111\u1ed9ng ngay c\u1ea3 khi n\u1eafng y\u1ebfu, PV Max input 16kw (200%)\r\n&#8211; C\u00f4ng su\u1ea5t h\u00f2a l\u01b0\u1edbi: 8kw\r\n&#8211; C\u00f4ng su\u1ea5t backup: 8kw\r\n&#8211; Hi\u1ec7u su\u1ea5t cao l\u00ean \u0111\u1ebfn 99.9%\r\n&#8211; IP66, V\u1eadn h\u00e0nh c\u1ef1c \u00eam kh\u00f4ng g\u00e2y ti\u1ebfng \u1ed3n\r\n&#8211; B\u1ea3o h\u00e0nh 5 n\u0103m","protected":false},"featured_media":1110,"comment_status":"open","ping_status":"closed","template":"","meta":{"_acf_changed":false},"product_brand":[40],"product_cat":[46,22,15],"product_tag":[],"class_list":{"0":"post-421","1":"product","2":"type-product","3":"status-publish","4":"has-post-thumbnail","6":"product_brand-goodwe","7":"product_cat-bien-tan-goodwe-hybrid-1-pha","8":"product_cat-inverter","9":"product_cat-combo","10":"pa_cong-suat-duoi-100w","11":"pa_loai-san-pham-inverter-hybrid","13":"first","14":"instock","15":"virtual","16":"product-type-simple"},"acf":[],"_links":{"self":[{"href":"https:\/\/mpenergy.vn\/en\/wp-json\/wp\/v2\/product\/421","targetHints":{"allow":["GET"]}}],"collection":[{"href":"https:\/\/mpenergy.vn\/en\/wp-json\/wp\/v2\/product"}],"about":[{"href":"https:\/\/mpenergy.vn\/en\/wp-json\/wp\/v2\/types\/product"}],"replies":[{"embeddable":true,"href":"https:\/\/mpenergy.vn\/en\/wp-json\/wp\/v2\/comments?post=421"}],"wp:featuredmedia":[{"embeddable":true,"href":"https:\/\/mpenergy.vn\/en\/wp-json\/wp\/v2\/media\/1110"}],"wp:attachment":[{"href":"https:\/\/mpenergy.vn\/en\/wp-json\/wp\/v2\/media?parent=421"}],"wp:term":[{"taxonomy":"product_brand","embeddable":true,"href":"https:\/\/mpenergy.vn\/en\/wp-json\/wp\/v2\/product_brand?post=421"},{"taxonomy":"product_cat","embeddable":true,"href":"https:\/\/mpenergy.vn\/en\/wp-json\/wp\/v2\/product_cat?post=421"},{"taxonomy":"product_tag","embeddable":true,"href":"https:\/\/mpenergy.vn\/en\/wp-json\/wp\/v2\/product_tag?post=421"}],"curies":[{"name":"wp","href":"https:\/\/api.w.org\/{rel}","templated":true}]}}