{"id":703,"date":"2025-09-04T17:05:57","date_gmt":"2025-09-04T10:05:57","guid":{"rendered":"https:\/\/mpenergy.vn\/?post_type=product&#038;p=703"},"modified":"2026-03-18T10:18:10","modified_gmt":"2026-03-18T03:18:10","slug":"bien-tan-goodwe-hybrid-1-pha-ap-thap-6kw","status":"publish","type":"product","link":"https:\/\/mpenergy.vn\/en\/bien-tan-goodwe-hybrid-1-pha-ap-thap-6kw\/","title":{"rendered":"Bi\u1ebfn t\u1ea7n GoodWe Hybrid 1 pha \u00e1p th\u1ea5p 6KW | GW6000-ES-C10"},"content":{"rendered":"<h2 data-start=\"96\" data-end=\"142\"><strong data-start=\"98\" data-end=\"140\">Th\u00f4ng s\u1ed1 n\u1ed5i b\u1eadt:<\/strong><\/h2>\r\n<ul data-start=\"143\" data-end=\"679\">\r\n \t<li data-start=\"143\" data-end=\"185\">\r\n<p data-start=\"145\" data-end=\"185\">C\u00f4ng su\u1ea5t \u0111\u1ea7u ra danh \u0111\u1ecbnh: <strong data-start=\"173\" data-end=\"183\">6.0 kW<\/strong><\/p>\r\n<\/li>\r\n \t<li data-start=\"186\" data-end=\"230\">\r\n<p data-start=\"188\" data-end=\"230\">C\u00f4ng su\u1ea5t \u0111\u1ea7u v\u00e0o PV t\u1ed1i \u0111a: <strong data-start=\"217\" data-end=\"228\">12.0 kW<\/strong><\/p>\r\n<\/li>\r\n \t<li data-start=\"231\" data-end=\"249\">\r\n<p data-start=\"233\" data-end=\"249\">S\u1ed1 MPPT: <strong data-start=\"242\" data-end=\"247\">2<\/strong><\/p>\r\n<\/li>\r\n \t<li data-start=\"250\" data-end=\"281\">\r\n<p data-start=\"252\" data-end=\"281\">Hi\u1ec7u su\u1ea5t t\u1ed1i \u0111a: <strong data-start=\"270\" data-end=\"279\">97.6%<\/strong><\/p>\r\n<\/li>\r\n \t<li data-start=\"282\" data-end=\"314\">\r\n<p data-start=\"284\" data-end=\"314\">Hi\u1ec7u su\u1ea5t ch\u00e2u \u00c2u: <strong data-start=\"303\" data-end=\"312\">96.2%<\/strong><\/p>\r\n<\/li>\r\n \t<li data-start=\"315\" data-end=\"344\">\r\n<p data-start=\"317\" data-end=\"344\">Hi\u1ec7u su\u1ea5t MPPT: <strong data-start=\"333\" data-end=\"342\">99.9%<\/strong><\/p>\r\n<\/li>\r\n \t<li data-start=\"345\" data-end=\"409\">\r\n<p data-start=\"347\" data-end=\"409\">C\u00f4ng su\u1ea5t d\u1ef1 ph\u00f2ng: <strong data-start=\"367\" data-end=\"407\">6.0 kVA (danh \u0111\u1ecbnh) \/ 12.0 kVA (10s)<\/strong><\/p>\r\n<\/li>\r\n \t<li data-start=\"410\" data-end=\"473\">\r\n<p data-start=\"412\" data-end=\"473\">\u0110i\u1ec7n \u00e1p \u0111\u1ea7u v\u00e0o t\u1ed1i \u0111a: <strong data-start=\"436\" data-end=\"445\">600 V<\/strong>, d\u1ea3i MPPT: <strong data-start=\"457\" data-end=\"471\">60 \u2013 550 V<\/strong><\/p>\r\n<\/li>\r\n \t<li data-start=\"474\" data-end=\"519\">\r\n<p data-start=\"476\" data-end=\"519\">D\u00f2ng \u0111i\u1ec7n \u0111\u1ea7u v\u00e0o t\u1ed1i \u0111a \/ MPPT: <strong data-start=\"509\" data-end=\"517\">20 A<\/strong><\/p>\r\n<\/li>\r\n \t<li data-start=\"520\" data-end=\"614\">\r\n<p data-start=\"522\" data-end=\"614\">B\u1ea3o v\u1ec7: <strong data-start=\"530\" data-end=\"612\">IP66, ch\u1ed1ng \u0111\u1ea3o, qu\u00e1 d\u00f2ng, ng\u1eafn m\u1ea1ch, qu\u00e1 \u00e1p, ch\u1ed1ng s\u00e9t DC\/AC, AFCI (t\u00f9y ch\u1ecdn)<\/strong><\/p>\r\n<\/li>\r\n \t<li data-start=\"615\" data-end=\"679\">\r\n<p data-start=\"617\" data-end=\"679\">Tr\u1ecdng l\u01b0\u1ee3ng: <strong data-start=\"630\" data-end=\"641\">15.5 kg<\/strong>, K\u00edch th\u01b0\u1edbc: <strong data-start=\"655\" data-end=\"677\">560 \u00d7 415 \u00d7 204 mm<\/strong><\/p>\r\n<\/li>\r\n<\/ul>\r\n<h2 data-start=\"1072\" data-end=\"1087\"><strong data-start=\"1072\" data-end=\"1085\">B\u1ea3o h\u00e0nh:<\/strong><\/h2>\r\n<ul data-start=\"1088\" data-end=\"1159\">\r\n \t<li data-start=\"1088\" data-end=\"1131\">\r\n<p data-start=\"1090\" data-end=\"1131\">5 n\u0103m<\/p>\r\n<\/li>\r\n \t<li data-start=\"1132\" data-end=\"1159\">\r\n<p data-start=\"1134\" data-end=\"1159\">C\u00f3 th\u1ec3 m\u1edf r\u1ed9ng b\u1ea3o h\u00e0nh<\/p>\r\n<\/li>\r\n<\/ul>\r\n<h2 data-start=\"1161\" data-end=\"1184\"><strong data-start=\"1161\" data-end=\"1182\">\u1ee8ng d\u1ee5ng ph\u00f9 h\u1ee3p:<\/strong><\/h2>\r\n<ul data-start=\"1185\" data-end=\"1362\">\r\n \t<li data-start=\"1185\" data-end=\"1235\">\r\n<p data-start=\"1187\" data-end=\"1235\">H\u1ec7 th\u1ed1ng \u0111i\u1ec7n m\u1eb7t tr\u1eddi d\u00e2n d\u1ee5ng (nh\u00e0 \u1edf, villa)<\/p>\r\n<\/li>\r\n \t<li data-start=\"1236\" data-end=\"1286\">\r\n<p data-start=\"1238\" data-end=\"1286\">C\u00e1c d\u1ef1 \u00e1n hybrid c\u1ea7n v\u1eeba h\u00f2a l\u01b0\u1edbi v\u1eeba d\u1ef1 ph\u00f2ng<\/p>\r\n<\/li>\r\n \t<li data-start=\"1287\" data-end=\"1362\">\r\n<p data-start=\"1289\" data-end=\"1362\">H\u1ec7 th\u1ed1ng y\u00eau c\u1ea7u \u0111\u1ed9 b\u1ec1n cao, ho\u1ea1t \u0111\u1ed9ng \u1ed5n \u0111\u1ecbnh \u1edf m\u00f4i tr\u01b0\u1eddng kh\u1eafc nghi\u1ec7t<\/p>\r\n<\/li>\r\n<\/ul>","protected":false},"excerpt":{"rendered":"&#8211; Bi\u1ebfn t\u1ea7n hybrid 1 pha \u00e1p th\u1ea5p 6kw, CT, wifi stick, c\u00f3 m\u00e0n h\u00ecnh\r\n&#8211; 2MPPT, 2 Chu\u1ed7i, Ho\u1ea1t \u0111\u1ed9ng ngay c\u1ea3 khi n\u1eafng y\u1ebfu\r\n&#8211; PV Max input 12kw (200%)\r\n&#8211; C\u00f4ng su\u1ea5t h\u00f2a l\u01b0\u1edbi: 6kw\r\n&#8211; C\u00f4ng su\u1ea5t backup: 6kw\r\n&#8211; Hi\u1ec7u su\u1ea5t cao l\u00ean \u0111\u1ebfn 99.9%\r\n&#8211; IP66, V\u1eadn h\u00e0nh c\u1ef1c \u00eam kh\u00f4ng g\u00e2y ti\u1ebfng \u1ed3n\r\n&#8211; B\u1ea3o h\u00e0nh 5 n\u0103m","protected":false},"featured_media":1894,"comment_status":"open","ping_status":"closed","template":"","meta":{"_acf_changed":false},"product_brand":[40],"product_cat":[22,46],"product_tag":[],"class_list":{"0":"post-703","1":"product","2":"type-product","3":"status-publish","4":"has-post-thumbnail","6":"product_brand-goodwe","7":"product_cat-inverter","8":"product_cat-bien-tan-goodwe-hybrid-1-pha","9":"pa_loai-san-pham-inverter-hybrid","11":"first","12":"instock","13":"shipping-taxable","14":"product-type-simple"},"acf":[],"_links":{"self":[{"href":"https:\/\/mpenergy.vn\/en\/wp-json\/wp\/v2\/product\/703","targetHints":{"allow":["GET"]}}],"collection":[{"href":"https:\/\/mpenergy.vn\/en\/wp-json\/wp\/v2\/product"}],"about":[{"href":"https:\/\/mpenergy.vn\/en\/wp-json\/wp\/v2\/types\/product"}],"replies":[{"embeddable":true,"href":"https:\/\/mpenergy.vn\/en\/wp-json\/wp\/v2\/comments?post=703"}],"wp:featuredmedia":[{"embeddable":true,"href":"https:\/\/mpenergy.vn\/en\/wp-json\/wp\/v2\/media\/1894"}],"wp:attachment":[{"href":"https:\/\/mpenergy.vn\/en\/wp-json\/wp\/v2\/media?parent=703"}],"wp:term":[{"taxonomy":"product_brand","embeddable":true,"href":"https:\/\/mpenergy.vn\/en\/wp-json\/wp\/v2\/product_brand?post=703"},{"taxonomy":"product_cat","embeddable":true,"href":"https:\/\/mpenergy.vn\/en\/wp-json\/wp\/v2\/product_cat?post=703"},{"taxonomy":"product_tag","embeddable":true,"href":"https:\/\/mpenergy.vn\/en\/wp-json\/wp\/v2\/product_tag?post=703"}],"curies":[{"name":"wp","href":"https:\/\/api.w.org\/{rel}","templated":true}]}}