{"id":720,"date":"2025-09-05T16:57:50","date_gmt":"2025-09-05T09:57:50","guid":{"rendered":"https:\/\/mpenergy.vn\/?post_type=product&#038;p=720"},"modified":"2026-03-14T08:06:59","modified_gmt":"2026-03-14T01:06:59","slug":"tam-pin-ja-solar","status":"publish","type":"product","link":"https:\/\/mpenergy.vn\/en\/tam-pin-ja-solar\/","title":{"rendered":"T\u1ea5m pin JA Solar"},"content":{"rendered":"<h2 dir=\"ltr\">T\u1ea5m pin JA Solar N\u0103ng L\u01b0\u1ee3ng M\u1eb7t Tr\u1eddi JA 600<strong>\u00a0N-type|JAM66D45 600\/LB<\/strong>\u00a0&#8211; Gi\u1ea3i Ph\u00e1p N\u0103ng L\u01b0\u1ee3ng Hi\u1ec7u Qu\u1ea3<\/h2>\r\nT\u1ea5m pin JA Solar \u0111i\u1ec7n m\u1eb7t tr\u1eddi <strong>JA 600W N-type |JAM66D45 600\/LB<\/strong>\u00a0l\u00e0 m\u1ed9t trong nh\u1eefng s\u1ea3n ph\u1ea9m d\u00f2ng 2 m\u1eb7t k\u00ednh P-type ti\u00ean ti\u1ebfn nh\u1ea5t tr\u00ean th\u1ecb tr\u01b0\u1eddng hi\u1ec7n nay c\u1ee7a\u00a0<strong>h\u00e3ng JA<\/strong>. V\u1edbi thi\u1ebft k\u1ebf 2 m\u1eb7t k\u00ednh hi\u1ec7n \u0111\u1ea1i, t\u1ea5m pin n\u00e0y kh\u00f4ng ch\u1ec9 cung c\u1ea5p hi\u1ec7u su\u1ea5t cao m\u00e0 c\u00f2n \u0111\u1ea3m b\u1ea3o \u0111\u1ed9 b\u1ec1n v\u00e0 tu\u1ed5i th\u1ecd l\u00e2u d\u00e0i.\r\n<h3><strong>\u0110\u1eb7c \u0111i\u1ec3m n\u1ed5i b\u1eadt c\u1ee7a T\u1ea5m pin JA Solar N\u0103ng L\u01b0\u1ee3ng M\u1eb7t Tr\u1eddi JA Solar Panel 600W N-type:<\/strong><\/h3>\r\n<ul>\r\n \t<li><strong>C\u00f4ng su\u1ea5t cao<\/strong>: V\u1edbi c\u00f4ng su\u1ea5t l\u00ean \u0111\u1ebfn 600W, T\u1ea5m pin JA Solar n\u00e0y t\u1ed1i \u01b0u h\u00f3a vi\u1ec7c thu n\u0103ng l\u01b0\u1ee3ng m\u1eb7t tr\u1eddi v\u00e0 \u0111\u00e1p \u1ee9ng t\u1ed1t c\u00e1c d\u1ef1 \u00e1n quy m\u00f4 l\u1edbn.<\/li>\r\n \t<li><strong>C\u00f4ng ngh\u1ec7 N-type<\/strong>: T\u1ea5m pin JA Solar s\u1eed d\u1ee5ng c\u00f4ng ngh\u1ec7 t\u1ebf b\u00e0o <strong>N-type<\/strong>, gi\u00fap t\u0103ng c\u01b0\u1eddng hi\u1ec7u su\u1ea5t chuy\u1ec3n \u0111\u1ed5i n\u0103ng l\u01b0\u1ee3ng, \u0111\u1eb7c bi\u1ec7t trong \u0111i\u1ec1u ki\u1ec7n \u00e1nh s\u00e1ng y\u1ebfu ho\u1eb7c m\u00f4i tr\u01b0\u1eddng c\u00f3 nhi\u1ec7t \u0111\u1ed9 cao.<\/li>\r\n \t<li><strong>Thi\u1ebft k\u1ebf half-cell<\/strong>: C\u00f4ng ngh\u1ec7 half-cell gi\u1ea3m thi\u1ec3u t\u1ed5n th\u1ea5t n\u0103ng l\u01b0\u1ee3ng v\u00e0 t\u1ed1i \u01b0u h\u00f3a vi\u1ec7c s\u1ea3n xu\u1ea5t \u0111i\u1ec7n n\u0103ng khi c\u00f3 b\u00f3ng r\u00e2m ho\u1eb7c b\u1ee5i b\u1ea9n che ph\u1ee7 m\u1ed9t ph\u1ea7n b\u1ec1 m\u1eb7t t\u1ea5m pin.<\/li>\r\n \t<li><strong>Tu\u1ed5i th\u1ecd cao<\/strong>: Suy gi\u1ea3m \u0111i\u1ec7n n\u0103ng h\u1ea5p th\u1ee5 h\u00e0ng n\u0103m 0,45%. \u0110\u01b0\u1ee3c \u0111\u1ea3m b\u1ea3o hi\u1ec7u su\u1ea5t pin trong 30 n\u0103m v\u00e0 b\u1ea3o h\u00e0nh 12 n\u0103m s\u1ea3n ph\u1ea9m.<\/li>\r\n \t<li><strong>Hi\u1ec7u su\u1ea5t cao:<\/strong>\u00a0 T\u1ea5m pin JA Solar \u0111i\u1ec7n m\u1eb7t tr\u1eddi <strong>JA 600W\u00a0N-type<\/strong>\u00a0c\u00f3 hi\u1ec7u su\u1ea5t chuy\u1ec3n \u0111\u1ed5i v\u01b0\u1ee3t tr\u1ed9i, &gt;22%, nh\u1edd v\u00e0o c\u1ea5u tr\u00fac t\u1ebf b\u00e0o N-type v\u00e0 thi\u1ebft k\u1ebf half-cell gi\u00fap gi\u1ea3m suy hao n\u0103ng l\u01b0\u1ee3ng.<\/li>\r\n<\/ul>\r\n<h3 data-path-to-node=\"19\">C\u00e1c \u1ee9ng d\u1ee5ng ph\u1ed5 bi\u1ebfn c\u1ee7a t\u1ea5m pin PV JA Solar<\/h3>\r\n<p data-path-to-node=\"20\">Nh\u1edd s\u1ef1 \u0111a d\u1ea1ng v\u1ec1 c\u00f4ng su\u1ea5t (t\u1eeb 450W \u0111\u1ebfn h\u01a1n 600W), <b data-path-to-node=\"20\" data-index-in-node=\"52\">t\u1ea5m pin PV JA Solar<\/b> \u0111\u01b0\u1ee3c \u1ee9ng d\u1ee5ng linh ho\u1ea1t trong nhi\u1ec1u d\u1ef1 \u00e1n:<\/p>\r\n\r\n<h4 data-path-to-node=\"21\">\u0110i\u1ec7n m\u1eb7t tr\u1eddi \u00e1p m\u00e1i h\u1ed9 gia \u0111\u00ecnh<\/h4>\r\n<p data-path-to-node=\"22\">S\u1eed d\u1ee5ng c\u00e1c d\u00f2ng pin c\u00f3 k\u00edch th\u01b0\u1edbc v\u1eeba ph\u1ea3i, th\u1ea9m m\u1ef9 cao \u0111\u1ec3 l\u1eafp \u0111\u1eb7t tr\u00ean m\u00e1i nh\u00e0. \u0110i\u1ec1u n\u00e0y gi\u00fap c\u00e1c h\u1ed9 gia \u0111\u00ecnh ti\u1ebft ki\u1ec7m \u0111\u00e1ng k\u1ec3 h\u00f3a \u0111\u01a1n ti\u1ec1n \u0111i\u1ec7n h\u00e0ng th\u00e1ng v\u00e0 l\u00e0m m\u00e1t ng\u00f4i nh\u00e0.<\/p>\r\n\r\n<h4 data-path-to-node=\"23\">H\u1ec7 th\u1ed1ng \u0111i\u1ec7n m\u1eb7t tr\u1eddi cho doanh nghi\u1ec7p v\u00e0 nh\u00e0 m\u00e1y<\/h4>\r\n<p data-path-to-node=\"24\">C\u00e1c doanh nghi\u1ec7p t\u1eadn d\u1ee5ng di\u1ec7n t\u00edch m\u00e1i kho x\u01b0\u1edfng l\u1edbn \u0111\u1ec3 l\u1eafp \u0111\u1eb7t <b data-path-to-node=\"24\" data-index-in-node=\"65\">t\u1ea5m pin PV JA Solar<\/b>. Vi\u1ec7c n\u00e0y kh\u00f4ng ch\u1ec9 gi\u1ea3m chi ph\u00ed v\u1eadn h\u00e0nh m\u00e0 c\u00f2n gi\u00fap doanh nghi\u1ec7p \u0111\u1ea1t \u0111\u01b0\u1ee3c c\u00e1c ch\u1ee9ng ch\u1ec9 xanh (LEED, RE100), n\u00e2ng cao h\u00ecnh \u1ea3nh th\u01b0\u01a1ng hi\u1ec7u.<\/p>\r\n\r\n<h4 data-path-to-node=\"25\">C\u00e1c d\u1ef1 \u00e1n Solar Farm (C\u00e1nh \u0111\u1ed3ng \u0111i\u1ec7n m\u1eb7t tr\u1eddi)<\/h4>\r\n<p data-path-to-node=\"26\">V\u1edbi hi\u1ec7u su\u1ea5t \u1ed5n \u0111\u1ecbnh v\u00e0 chi ph\u00ed tr\u00ean m\u1ed7i Watt c\u1ea1nh tranh, <b data-path-to-node=\"26\" data-index-in-node=\"59\">t\u1ea5m pin PV JA Solar<\/b> l\u00e0 l\u1ef1a ch\u1ecdn l\u00fd t\u01b0\u1edfng cho c\u00e1c nh\u00e0 m\u00e1y \u0111i\u1ec7n m\u1eb7t tr\u1eddi quy m\u00f4 l\u1edbn k\u1ebft n\u1ed1i l\u01b0\u1edbi \u0111i\u1ec7n qu\u1ed1c gia.<\/p>\r\n\r\n<h3 data-path-to-node=\"28\">T\u1ea1i sao n\u00ean ch\u1ecdn t\u1ea5m pin PV JA Solar cho d\u1ef1 \u00e1n c\u1ee7a b\u1ea1n?<\/h3>\r\n<p data-path-to-node=\"29\">\u0110\u1ea7u t\u01b0 v\u00e0o <a href=\"https:\/\/mpenergy.vn\/en\/he-thong-dien-nang-luong-mat-troi-la-gi\/\">h\u1ec7 th\u1ed1ng \u0111i\u1ec7n m\u1eb7t tr\u1eddi<\/a> l\u00e0 m\u1ed9t kho\u1ea3n \u0111\u1ea7u t\u01b0 d\u00e0i h\u1ea1n (tr\u00ean 20 n\u0103m). Vi\u1ec7c ch\u1ecdn <b data-path-to-node=\"29\" data-index-in-node=\"87\">t\u1ea5m pin PV JA Solar<\/b> gi\u00fap b\u1ea1n y\u00ean t\u00e2m v\u1ec1:<\/p>\r\n\r\n<ol start=\"1\" data-path-to-node=\"30\">\r\n \t<li>\r\n<p data-path-to-node=\"30,0,0\"><b data-path-to-node=\"30,0,0\" data-index-in-node=\"0\">Uy t\u00edn th\u01b0\u01a1ng hi\u1ec7u:<\/b> Top nh\u00e0 s\u1ea3n xu\u1ea5t to\u00e0n c\u1ea7u, t\u00e0i ch\u00ednh minh b\u1ea1ch.<\/p>\r\n<\/li>\r\n \t<li>\r\n<p data-path-to-node=\"30,1,0\"><b data-path-to-node=\"30,1,0\" data-index-in-node=\"0\">Ch\u00ednh s\u00e1ch b\u1ea3o h\u00e0nh:<\/b> B\u1ea3o h\u00e0nh s\u1ea3n ph\u1ea9m 12 n\u0103m v\u00e0 b\u1ea3o h\u00e0nh hi\u1ec7u su\u1ea5t 25 n\u0103m r\u00f5 r\u00e0ng.<\/p>\r\n<\/li>\r\n \t<li>\r\n<p data-path-to-node=\"30,2,0\"><b data-path-to-node=\"30,2,0\" data-index-in-node=\"0\">Gi\u00e1 th\u00e0nh h\u1ee3p l\u00fd:<\/b> So v\u1edbi c\u00e1c th\u01b0\u01a1ng hi\u1ec7u c\u00f9ng ph\u00e2n kh\u00fac Tier 1, JA Solar lu\u00f4n c\u00f3 m\u1ee9c gi\u00e1 c\u1ef1c k\u1ef3 c\u1ea1nh tranh, gi\u00fap r\u00fat ng\u1eafn th\u1eddi gian ho\u00e0n v\u1ed1n.<\/p>\r\n<\/li>\r\n<\/ol>\r\n<h3 data-path-to-node=\"31\">K\u1ebft lu\u1eadn<\/h3>\r\n<p data-path-to-node=\"32\"><b data-path-to-node=\"32\" data-index-in-node=\"0\">T\u1ea5m pin PV JA Solar<\/b> kh\u00f4ng ch\u1ec9 l\u00e0 m\u1ed9t s\u1ea3n ph\u1ea9m k\u1ef9 thu\u1eadt m\u00e0 c\u00f2n l\u00e0 gi\u1ea3i ph\u00e1p kinh t\u1ebf hi\u1ec7u qu\u1ea3 cho t\u01b0\u01a1ng lai xanh. V\u1edbi s\u1ef1 k\u1ebft h\u1ee3p ho\u00e0n h\u1ea3o gi\u1eefa c\u00f4ng ngh\u1ec7, hi\u1ec7u su\u1ea5t v\u00e0 \u0111\u1ed9 b\u1ec1n, \u0111\u00e2y ch\u1eafc ch\u1eafn l\u00e0 m\u1ea3nh gh\u00e9p kh\u00f4ng th\u1ec3 thi\u1ebfu cho h\u1ec7 th\u1ed1ng n\u0103ng l\u01b0\u1ee3ng c\u1ee7a b\u1ea1n.<\/p>\r\n<p data-path-to-node=\"32\"><strong><span style=\"color: #00a859;\"><a style=\"color: #00a859;\" href=\"https:\/\/www.facebook.com\/mpsolar.vn\/\" target=\"_blank\" rel=\"noopener\">MP Energy<\/a><\/span><\/strong><\/p>\r\n<p data-path-to-node=\"32\">nh\u00e0 ph\u00e2n ph\u1ed1i ch\u00ednh th\u1ee9c\u00a0 thi\u1ebft b\u1ecb t\u1ea5m pin PV JA Solar \u0111\u1ea7y \u0111\u1ee7 gi\u1ea5y t\u1edd , cam k\u1ebft b\u1ea3o h\u00e0nh ch\u00ednh h\u00e3ng t\u1ea1i Vi\u1ec7t Nam.<\/p>\r\n<img decoding=\"async\" src=\"https:\/\/epcsolar.vn\/image\/catalog\/JA-600Wp-Ntype-hai-mat-kinh-JAM66D45-600LB_epcsolar.jpg\" alt=\"JA-600Wp-Ntype-hai-mat-kinh-JAM66D45-600LB_epcsolar\" \/>\r\n<h3><\/h3>","protected":false},"excerpt":{"rendered":"<strong>JA Solar\u00a0 N-type<\/strong>\u00a0c\u00f4ng ngh\u1ec7 2 m\u1eb7t k\u00ednh<strong>\u00a0<\/strong>bifacial kh\u00f4ng ch\u1ec9 gi\u00fap t\u0103ng hi\u1ec7u su\u1ea5t cao, \u0111\u1ea3m b\u1ea3o \u0111\u1ed9 b\u1ec1n v\u00e0 tu\u1ed5i th\u1ecd l\u00e2u d\u00e0i.\r\n<ul>\r\n \t<li><strong>Hi\u1ec7u su\u1ea5t:\u00a0<\/strong>22.2%<\/li>\r\n \t<li><strong>K\u00edch c\u1ee1:<\/strong>\u00a02382*1134*30 (mm)<\/li>\r\n \t<li><strong>Tr\u1ecdng l\u01b0\u1ee3ng:<\/strong>\u00a033 kg<\/li>\r\n \t<li><strong>B\u1ea3o h\u00e0nh:\u00a0<\/strong>12 n\u0103m<\/li>\r\n \t<li><strong>B\u1ea3o h\u00e0nh hi\u1ec7u su\u1ea5t:\u00a0<\/strong>30 n\u0103m<\/li>\r\n<\/ul>","protected":false},"featured_media":1154,"comment_status":"open","ping_status":"closed","template":"","meta":{"_acf_changed":false},"product_brand":[41],"product_cat":[23],"product_tag":[],"class_list":{"0":"post-720","1":"product","2":"type-product","3":"status-publish","4":"has-post-thumbnail","6":"product_brand-jasolar","7":"product_cat-tam-pin","8":"pa_cong-suat-600w","9":"pa_cong-suat-615w","11":"first","12":"instock","13":"shipping-taxable","14":"product-type-simple"},"acf":[],"_links":{"self":[{"href":"https:\/\/mpenergy.vn\/en\/wp-json\/wp\/v2\/product\/720","targetHints":{"allow":["GET"]}}],"collection":[{"href":"https:\/\/mpenergy.vn\/en\/wp-json\/wp\/v2\/product"}],"about":[{"href":"https:\/\/mpenergy.vn\/en\/wp-json\/wp\/v2\/types\/product"}],"replies":[{"embeddable":true,"href":"https:\/\/mpenergy.vn\/en\/wp-json\/wp\/v2\/comments?post=720"}],"wp:featuredmedia":[{"embeddable":true,"href":"https:\/\/mpenergy.vn\/en\/wp-json\/wp\/v2\/media\/1154"}],"wp:attachment":[{"href":"https:\/\/mpenergy.vn\/en\/wp-json\/wp\/v2\/media?parent=720"}],"wp:term":[{"taxonomy":"product_brand","embeddable":true,"href":"https:\/\/mpenergy.vn\/en\/wp-json\/wp\/v2\/product_brand?post=720"},{"taxonomy":"product_cat","embeddable":true,"href":"https:\/\/mpenergy.vn\/en\/wp-json\/wp\/v2\/product_cat?post=720"},{"taxonomy":"product_tag","embeddable":true,"href":"https:\/\/mpenergy.vn\/en\/wp-json\/wp\/v2\/product_tag?post=720"}],"curies":[{"name":"wp","href":"https:\/\/api.w.org\/{rel}","templated":true}]}}