{"id":866,"date":"2025-09-09T15:07:27","date_gmt":"2025-09-09T08:07:27","guid":{"rendered":"https:\/\/mpenergy.vn\/?post_type=product&#038;p=866"},"modified":"2026-03-11T08:26:15","modified_gmt":"2026-03-11T01:26:15","slug":"bien-tan-goodwe-hybrid-3-pha-ap-thap-15kw","status":"publish","type":"product","link":"https:\/\/mpenergy.vn\/en\/bien-tan-goodwe-hybrid-3-pha-ap-thap-15kw\/","title":{"rendered":"Bi\u1ebfn t\u1ea7n GoodWe Hybrid 3 pha \u00e1p th\u1ea5p 15KW | GW15K-ET-L-G10"},"content":{"rendered":"<h1 data-start=\"156\" data-end=\"224\"><strong data-start=\"158\" data-end=\"222\">Bi\u1ebfn t\u1ea7n Hybrid GoodWe GW15K-ET-L-G10 (15kW, 3 pha, \u00e1p th\u1ea5p)<\/strong><\/h1>\r\n<h2 data-start=\"226\" data-end=\"249\"><strong data-start=\"226\" data-end=\"247\">Th\u00f4ng s\u1ed1 n\u1ed5i b\u1eadt:<\/strong><\/h2>\r\n<ul data-start=\"250\" data-end=\"1019\">\r\n \t<li data-start=\"250\" data-end=\"293\">\r\n<p data-start=\"252\" data-end=\"293\">C\u00f4ng su\u1ea5t \u0111\u1ea7u ra danh \u0111\u1ecbnh: <strong data-start=\"280\" data-end=\"291\">15.0 kW<\/strong><\/p>\r\n<\/li>\r\n \t<li data-start=\"294\" data-end=\"345\">\r\n<p data-start=\"296\" data-end=\"345\">C\u00f4ng su\u1ea5t \u0111\u1ea7u v\u00e0o PV t\u1ed1i \u0111a: <strong data-start=\"325\" data-end=\"343\">30.0 kW (200%)<\/strong><\/p>\r\n<\/li>\r\n \t<li data-start=\"346\" data-end=\"407\">\r\n<p data-start=\"348\" data-end=\"407\"><strong data-start=\"348\" data-end=\"367\">4 MPPT, 4 chu\u1ed7i<\/strong>, t\u1ed1i \u01b0u s\u1ea3n l\u01b0\u1ee3ng cho nhi\u1ec1u h\u01b0\u1edbng m\u00e1i<\/p>\r\n<\/li>\r\n \t<li data-start=\"408\" data-end=\"473\">\r\n<p data-start=\"410\" data-end=\"473\">\u0110i\u1ec7n \u00e1p \u0111\u1ea7u v\u00e0o t\u1ed1i \u0111a: <strong data-start=\"434\" data-end=\"444\">1000 V<\/strong>, d\u1ea3i MPPT: <strong data-start=\"456\" data-end=\"471\">150 \u2013 850 V<\/strong><\/p>\r\n<\/li>\r\n \t<li data-start=\"474\" data-end=\"539\">\r\n<p data-start=\"476\" data-end=\"539\">C\u00f4ng su\u1ea5t d\u1ef1 ph\u00f2ng: <strong data-start=\"496\" data-end=\"537\">15.0 kVA (danh \u0111\u1ecbnh) \/ 30.0 kVA (10s)<\/strong><\/p>\r\n<\/li>\r\n \t<li data-start=\"540\" data-end=\"630\">\r\n<p data-start=\"542\" data-end=\"630\">Hi\u1ec7u su\u1ea5t t\u1ed1i \u0111a: <strong data-start=\"560\" data-end=\"569\">97.8%<\/strong> | Hi\u1ec7u su\u1ea5t Ch\u00e2u \u00c2u: <strong data-start=\"591\" data-end=\"600\">97.4%<\/strong> | Hi\u1ec7u su\u1ea5t MPPT: <strong data-start=\"619\" data-end=\"628\">99.9%<\/strong><\/p>\r\n<\/li>\r\n \t<li data-start=\"631\" data-end=\"710\">\r\n<p data-start=\"633\" data-end=\"710\">Chu\u1ea9n b\u1ea3o v\u1ec7 <strong data-start=\"646\" data-end=\"654\">IP66<\/strong>, SPD lo\u1ea1i II AC\/DC, AFCI (t\u00f9y ch\u1ecdn), an to\u00e0n &amp; b\u1ec1n b\u1ec9<\/p>\r\n<\/li>\r\n \t<li data-start=\"711\" data-end=\"813\">\r\n<p data-start=\"713\" data-end=\"813\">T\u01b0\u01a1ng th\u00edch <strong data-start=\"725\" data-end=\"755\">pin Lithium &amp; axit ch\u00ec 48V<\/strong>, d\u00f2ng s\u1ea1c\/x\u1ea3 li\u00ean t\u1ee5c <strong data-start=\"778\" data-end=\"790\">165A x 2<\/strong> (2 c\u1ed5ng pin \u0111\u1ed9c l\u1eadp)<\/p>\r\n<\/li>\r\n \t<li data-start=\"814\" data-end=\"871\">\r\n<p data-start=\"816\" data-end=\"871\">H\u1ed7 tr\u1ee3 xu\u1ea5t c\u00f4ng su\u1ea5t kh\u00f4ng c\u00e2n b\u1eb1ng l\u00ean \u0111\u1ebfn <strong data-start=\"861\" data-end=\"869\">150%<\/strong><\/p>\r\n<\/li>\r\n \t<li data-start=\"872\" data-end=\"954\">\r\n<p data-start=\"874\" data-end=\"954\">L\u00e0m m\u00e1t b\u1eb1ng <strong data-start=\"887\" data-end=\"906\">qu\u1ea1t th\u00f4ng minh<\/strong>, v\u1eadn h\u00e0nh \u1ed5n \u0111\u1ecbnh trong \u0111i\u1ec1u ki\u1ec7n kh\u1eafc nghi\u1ec7t<\/p>\r\n<\/li>\r\n \t<li data-start=\"955\" data-end=\"1019\">\r\n<p data-start=\"957\" data-end=\"1019\">K\u00edch th\u01b0\u1edbc: <strong data-start=\"969\" data-end=\"991\">754 \u00d7 549 \u00d7 262 mm<\/strong>, Tr\u1ecdng l\u01b0\u1ee3ng: <strong data-start=\"1006\" data-end=\"1017\">47.5 kg<\/strong><\/p>\r\n<\/li>\r\n<\/ul>\r\n<h2 data-start=\"1021\" data-end=\"1036\"><strong data-start=\"1021\" data-end=\"1034\">B\u1ea3o h\u00e0nh:<\/strong><\/h2>\r\n<ul data-start=\"1037\" data-end=\"1093\">\r\n \t<li data-start=\"1037\" data-end=\"1093\">\r\n<p data-start=\"1039\" data-end=\"1093\">5 n\u0103m ti\u00eau chu\u1ea9n<\/p>\r\n<\/li>\r\n<\/ul>\r\n<h2 data-start=\"1095\" data-end=\"1118\"><strong data-start=\"1095\" data-end=\"1116\">\u1ee8ng d\u1ee5ng ph\u00f9 h\u1ee3p:<\/strong><\/h2>\r\n<ul data-start=\"1119\" data-end=\"1368\">\r\n \t<li data-start=\"1119\" data-end=\"1184\">\r\n<p data-start=\"1121\" data-end=\"1184\">H\u1ec7 th\u1ed1ng \u0111i\u1ec7n m\u1eb7t tr\u1eddi th\u01b0\u01a1ng m\u1ea1i v\u1eeba v\u00e0 nh\u1ecf (3 pha, \u00e1p th\u1ea5p)<\/p>\r\n<\/li>\r\n \t<li data-start=\"1185\" data-end=\"1233\">\r\n<p data-start=\"1187\" data-end=\"1233\">D\u1ef1 \u00e1n hybrid c\u1ea7n c\u1ea3 h\u00f2a l\u01b0\u1edbi v\u00e0 l\u01b0u tr\u1eef \u0111i\u1ec7n<\/p>\r\n<\/li>\r\n \t<li data-start=\"1234\" data-end=\"1295\">\r\n<p data-start=\"1236\" data-end=\"1295\">C\u00f4ng tr\u00ecnh c\u00f4ng su\u1ea5t l\u1edbn y\u00eau c\u1ea7u \u1ed5n \u0111\u1ecbnh v\u00e0 hi\u1ec7u su\u1ea5t cao<\/p>\r\n<\/li>\r\n \t<li data-start=\"1296\" data-end=\"1368\">\r\n<p data-start=\"1298\" data-end=\"1368\">V\u1eadn h\u00e0nh b\u1ec1n b\u1ec9 trong m\u00f4i tr\u01b0\u1eddng nhi\u1ec7t \u0111\u1ed9 cao, \u1ea9m, b\u1ee5i ho\u1eb7c ven bi\u1ec3n<\/p>\r\n<\/li>\r\n<\/ul>","protected":false},"excerpt":{"rendered":"&#8211; Bi\u1ebfn t\u1ea7n GoodWe Hybrid 3 pha \u00e1p th\u1ea5p 15KW\r\n&#8211; C\u00f3 CT, wifi stick,m\u00e0n h\u00ecnh hi\u1ec3n th\u1ecb\r\n&#8211; 3 MPPT, 3 Chu\u1ed7i, Ho\u1ea1t \u0111\u1ed9ng ngay c\u1ea3 khi n\u1eafng y\u1ebfu, PV Max input 30kw (200%)\r\n&#8211; C\u00f4ng su\u1ea5t h\u00f2a l\u01b0\u1edbi: 15kw\r\n&#8211; C\u00f4ng su\u1ea5t backup: 15kw\r\n&#8211; Hi\u1ec7u su\u1ea5t cao l\u00ean \u0111\u1ebfn 99.9%\r\n&#8211; IP66, V\u1eadn h\u00e0nh c\u1ef1c \u00eam kh\u00f4ng g\u00e2y ti\u1ebfng \u1ed3n\r\n&#8211; Ch\u1ee9c n\u0103ng c\u00e2n b\u1eb1ng khi d\u00f9ng l\u1ec7ch t\u1ea3i 3 pha l\u00ean \u0111\u1ebfn 150%","protected":false},"featured_media":1118,"comment_status":"open","ping_status":"closed","template":"","meta":{"_acf_changed":false},"product_brand":[40],"product_cat":[22,47],"product_tag":[],"class_list":{"0":"post-866","1":"product","2":"type-product","3":"status-publish","4":"has-post-thumbnail","6":"product_brand-goodwe","7":"product_cat-inverter","8":"product_cat-bien-tan-goodwe-hybrid-3-pha-ap-thap","9":"pa_loai-san-pham-inverter-hybrid","11":"first","12":"instock","13":"shipping-taxable","14":"product-type-simple"},"acf":[],"_links":{"self":[{"href":"https:\/\/mpenergy.vn\/en\/wp-json\/wp\/v2\/product\/866","targetHints":{"allow":["GET"]}}],"collection":[{"href":"https:\/\/mpenergy.vn\/en\/wp-json\/wp\/v2\/product"}],"about":[{"href":"https:\/\/mpenergy.vn\/en\/wp-json\/wp\/v2\/types\/product"}],"replies":[{"embeddable":true,"href":"https:\/\/mpenergy.vn\/en\/wp-json\/wp\/v2\/comments?post=866"}],"wp:featuredmedia":[{"embeddable":true,"href":"https:\/\/mpenergy.vn\/en\/wp-json\/wp\/v2\/media\/1118"}],"wp:attachment":[{"href":"https:\/\/mpenergy.vn\/en\/wp-json\/wp\/v2\/media?parent=866"}],"wp:term":[{"taxonomy":"product_brand","embeddable":true,"href":"https:\/\/mpenergy.vn\/en\/wp-json\/wp\/v2\/product_brand?post=866"},{"taxonomy":"product_cat","embeddable":true,"href":"https:\/\/mpenergy.vn\/en\/wp-json\/wp\/v2\/product_cat?post=866"},{"taxonomy":"product_tag","embeddable":true,"href":"https:\/\/mpenergy.vn\/en\/wp-json\/wp\/v2\/product_tag?post=866"}],"curies":[{"name":"wp","href":"https:\/\/api.w.org\/{rel}","templated":true}]}}