{"id":871,"date":"2025-09-09T15:23:42","date_gmt":"2025-09-09T08:23:42","guid":{"rendered":"https:\/\/mpenergy.vn\/?post_type=product&#038;p=871"},"modified":"2026-03-11T08:25:18","modified_gmt":"2026-03-11T01:25:18","slug":"bien-tan-goodwe-hybrid-3-pha-ap-thap-20kw","status":"publish","type":"product","link":"https:\/\/mpenergy.vn\/en\/bien-tan-goodwe-hybrid-3-pha-ap-thap-20kw\/","title":{"rendered":"Bi\u1ebfn t\u1ea7n GoodWe Hybrid 3 pha \u00e1p th\u1ea5p 20KW | GW20K-ET-L-G10"},"content":{"rendered":"<h1 data-start=\"161\" data-end=\"229\"><strong data-start=\"163\" data-end=\"227\">Bi\u1ebfn t\u1ea7n Hybrid GoodWe GW20K-ET-L-G10 (20kW, 3 pha, \u00e1p th\u1ea5p)<\/strong><\/h1>\r\n<h2 data-start=\"231\" data-end=\"254\"><strong data-start=\"231\" data-end=\"252\">Th\u00f4ng s\u1ed1 n\u1ed5i b\u1eadt:<\/strong><\/h2>\r\n<ul data-start=\"255\" data-end=\"1014\">\r\n \t<li data-start=\"255\" data-end=\"298\">\r\n<p data-start=\"257\" data-end=\"298\">C\u00f4ng su\u1ea5t \u0111\u1ea7u ra danh \u0111\u1ecbnh: <strong data-start=\"285\" data-end=\"296\">20.0 kW<\/strong><\/p>\r\n<\/li>\r\n \t<li data-start=\"299\" data-end=\"350\">\r\n<p data-start=\"301\" data-end=\"350\">C\u00f4ng su\u1ea5t \u0111\u1ea7u v\u00e0o PV t\u1ed1i \u0111a: <strong data-start=\"330\" data-end=\"348\">40.0 kW (200%)<\/strong><\/p>\r\n<\/li>\r\n \t<li data-start=\"351\" data-end=\"421\">\r\n<p data-start=\"353\" data-end=\"421\"><strong data-start=\"353\" data-end=\"372\">4 MPPT, 4 chu\u1ed7i<\/strong>, t\u1ed1i \u01b0u s\u1ea3n l\u01b0\u1ee3ng cho h\u1ec7 th\u1ed1ng nhi\u1ec1u h\u01b0\u1edbng m\u00e1i<\/p>\r\n<\/li>\r\n \t<li data-start=\"422\" data-end=\"487\">\r\n<p data-start=\"424\" data-end=\"487\">\u0110i\u1ec7n \u00e1p \u0111\u1ea7u v\u00e0o t\u1ed1i \u0111a: <strong data-start=\"448\" data-end=\"458\">1000 V<\/strong>, d\u1ea3i MPPT: <strong data-start=\"470\" data-end=\"485\">150 \u2013 850 V<\/strong><\/p>\r\n<\/li>\r\n \t<li data-start=\"488\" data-end=\"553\">\r\n<p data-start=\"490\" data-end=\"553\">C\u00f4ng su\u1ea5t d\u1ef1 ph\u00f2ng: <strong data-start=\"510\" data-end=\"551\">20.0 kVA (danh \u0111\u1ecbnh) \/ 40.0 kVA (10s)<\/strong><\/p>\r\n<\/li>\r\n \t<li data-start=\"554\" data-end=\"644\">\r\n<p data-start=\"556\" data-end=\"644\">Hi\u1ec7u su\u1ea5t t\u1ed1i \u0111a: <strong data-start=\"574\" data-end=\"583\">97.8%<\/strong> | Hi\u1ec7u su\u1ea5t Ch\u00e2u \u00c2u: <strong data-start=\"605\" data-end=\"614\">97.4%<\/strong> | Hi\u1ec7u su\u1ea5t MPPT: <strong data-start=\"633\" data-end=\"642\">99.9%<\/strong><\/p>\r\n<\/li>\r\n \t<li data-start=\"645\" data-end=\"706\">\r\n<p data-start=\"647\" data-end=\"706\">Chu\u1ea9n b\u1ea3o v\u1ec7 <strong data-start=\"660\" data-end=\"668\">IP66<\/strong>, SPD lo\u1ea1i II AC\/DC, AFCI (t\u00f9y ch\u1ecdn)<\/p>\r\n<\/li>\r\n \t<li data-start=\"707\" data-end=\"809\">\r\n<p data-start=\"709\" data-end=\"809\">T\u01b0\u01a1ng th\u00edch <strong data-start=\"721\" data-end=\"751\">pin Lithium &amp; axit ch\u00ec 48V<\/strong>, d\u00f2ng s\u1ea1c\/x\u1ea3 li\u00ean t\u1ee5c <strong data-start=\"774\" data-end=\"786\">208A x 2<\/strong> (2 c\u1ed5ng pin \u0111\u1ed9c l\u1eadp)<\/p>\r\n<\/li>\r\n \t<li data-start=\"810\" data-end=\"867\">\r\n<p data-start=\"812\" data-end=\"867\">H\u1ed7 tr\u1ee3 xu\u1ea5t c\u00f4ng su\u1ea5t kh\u00f4ng c\u00e2n b\u1eb1ng l\u00ean \u0111\u1ebfn <strong data-start=\"857\" data-end=\"865\">150%<\/strong><\/p>\r\n<\/li>\r\n \t<li data-start=\"868\" data-end=\"949\">\r\n<p data-start=\"870\" data-end=\"949\">L\u00e0m m\u00e1t b\u1eb1ng <strong data-start=\"883\" data-end=\"902\">qu\u1ea1t th\u00f4ng minh<\/strong>, v\u1eadn h\u00e0nh b\u1ec1n b\u1ec9 trong \u0111i\u1ec1u ki\u1ec7n kh\u1eafc nghi\u1ec7t<\/p>\r\n<\/li>\r\n \t<li data-start=\"950\" data-end=\"1014\">\r\n<p data-start=\"952\" data-end=\"1014\">K\u00edch th\u01b0\u1edbc: <strong data-start=\"964\" data-end=\"986\">754 \u00d7 549 \u00d7 262 mm<\/strong>, Tr\u1ecdng l\u01b0\u1ee3ng: <strong data-start=\"1001\" data-end=\"1012\">52.0 kg<\/strong><\/p>\r\n<\/li>\r\n<\/ul>\r\n<h2 data-start=\"1016\" data-end=\"1031\"><strong data-start=\"1016\" data-end=\"1029\">B\u1ea3o h\u00e0nh:<\/strong><\/h2>\r\n<ul data-start=\"1032\" data-end=\"1088\">\r\n \t<li data-start=\"1032\" data-end=\"1088\">\r\n<p data-start=\"1034\" data-end=\"1088\">5 n\u0103m ti\u00eau chu\u1ea9n (c\u00f3 th\u1ec3 m\u1edf r\u1ed9ng theo th\u1ecb tr\u01b0\u1eddng)<\/p>\r\n<\/li>\r\n<\/ul>\r\n<h2 data-start=\"1090\" data-end=\"1113\"><strong data-start=\"1090\" data-end=\"1111\">\u1ee8ng d\u1ee5ng ph\u00f9 h\u1ee3p:<\/strong><\/h2>\r\n<ul data-start=\"1114\" data-end=\"1419\">\r\n \t<li data-start=\"1114\" data-end=\"1187\">\r\n<p data-start=\"1116\" data-end=\"1187\">H\u1ec7 th\u1ed1ng \u0111i\u1ec7n m\u1eb7t tr\u1eddi th\u01b0\u01a1ng m\u1ea1i v\u00e0 c\u00f4ng nghi\u1ec7p nh\u1ecf (3 pha, \u00e1p th\u1ea5p)<\/p>\r\n<\/li>\r\n \t<li data-start=\"1188\" data-end=\"1257\">\r\n<p data-start=\"1190\" data-end=\"1257\">D\u1ef1 \u00e1n hybrid c\u00f4ng su\u1ea5t l\u1edbn, y\u00eau c\u1ea7u v\u1eeba h\u00f2a l\u01b0\u1edbi v\u1eeba l\u01b0u tr\u1eef \u0111i\u1ec7n<\/p>\r\n<\/li>\r\n \t<li data-start=\"1258\" data-end=\"1334\">\r\n<p data-start=\"1260\" data-end=\"1334\">C\u00f4ng tr\u00ecnh c\u1ea7n gi\u1ea3i ph\u00e1p b\u1ec1n b\u1ec9, hi\u1ec7u su\u1ea5t cao, v\u1eadn h\u00e0nh an to\u00e0n d\u00e0i h\u1ea1n<\/p>\r\n<\/li>\r\n \t<li data-start=\"1335\" data-end=\"1419\">\r\n<p data-start=\"1337\" data-end=\"1419\">Ph\u00f9 h\u1ee3p l\u1eafp \u0111\u1eb7t \u1edf m\u00f4i tr\u01b0\u1eddng kh\u1eafc nghi\u1ec7t: nhi\u1ec7t \u0111\u1ed9 cao, \u0111\u1ed9 \u1ea9m, b\u1ee5i ho\u1eb7c ven bi\u1ec3n<\/p>\r\n<\/li>\r\n<\/ul>","protected":false},"excerpt":{"rendered":"&#8211; Bi\u1ebfn t\u1ea7n GoodWe Hybrid 3 pha \u00e1p th\u1ea5p 20KW\r\n&#8211; C\u00f3 CT, wifi stick,m\u00e0n h\u00ecnh hi\u1ec3n th\u1ecb\r\n-3 MPPT, 3 Chu\u1ed7i, Ho\u1ea1t \u0111\u1ed9ng ngay c\u1ea3 khi n\u1eafng y\u1ebfu, PV Max input 40kw (200%)\r\n&#8211; C\u00f4ng su\u1ea5t h\u00f2a l\u01b0\u1edbi: 20kw\r\n&#8211; C\u00f4ng su\u1ea5t backup: 20kw\r\n&#8211; Hi\u1ec7u su\u1ea5t cao l\u00ean \u0111\u1ebfn 99.9%\r\n&#8211; IP66, V\u1eadn h\u00e0nh c\u1ef1c \u00eam kh\u00f4ng g\u00e2y ti\u1ebfng \u1ed3n\r\n&#8211; Ch\u1ee9c n\u0103ng c\u00e2n b\u1eb1ng khi d\u00f9ng l\u1ec7ch t\u1ea3i 3 pha l\u00ean \u0111\u1ebfn 150%","protected":false},"featured_media":1119,"comment_status":"open","ping_status":"closed","template":"","meta":{"_acf_changed":false},"product_brand":[40],"product_cat":[22,47],"product_tag":[],"class_list":{"0":"post-871","1":"product","2":"type-product","3":"status-publish","4":"has-post-thumbnail","6":"product_brand-goodwe","7":"product_cat-inverter","8":"product_cat-bien-tan-goodwe-hybrid-3-pha-ap-thap","9":"pa_loai-san-pham-inverter-hybrid","11":"first","12":"instock","13":"shipping-taxable","14":"product-type-simple"},"acf":[],"_links":{"self":[{"href":"https:\/\/mpenergy.vn\/en\/wp-json\/wp\/v2\/product\/871","targetHints":{"allow":["GET"]}}],"collection":[{"href":"https:\/\/mpenergy.vn\/en\/wp-json\/wp\/v2\/product"}],"about":[{"href":"https:\/\/mpenergy.vn\/en\/wp-json\/wp\/v2\/types\/product"}],"replies":[{"embeddable":true,"href":"https:\/\/mpenergy.vn\/en\/wp-json\/wp\/v2\/comments?post=871"}],"wp:featuredmedia":[{"embeddable":true,"href":"https:\/\/mpenergy.vn\/en\/wp-json\/wp\/v2\/media\/1119"}],"wp:attachment":[{"href":"https:\/\/mpenergy.vn\/en\/wp-json\/wp\/v2\/media?parent=871"}],"wp:term":[{"taxonomy":"product_brand","embeddable":true,"href":"https:\/\/mpenergy.vn\/en\/wp-json\/wp\/v2\/product_brand?post=871"},{"taxonomy":"product_cat","embeddable":true,"href":"https:\/\/mpenergy.vn\/en\/wp-json\/wp\/v2\/product_cat?post=871"},{"taxonomy":"product_tag","embeddable":true,"href":"https:\/\/mpenergy.vn\/en\/wp-json\/wp\/v2\/product_tag?post=871"}],"curies":[{"name":"wp","href":"https:\/\/api.w.org\/{rel}","templated":true}]}}