{"id":879,"date":"2025-09-10T10:20:32","date_gmt":"2025-09-10T03:20:32","guid":{"rendered":"https:\/\/mpenergy.vn\/?post_type=product&#038;p=879"},"modified":"2026-03-14T08:05:24","modified_gmt":"2026-03-14T01:05:24","slug":"bien-tan-goodwe-hybrid-3-pha-ap-cao-40kw","status":"publish","type":"product","link":"https:\/\/mpenergy.vn\/en\/bien-tan-goodwe-hybrid-3-pha-ap-cao-40kw\/","title":{"rendered":"Bi\u1ebfn t\u1ea7n GoodWe Hybrid 3 pha \u00e1p cao 40KW | GW40K-ET"},"content":{"rendered":"<h1 data-start=\"161\" data-end=\"225\"><strong data-start=\"163\" data-end=\"223\">Bi\u1ebfn t\u1ea7n Hybrid GoodWe GW40K-ET-10 (40kW, 3 pha, cao \u00e1p)<\/strong><\/h1>\r\n<h2 data-start=\"227\" data-end=\"250\"><strong data-start=\"227\" data-end=\"248\">Th\u00f4ng s\u1ed1 n\u1ed5i b\u1eadt:<\/strong><\/h2>\r\n<ul data-start=\"251\" data-end=\"1064\">\r\n \t<li data-start=\"251\" data-end=\"294\">\r\n<p data-start=\"253\" data-end=\"294\">C\u00f4ng su\u1ea5t \u0111\u1ea7u ra danh \u0111\u1ecbnh: <strong data-start=\"281\" data-end=\"292\">40.0 kW<\/strong><\/p>\r\n<\/li>\r\n \t<li data-start=\"295\" data-end=\"346\">\r\n<p data-start=\"297\" data-end=\"346\">C\u00f4ng su\u1ea5t \u0111\u1ea7u v\u00e0o PV t\u1ed1i \u0111a: <strong data-start=\"326\" data-end=\"344\">60.0 kW (150%)<\/strong><\/p>\r\n<\/li>\r\n \t<li data-start=\"347\" data-end=\"417\">\r\n<p data-start=\"349\" data-end=\"417\"><strong data-start=\"349\" data-end=\"373\">3 MPPT, 2 chu\u1ed7i\/MPPT<\/strong>, t\u1ed1i \u01b0u s\u1ea3n l\u01b0\u1ee3ng cho h\u1ec7 th\u1ed1ng quy m\u00f4 l\u1edbn<\/p>\r\n<\/li>\r\n \t<li data-start=\"418\" data-end=\"483\">\r\n<p data-start=\"420\" data-end=\"483\">\u0110i\u1ec7n \u00e1p \u0111\u1ea7u v\u00e0o t\u1ed1i \u0111a: <strong data-start=\"444\" data-end=\"454\">1000 V<\/strong>, d\u1ea3i MPPT: <strong data-start=\"466\" data-end=\"481\">165 \u2013 850 V<\/strong><\/p>\r\n<\/li>\r\n \t<li data-start=\"484\" data-end=\"602\">\r\n<p data-start=\"486\" data-end=\"602\">C\u00f4ng su\u1ea5t d\u1ef1 ph\u00f2ng: <strong data-start=\"506\" data-end=\"572\">40.0 kVA (danh \u0111\u1ecbnh) \/ 44.0 kVA (t\u1ed1i \u0111a, 60s) \/ 60.0 kVA (10s)<\/strong> <em data-start=\"573\" data-end=\"600\">(y\u00eau c\u1ea7u h\u1ed9p STS b\u1ed5 sung)<\/em><\/p>\r\n<\/li>\r\n \t<li data-start=\"603\" data-end=\"693\">\r\n<p data-start=\"605\" data-end=\"693\">Hi\u1ec7u su\u1ea5t t\u1ed1i \u0111a: <strong data-start=\"623\" data-end=\"632\">98.1%<\/strong> | Hi\u1ec7u su\u1ea5t Ch\u00e2u \u00c2u: <strong data-start=\"654\" data-end=\"663\">97.5%<\/strong> | Hi\u1ec7u su\u1ea5t MPPT: <strong data-start=\"682\" data-end=\"691\">99.0%<\/strong><\/p>\r\n<\/li>\r\n \t<li data-start=\"694\" data-end=\"789\">\r\n<p data-start=\"696\" data-end=\"789\">Chu\u1ea9n b\u1ea3o v\u1ec7 <strong data-start=\"709\" data-end=\"717\">IP66<\/strong>, SPD lo\u1ea1i II (t\u00f9y ch\u1ecdn I+II), AFCI (t\u00f9y ch\u1ecdn), an to\u00e0n cao ngo\u00e0i tr\u1eddi<\/p>\r\n<\/li>\r\n \t<li data-start=\"790\" data-end=\"904\">\r\n<p data-start=\"792\" data-end=\"904\">T\u01b0\u01a1ng th\u00edch pin <strong data-start=\"808\" data-end=\"836\">Li-Ion cao \u00e1p (200\u2013800V)<\/strong>, c\u00f4ng su\u1ea5t s\u1ea1c\/x\u1ea3 t\u1ed1i \u0111a <strong data-start=\"862\" data-end=\"871\">44 kW<\/strong>, d\u00f2ng s\u1ea1c\/x\u1ea3 li\u00ean t\u1ee5c <strong data-start=\"894\" data-end=\"902\">100A<\/strong><\/p>\r\n<\/li>\r\n \t<li data-start=\"905\" data-end=\"1001\">\r\n<p data-start=\"907\" data-end=\"1001\">H\u1ed7 tr\u1ee3 c\u00f4ng su\u1ea5t kh\u00f4ng c\u00e2n b\u1eb1ng <strong data-start=\"939\" data-end=\"947\">110%<\/strong>, chuy\u1ec3n \u0111\u1ed5i c\u1ea5p \u0111\u1ed9 UPS, k\u1ebft n\u1ed1i song song linh ho\u1ea1t<\/p>\r\n<\/li>\r\n \t<li data-start=\"1002\" data-end=\"1064\">\r\n<p data-start=\"1004\" data-end=\"1064\">K\u00edch th\u01b0\u1edbc: <strong data-start=\"1016\" data-end=\"1038\">520 \u00d7 660 \u00d7 260 mm<\/strong>, Tr\u1ecdng l\u01b0\u1ee3ng: <strong data-start=\"1053\" data-end=\"1062\">62 kg<\/strong><\/p>\r\n<\/li>\r\n<\/ul>\r\n<h2 data-start=\"1066\" data-end=\"1081\"><strong data-start=\"1066\" data-end=\"1079\">B\u1ea3o h\u00e0nh:<\/strong><\/h2>\r\n<ul data-start=\"1082\" data-end=\"1137\">\r\n \t<li data-start=\"1082\" data-end=\"1137\">\r\n<p data-start=\"1084\" data-end=\"1137\">5 n\u0103m ti\u00eau chu\u1ea9n (c\u00f3 th\u1ec3 m\u1edf r\u1ed9ng t\u00f9y th\u1ecb tr\u01b0\u1eddng)<\/p>\r\n<\/li>\r\n<\/ul>\r\n<h2 data-start=\"1139\" data-end=\"1162\"><strong data-start=\"1139\" data-end=\"1160\">\u1ee8ng d\u1ee5ng ph\u00f9 h\u1ee3p:<\/strong><\/h2>\r\n<ul data-start=\"1163\" data-end=\"1451\">\r\n \t<li data-start=\"1163\" data-end=\"1237\">\r\n<p data-start=\"1165\" data-end=\"1237\">H\u1ec7 th\u1ed1ng \u0111i\u1ec7n m\u1eb7t tr\u1eddi th\u01b0\u01a1ng m\u1ea1i &amp; c\u00f4ng nghi\u1ec7p (3 pha, hybrid cao \u00e1p)<\/p>\r\n<\/li>\r\n \t<li data-start=\"1238\" data-end=\"1307\">\r\n<p data-start=\"1240\" data-end=\"1307\">D\u1ef1 \u00e1n EPC quy m\u00f4 v\u1eeba v\u00e0 l\u1edbn, y\u00eau c\u1ea7u h\u00f2a l\u01b0\u1edbi v\u00e0 d\u1ef1 ph\u00f2ng \u1ed5n \u0111\u1ecbnh<\/p>\r\n<\/li>\r\n \t<li data-start=\"1308\" data-end=\"1367\">\r\n<p data-start=\"1310\" data-end=\"1367\">C\u00f4ng tr\u00ecnh c\u1ea7n hi\u1ec7u su\u1ea5t cao, an to\u00e0n, v\u1eadn h\u00e0nh d\u00e0i h\u1ea1n<\/p>\r\n<\/li>\r\n \t<li data-start=\"1368\" data-end=\"1451\">\r\n<p data-start=\"1370\" data-end=\"1451\">L\u1eafp \u0111\u1eb7t ngo\u00e0i tr\u1eddi, m\u00f4i tr\u01b0\u1eddng kh\u1eafc nghi\u1ec7t: nhi\u1ec7t \u0111\u1ed9 cao, \u1ea9m, b\u1ee5i ho\u1eb7c ven bi\u1ec3n<\/p>\r\n<\/li>\r\n<\/ul>","protected":false},"excerpt":{"rendered":"&#8211; Bi\u1ebfn t\u1ea7n GoodWe Hybrid 3 pha \u00e1p cao 40KW\r\n&#8211; C\u00f3 CT, wifi stick\r\n&#8211; 3 MPPT, 6 Chu\u1ed7i, Ho\u1ea1t \u0111\u1ed9ng ngay c\u1ea3 khi n\u1eafng y\u1ebfu, PV Max input 60kw (150%)\r\n&#8211; C\u00f4ng su\u1ea5t h\u00f2a l\u01b0\u1edbi: 40kw\r\n&#8211; C\u00f4ng su\u1ea5t backup: 40kw\r\n&#8211; Hi\u1ec7u su\u1ea5t cao l\u00ean \u0111\u1ebfn 99.9%\r\n&#8211; IP66, V\u1eadn h\u00e0nh c\u1ef1c \u00eam kh\u00f4ng g\u00e2y ti\u1ebfng \u1ed3n\r\n&#8211; Ch\u1ee9c n\u0103ng c\u00e2n b\u1eb1ng khi d\u00f9ng l\u1ec7ch t\u1ea3i 3 pha l\u00ean \u0111\u1ebfn 110%\r\n&#8211; B\u1ea3o h\u00e0nh 5 n\u0103m","protected":false},"featured_media":1128,"comment_status":"open","ping_status":"closed","template":"","meta":{"_acf_changed":false},"product_brand":[40],"product_cat":[22,48,15],"product_tag":[],"class_list":{"0":"post-879","1":"product","2":"type-product","3":"status-publish","4":"has-post-thumbnail","6":"product_brand-goodwe","7":"product_cat-inverter","8":"product_cat-bien-tan-goodwe-hybrid-3-pha-ap-cao","9":"product_cat-combo","10":"pa_loai-san-pham-inverter-hybrid","12":"first","13":"instock","14":"shipping-taxable","15":"product-type-simple"},"acf":[],"_links":{"self":[{"href":"https:\/\/mpenergy.vn\/en\/wp-json\/wp\/v2\/product\/879","targetHints":{"allow":["GET"]}}],"collection":[{"href":"https:\/\/mpenergy.vn\/en\/wp-json\/wp\/v2\/product"}],"about":[{"href":"https:\/\/mpenergy.vn\/en\/wp-json\/wp\/v2\/types\/product"}],"replies":[{"embeddable":true,"href":"https:\/\/mpenergy.vn\/en\/wp-json\/wp\/v2\/comments?post=879"}],"wp:featuredmedia":[{"embeddable":true,"href":"https:\/\/mpenergy.vn\/en\/wp-json\/wp\/v2\/media\/1128"}],"wp:attachment":[{"href":"https:\/\/mpenergy.vn\/en\/wp-json\/wp\/v2\/media?parent=879"}],"wp:term":[{"taxonomy":"product_brand","embeddable":true,"href":"https:\/\/mpenergy.vn\/en\/wp-json\/wp\/v2\/product_brand?post=879"},{"taxonomy":"product_cat","embeddable":true,"href":"https:\/\/mpenergy.vn\/en\/wp-json\/wp\/v2\/product_cat?post=879"},{"taxonomy":"product_tag","embeddable":true,"href":"https:\/\/mpenergy.vn\/en\/wp-json\/wp\/v2\/product_tag?post=879"}],"curies":[{"name":"wp","href":"https:\/\/api.w.org\/{rel}","templated":true}]}}