{"id":885,"date":"2025-09-10T10:40:00","date_gmt":"2025-09-10T03:40:00","guid":{"rendered":"https:\/\/mpenergy.vn\/?post_type=product&#038;p=885"},"modified":"2026-03-14T08:04:50","modified_gmt":"2026-03-14T01:04:50","slug":"bien-tan-goodwe-hybrid-3-pha-ap-cao-50kw","status":"publish","type":"product","link":"https:\/\/mpenergy.vn\/en\/bien-tan-goodwe-hybrid-3-pha-ap-cao-50kw\/","title":{"rendered":"Bi\u1ebfn t\u1ea7n GoodWe Hybrid 3 pha \u00e1p cao 50KW | GW50K-ET"},"content":{"rendered":"<h1 data-start=\"164\" data-end=\"228\">\u2705 <strong data-start=\"166\" data-end=\"226\">Bi\u1ebfn t\u1ea7n Hybrid GoodWe GW50K-ET-10 (50kW, 3 pha, cao \u00e1p)<\/strong><\/h1>\r\n<h2 data-start=\"230\" data-end=\"253\"><strong data-start=\"230\" data-end=\"251\">Th\u00f4ng s\u1ed1 n\u1ed5i b\u1eadt:<\/strong><\/h2>\r\n<ul data-start=\"254\" data-end=\"1097\">\r\n \t<li data-start=\"254\" data-end=\"297\">\r\n<p data-start=\"256\" data-end=\"297\">C\u00f4ng su\u1ea5t \u0111\u1ea7u ra danh \u0111\u1ecbnh: <strong data-start=\"284\" data-end=\"295\">50.0 kW<\/strong><\/p>\r\n<\/li>\r\n \t<li data-start=\"298\" data-end=\"349\">\r\n<p data-start=\"300\" data-end=\"349\">C\u00f4ng su\u1ea5t \u0111\u1ea7u v\u00e0o PV t\u1ed1i \u0111a: <strong data-start=\"329\" data-end=\"347\">75.0 kW (150%)<\/strong><\/p>\r\n<\/li>\r\n \t<li data-start=\"350\" data-end=\"434\">\r\n<p data-start=\"352\" data-end=\"434\"><strong data-start=\"352\" data-end=\"376\">4 MPPT, 2 chu\u1ed7i\/MPPT<\/strong>, t\u1ed1i \u01b0u s\u1ea3n l\u01b0\u1ee3ng cho h\u1ec7 th\u1ed1ng l\u1edbn, nhi\u1ec1u h\u01b0\u1edbng l\u1eafp \u0111\u1eb7t<\/p>\r\n<\/li>\r\n \t<li data-start=\"435\" data-end=\"500\">\r\n<p data-start=\"437\" data-end=\"500\">\u0110i\u1ec7n \u00e1p \u0111\u1ea7u v\u00e0o t\u1ed1i \u0111a: <strong data-start=\"461\" data-end=\"471\">1000 V<\/strong>, d\u1ea3i MPPT: <strong data-start=\"483\" data-end=\"498\">165 \u2013 850 V<\/strong><\/p>\r\n<\/li>\r\n \t<li data-start=\"501\" data-end=\"631\">\r\n<p data-start=\"503\" data-end=\"631\">C\u00f4ng su\u1ea5t d\u1ef1 ph\u00f2ng: <strong data-start=\"523\" data-end=\"601\">50.0 kVA (danh \u0111\u1ecbnh) \/ 55.0 kVA (t\u1ed1i \u0111a) \/ 60.0 kVA (60s) \/ 75.0 kVA (10s)<\/strong> <em data-start=\"602\" data-end=\"629\">(y\u00eau c\u1ea7u h\u1ed9p STS b\u1ed5 sung)<\/em><\/p>\r\n<\/li>\r\n \t<li data-start=\"632\" data-end=\"722\">\r\n<p data-start=\"634\" data-end=\"722\">Hi\u1ec7u su\u1ea5t t\u1ed1i \u0111a: <strong data-start=\"652\" data-end=\"661\">98.1%<\/strong> | Hi\u1ec7u su\u1ea5t Ch\u00e2u \u00c2u: <strong data-start=\"683\" data-end=\"692\">97.5%<\/strong> | Hi\u1ec7u su\u1ea5t MPPT: <strong data-start=\"711\" data-end=\"720\">99.0%<\/strong><\/p>\r\n<\/li>\r\n \t<li data-start=\"723\" data-end=\"822\">\r\n<p data-start=\"725\" data-end=\"822\">Chu\u1ea9n b\u1ea3o v\u1ec7 <strong data-start=\"738\" data-end=\"746\">IP66<\/strong>, SPD lo\u1ea1i II (t\u00f9y ch\u1ecdn I+II), AFCI (t\u00f9y ch\u1ecdn), ch\u1ed1ng s\u00e9t lan truy\u1ec1n AC\/DC<\/p>\r\n<\/li>\r\n \t<li data-start=\"823\" data-end=\"937\">\r\n<p data-start=\"825\" data-end=\"937\">T\u01b0\u01a1ng th\u00edch pin <strong data-start=\"841\" data-end=\"869\">Li-Ion cao \u00e1p (200\u2013800V)<\/strong>, c\u00f4ng su\u1ea5t s\u1ea1c\/x\u1ea3 t\u1ed1i \u0111a <strong data-start=\"895\" data-end=\"904\">55 kW<\/strong>, d\u00f2ng s\u1ea1c\/x\u1ea3 li\u00ean t\u1ee5c <strong data-start=\"927\" data-end=\"935\">100A<\/strong><\/p>\r\n<\/li>\r\n \t<li data-start=\"938\" data-end=\"1034\">\r\n<p data-start=\"940\" data-end=\"1034\">H\u1ed7 tr\u1ee3 c\u00f4ng su\u1ea5t kh\u00f4ng c\u00e2n b\u1eb1ng <strong data-start=\"972\" data-end=\"980\">110%<\/strong>, chuy\u1ec3n \u0111\u1ed5i c\u1ea5p \u0111\u1ed9 UPS, k\u1ebft n\u1ed1i song song linh ho\u1ea1t<\/p>\r\n<\/li>\r\n \t<li data-start=\"1035\" data-end=\"1097\">\r\n<p data-start=\"1037\" data-end=\"1097\">K\u00edch th\u01b0\u1edbc: <strong data-start=\"1049\" data-end=\"1071\">520 \u00d7 660 \u00d7 260 mm<\/strong>, Tr\u1ecdng l\u01b0\u1ee3ng: <strong data-start=\"1086\" data-end=\"1095\">65 kg<\/strong><\/p>\r\n<\/li>\r\n<\/ul>\r\n<h2 data-start=\"1099\" data-end=\"1114\"><strong data-start=\"1099\" data-end=\"1112\">B\u1ea3o h\u00e0nh:<\/strong><\/h2>\r\n<ul data-start=\"1115\" data-end=\"1171\">\r\n \t<li data-start=\"1115\" data-end=\"1171\">\r\n<p data-start=\"1117\" data-end=\"1171\">5 n\u0103m ti\u00eau chu\u1ea9n (c\u00f3 th\u1ec3 m\u1edf r\u1ed9ng theo th\u1ecb tr\u01b0\u1eddng)<\/p>\r\n<\/li>\r\n<\/ul>\r\n<h2 data-start=\"1173\" data-end=\"1196\"><strong data-start=\"1173\" data-end=\"1194\">\u1ee8ng d\u1ee5ng ph\u00f9 h\u1ee3p:<\/strong><\/h2>\r\n<ul data-start=\"1197\" data-end=\"1511\">\r\n \t<li data-start=\"1197\" data-end=\"1282\">\r\n<p data-start=\"1199\" data-end=\"1282\">H\u1ec7 th\u1ed1ng \u0111i\u1ec7n m\u1eb7t tr\u1eddi th\u01b0\u01a1ng m\u1ea1i &amp; c\u00f4ng nghi\u1ec7p quy m\u00f4 l\u1edbn (3 pha, hybrid cao \u00e1p)<\/p>\r\n<\/li>\r\n \t<li data-start=\"1283\" data-end=\"1355\">\r\n<p data-start=\"1285\" data-end=\"1355\">D\u1ef1 \u00e1n EPC y\u00eau c\u1ea7u c\u00f4ng su\u1ea5t cao, hi\u1ec7u su\u1ea5t \u1ed5n \u0111\u1ecbnh, d\u1ef1 ph\u00f2ng tin c\u1eady<\/p>\r\n<\/li>\r\n \t<li data-start=\"1356\" data-end=\"1425\">\r\n<p data-start=\"1358\" data-end=\"1425\">Gi\u1ea3i ph\u00e1p t\u1ed1i \u01b0u cho nh\u00e0 m\u00e1y, khu c\u00f4ng nghi\u1ec7p, t\u00f2a nh\u00e0 th\u01b0\u01a1ng m\u1ea1i<\/p>\r\n<\/li>\r\n \t<li data-start=\"1426\" data-end=\"1511\">\r\n<p data-start=\"1428\" data-end=\"1511\">V\u1eadn h\u00e0nh b\u1ec1n b\u1ec9 trong m\u00f4i tr\u01b0\u1eddng kh\u1eafc nghi\u1ec7t: nhi\u1ec7t \u0111\u1ed9 cao, \u1ea9m, b\u1ee5i ho\u1eb7c ven bi\u1ec3n<\/p>\r\n<\/li>\r\n<\/ul>","protected":false},"excerpt":{"rendered":"&#8211; Bi\u1ebfn t\u1ea7n GoodWe Hybrid 3 pha \u00e1p cao 50KW\r\n&#8211; C\u00f3 CT, wifi stick\r\n&#8211; 3 MPPT, 6 Chu\u1ed7i, Ho\u1ea1t \u0111\u1ed9ng ngay c\u1ea3 khi n\u1eafng y\u1ebfu, PV Max input 75kw (150%)\r\n&#8211; C\u00f4ng su\u1ea5t h\u00f2a l\u01b0\u1edbi: 50kw\r\n&#8211; C\u00f4ng su\u1ea5t backup: 50kw\r\n&#8211; Hi\u1ec7u su\u1ea5t cao l\u00ean \u0111\u1ebfn 99.9%\r\n&#8211; IP66, V\u1eadn h\u00e0nh c\u1ef1c \u00eam kh\u00f4ng g\u00e2y ti\u1ebfng \u1ed3n\r\n&#8211; Ch\u1ee9c n\u0103ng c\u00e2n b\u1eb1ng khi d\u00f9ng l\u1ec7ch t\u1ea3i 3 pha l\u00ean \u0111\u1ebfn 110%\r\n&#8211; B\u1ea3o h\u00e0nh 5 n\u0103m","protected":false},"featured_media":1129,"comment_status":"open","ping_status":"closed","template":"","meta":{"_acf_changed":false},"product_brand":[40],"product_cat":[22,48],"product_tag":[],"class_list":{"0":"post-885","1":"product","2":"type-product","3":"status-publish","4":"has-post-thumbnail","6":"product_brand-goodwe","7":"product_cat-inverter","8":"product_cat-bien-tan-goodwe-hybrid-3-pha-ap-cao","9":"pa_loai-san-pham-inverter-hybrid","11":"first","12":"instock","13":"shipping-taxable","14":"product-type-simple"},"acf":[],"_links":{"self":[{"href":"https:\/\/mpenergy.vn\/en\/wp-json\/wp\/v2\/product\/885","targetHints":{"allow":["GET"]}}],"collection":[{"href":"https:\/\/mpenergy.vn\/en\/wp-json\/wp\/v2\/product"}],"about":[{"href":"https:\/\/mpenergy.vn\/en\/wp-json\/wp\/v2\/types\/product"}],"replies":[{"embeddable":true,"href":"https:\/\/mpenergy.vn\/en\/wp-json\/wp\/v2\/comments?post=885"}],"wp:featuredmedia":[{"embeddable":true,"href":"https:\/\/mpenergy.vn\/en\/wp-json\/wp\/v2\/media\/1129"}],"wp:attachment":[{"href":"https:\/\/mpenergy.vn\/en\/wp-json\/wp\/v2\/media?parent=885"}],"wp:term":[{"taxonomy":"product_brand","embeddable":true,"href":"https:\/\/mpenergy.vn\/en\/wp-json\/wp\/v2\/product_brand?post=885"},{"taxonomy":"product_cat","embeddable":true,"href":"https:\/\/mpenergy.vn\/en\/wp-json\/wp\/v2\/product_cat?post=885"},{"taxonomy":"product_tag","embeddable":true,"href":"https:\/\/mpenergy.vn\/en\/wp-json\/wp\/v2\/product_tag?post=885"}],"curies":[{"name":"wp","href":"https:\/\/api.w.org\/{rel}","templated":true}]}}