{"id":896,"date":"2025-09-13T08:49:36","date_gmt":"2025-09-13T01:49:36","guid":{"rendered":"https:\/\/mpenergy.vn\/?post_type=product&#038;p=896"},"modified":"2026-03-16T09:36:21","modified_gmt":"2026-03-16T02:36:21","slug":"pin-luu-tru-goodwe-14kwh-ap-thap","status":"publish","type":"product","link":"https:\/\/mpenergy.vn\/en\/pin-luu-tru-goodwe-14kwh-ap-thap\/","title":{"rendered":"Pin L\u01b0u Tr\u1eef GoodWe 14kWh \u00c1p th\u1ea5p |  GW14.3-BAT-LV-G10"},"content":{"rendered":"<h1 data-start=\"137\" data-end=\"197\"><strong data-start=\"139\" data-end=\"195\">Pin l\u01b0u tr\u1eef GoodWe 14.3kWh \u00c1p Th\u1ea5p<\/strong><\/h1>\r\n<h2 data-start=\"199\" data-end=\"222\"><strong data-start=\"199\" data-end=\"220\">Th\u00f4ng s\u1ed1 n\u1ed5i b\u1eadt:<\/strong><\/h2>\r\n<ul data-start=\"223\" data-end=\"1062\">\r\n \t<li data-start=\"223\" data-end=\"265\">\r\n<p data-start=\"225\" data-end=\"265\">N\u0103ng l\u01b0\u1ee3ng pin danh \u0111\u1ecbnh: <strong data-start=\"251\" data-end=\"263\">14.3 kWh<\/strong><\/p>\r\n<\/li>\r\n \t<li data-start=\"266\" data-end=\"339\">\r\n<p data-start=\"268\" data-end=\"339\">Dung l\u01b0\u1ee3ng kh\u1ea3 d\u1ee5ng: <strong data-start=\"289\" data-end=\"313\">\u226513.8 kWh (100% DOD)<\/strong> | <strong data-start=\"316\" data-end=\"337\">\u226513 kWh (95% DOD)<\/strong><\/p>\r\n<\/li>\r\n \t<li data-start=\"340\" data-end=\"397\">\r\n<p data-start=\"342\" data-end=\"397\">Lo\u1ea1i cell: <strong data-start=\"353\" data-end=\"395\">LFP (Lithium Iron Phosphate \u2013 LiFePO4)<\/strong><\/p>\r\n<\/li>\r\n \t<li data-start=\"398\" data-end=\"466\">\r\n<p data-start=\"400\" data-end=\"466\">\u0110i\u1ec7n \u00e1p \u0111\u1ecbnh m\u1ee9c: <strong data-start=\"418\" data-end=\"428\">51.2 V<\/strong> | D\u1ea3i ho\u1ea1t \u0111\u1ed9ng: <strong data-start=\"446\" data-end=\"464\">43.2 \u2013 58.24 V<\/strong><\/p>\r\n<\/li>\r\n \t<li data-start=\"467\" data-end=\"531\">\r\n<p data-start=\"469\" data-end=\"531\">D\u00f2ng s\u1ea1c\/x\u1ea3 danh \u0111\u1ecbnh: <strong data-start=\"492\" data-end=\"501\">140 A<\/strong> | T\u1ed1i \u0111a: <strong data-start=\"512\" data-end=\"529\">224 A \/ 262 A<\/strong><\/p>\r\n<\/li>\r\n \t<li data-start=\"532\" data-end=\"590\">\r\n<p data-start=\"534\" data-end=\"590\">C\u00f4ng su\u1ea5t s\u1ea1c\/x\u1ea3 t\u1ed1i \u0111a: <strong data-start=\"559\" data-end=\"588\">12 kW \/ 13.2 kW (10 ph\u00fat)<\/strong><\/p>\r\n<\/li>\r\n \t<li data-start=\"591\" data-end=\"631\">\r\n<p data-start=\"593\" data-end=\"631\">Hi\u1ec7u su\u1ea5t chu tr\u00ecnh s\u1ea1c-x\u1ea3: <strong data-start=\"621\" data-end=\"629\">\u226594%<\/strong><\/p>\r\n<\/li>\r\n \t<li data-start=\"632\" data-end=\"683\">\r\n<p data-start=\"634\" data-end=\"683\">Chu k\u1ef3 s\u1ea1c\/x\u1ea3: <strong data-start=\"649\" data-end=\"681\">\u22656500 l\u1ea7n (90% DOD, SOH 70%)<\/strong><\/p>\r\n<\/li>\r\n \t<li data-start=\"684\" data-end=\"751\">\r\n<p data-start=\"686\" data-end=\"751\">H\u1ec7 th\u1ed1ng s\u01b0\u1edfi t\u00f9y ch\u1ecdn, \u0111\u1ea3m b\u1ea3o ho\u1ea1t \u0111\u1ed9ng \u1ed5n \u0111\u1ecbnh \u0111\u1ebfn <strong data-start=\"740\" data-end=\"749\">-20\u00b0C<\/strong><\/p>\r\n<\/li>\r\n \t<li data-start=\"752\" data-end=\"818\">\r\n<p data-start=\"754\" data-end=\"818\">Tr\u1ecdng l\u01b0\u1ee3ng: <strong data-start=\"767\" data-end=\"778\">\u2264125 kg<\/strong>, K\u00edch th\u01b0\u1edbc: <strong data-start=\"792\" data-end=\"816\">918.6 \u00d7 530 \u00d7 246 mm<\/strong><\/p>\r\n<\/li>\r\n \t<li data-start=\"819\" data-end=\"843\">\r\n<p data-start=\"821\" data-end=\"843\">C\u1ea5p b\u1ea3o v\u1ec7: <strong data-start=\"833\" data-end=\"841\">IP20<\/strong><\/p>\r\n<\/li>\r\n \t<li data-start=\"844\" data-end=\"873\">\r\n<p data-start=\"846\" data-end=\"873\">Giao ti\u1ebfp: <strong data-start=\"857\" data-end=\"871\">CAN, RS485<\/strong><\/p>\r\n<\/li>\r\n \t<li data-start=\"874\" data-end=\"932\">\r\n<p data-start=\"876\" data-end=\"932\">Kh\u1ea3 n\u0103ng m\u1edf r\u1ed9ng: <strong data-start=\"894\" data-end=\"930\">t\u1ed1i \u0111a 16 pin song song (230kWh)<\/strong><\/p>\r\n<\/li>\r\n \t<li data-start=\"933\" data-end=\"974\">\r\n<p data-start=\"935\" data-end=\"974\">C\u00e1ch l\u1eafp \u0111\u1eb7t: <strong data-start=\"949\" data-end=\"972\">g\u1eafn s\u00e0n, treo t\u01b0\u1eddng<\/strong><\/p>\r\n<\/li>\r\n \t<li data-start=\"975\" data-end=\"1062\">\r\n<p data-start=\"977\" data-end=\"1062\">Thi\u1ebft k\u1ebf m\u00e0u tr\u1eafng, m\u00e0n h\u00ecnh LED th\u00f4ng minh hi\u1ec3n th\u1ecb tr\u1ea1ng th\u00e1i theo th\u1eddi gian th\u1ef1c<\/p>\r\n<\/li>\r\n<\/ul>\r\n<h2 data-start=\"1064\" data-end=\"1079\"><strong data-start=\"1064\" data-end=\"1077\">B\u1ea3o h\u00e0nh:<\/strong><\/h2>\r\n<ul data-start=\"1080\" data-end=\"1137\">\r\n \t<li data-start=\"1080\" data-end=\"1137\">\r\n<p data-start=\"1082\" data-end=\"1137\">5 n\u0103m (t\u00f9y ch\u00ednh s\u00e1ch th\u1ecb tr\u01b0\u1eddng v\u00e0 nh\u00e0 ph\u00e2n ph\u1ed1i)<\/p>\r\n<\/li>\r\n<\/ul>\r\n<h2 data-start=\"1139\" data-end=\"1162\"><strong data-start=\"1139\" data-end=\"1160\">\u1ee8ng d\u1ee5ng ph\u00f9 h\u1ee3p:<\/strong><\/h2>\r\n<ul data-start=\"1163\" data-end=\"1431\">\r\n \t<li data-start=\"1163\" data-end=\"1213\">\r\n<p data-start=\"1165\" data-end=\"1213\">H\u1ec7 th\u1ed1ng \u0111i\u1ec7n m\u1eb7t tr\u1eddi d\u00e2n d\u1ee5ng dung l\u01b0\u1ee3ng l\u1edbn<\/p>\r\n<\/li>\r\n \t<li data-start=\"1214\" data-end=\"1279\">\r\n<p data-start=\"1216\" data-end=\"1279\">Gi\u1ea3i ph\u00e1p l\u01b0u tr\u1eef cho <strong data-start=\"1238\" data-end=\"1277\">on-grid, on-grid + backup, off-grid<\/strong><\/p>\r\n<\/li>\r\n \t<li data-start=\"1280\" data-end=\"1363\">\r\n<p data-start=\"1282\" data-end=\"1363\">H\u1ed9 gia \u0111\u00ecnh v\u00e0 c\u00f4ng tr\u00ecnh c\u1ea7n d\u1ef1 ph\u00f2ng c\u00f4ng su\u1ea5t cao, ho\u1ea1t \u0111\u1ed9ng \u1ed5n \u0111\u1ecbnh d\u00e0i h\u1ea1n<\/p>\r\n<\/li>\r\n \t<li data-start=\"1364\" data-end=\"1431\">\r\n<p data-start=\"1366\" data-end=\"1431\">Ph\u00f9 h\u1ee3p v\u1edbi <strong data-start=\"1378\" data-end=\"1429\">bi\u1ebfn t\u1ea7n GoodWe ES Uniq (1 pha) &amp; ET LV (3 pha)<\/strong><\/p>\r\n<\/li>\r\n<\/ul>","protected":false},"excerpt":{"rendered":"<p data-start=\"144\" data-end=\"488\"><strong data-start=\"144\" data-end=\"178\">Pin l\u01b0u tr\u1eef GoodWe 14.3kWh<\/strong> l\u00e0 gi\u1ea3i ph\u00e1p l\u01b0u tr\u1eef \u0111i\u1ec7n n\u0103ng m\u1ea1nh m\u1ebd, an to\u00e0n v\u00e0 b\u1ec1n b\u1ec9 d\u00e0nh cho h\u1ec7 th\u1ed1ng \u0111i\u1ec7n m\u1eb7t tr\u1eddi d\u00e2n d\u1ee5ng v\u00e0 th\u01b0\u01a1ng m\u1ea1i nh\u1ecf. S\u1eed d\u1ee5ng c\u00f4ng ngh\u1ec7 <strong data-start=\"315\" data-end=\"357\">Lithium Iron Phosphate (LFP \u2013 LiFePO4)<\/strong> ti\u00ean ti\u1ebfn, pin \u0111\u1ea3m b\u1ea3o tu\u1ed5i th\u1ecd cao v\u1edbi h\u01a1n <strong data-start=\"402\" data-end=\"424\">6500 chu k\u1ef3 s\u1ea1c\/x\u1ea3<\/strong> \u1edf m\u1ee9c 90% DOD, duy tr\u00ec hi\u1ec7u su\u1ea5t \u1ed5n \u0111\u1ecbnh trong th\u1eddi gian d\u00e0i.<\/p>\r\n<p data-start=\"490\" data-end=\"774\">V\u1edbi <strong data-start=\"494\" data-end=\"527\">dung l\u01b0\u1ee3ng kh\u1ea3 d\u1ee5ng \u226513.8 kWh<\/strong>, pin h\u1ed7 tr\u1ee3 <strong data-start=\"540\" data-end=\"567\">d\u00f2ng s\u1ea1c\/x\u1ea3 t\u1ed1i \u0111a 262A<\/strong>, c\u00f4ng su\u1ea5t x\u1ea3 l\u00ean \u0111\u1ebfn <strong data-start=\"590\" data-end=\"601\">13.2 kW<\/strong>, \u0111\u00e1p \u1ee9ng t\u1ed1t nhu c\u1ea7u ti\u00eau th\u1ee5 \u0111i\u1ec7n l\u1edbn trong h\u1ed9 gia \u0111\u00ecnh v\u00e0 c\u00f4ng tr\u00ecnh. Kh\u1ea3 n\u0103ng m\u1edf r\u1ed9ng linh ho\u1ea1t \u0111\u1ebfn <strong data-start=\"705\" data-end=\"735\">230 kWh (16 pin song song)<\/strong> gi\u00fap ph\u00f9 h\u1ee3p cho nhi\u1ec1u quy m\u00f4 d\u1ef1 \u00e1n.<\/p>\r\n<p data-start=\"776\" data-end=\"1094\">Thi\u1ebft k\u1ebf nh\u1ecf g\u1ecdn, l\u1eafp \u0111\u1eb7t d\u1ec5 d\u00e0ng (g\u1eafn s\u00e0n, treo t\u01b0\u1eddng), m\u00e0n h\u00ecnh LED hi\u1ec3n th\u1ecb th\u00f4ng minh, c\u00f9ng chu\u1ea9n giao ti\u1ebfp <strong data-start=\"888\" data-end=\"901\">CAN\/RS485<\/strong> gi\u00fap pin <strong data-start=\"911\" data-end=\"988\">t\u01b0\u01a1ng th\u00edch ho\u00e0n h\u1ea3o v\u1edbi bi\u1ebfn t\u1ea7n GoodWe ES Uniq (1 pha) v\u00e0 ET LV (3 pha)<\/strong>. Ngo\u00e0i ra, h\u1ec7 th\u1ed1ng s\u01b0\u1edfi t\u00f9y ch\u1ecdn cho ph\u00e9p pin ho\u1ea1t \u0111\u1ed9ng \u1ed5n \u0111\u1ecbnh trong m\u00f4i tr\u01b0\u1eddng l\u1ea1nh xu\u1ed1ng t\u1edbi -20\u00b0C.<\/p>\r\n<p data-start=\"1096\" data-end=\"1264\"><strong data-start=\"1096\" data-end=\"1118\">GoodWe BAT 14.3kWh<\/strong> l\u00e0 l\u1ef1a ch\u1ecdn t\u1ed1i \u01b0u \u0111\u1ec3 n\u00e2ng cao kh\u1ea3 n\u0103ng t\u1ef1 d\u00f9ng, ti\u1ebft ki\u1ec7m chi ph\u00ed \u0111i\u1ec7n, \u0111\u1ed3ng th\u1eddi \u0111\u1ea3m b\u1ea3o ngu\u1ed3n d\u1ef1 ph\u00f2ng an to\u00e0n cho gia \u0111\u00ecnh v\u00e0 doanh nghi\u1ec7p.<\/p>","protected":false},"featured_media":1141,"comment_status":"open","ping_status":"closed","template":"","meta":{"_acf_changed":false},"product_brand":[40],"product_cat":[24,15],"product_tag":[],"class_list":{"0":"post-896","1":"product","2":"type-product","3":"status-publish","4":"has-post-thumbnail","6":"product_brand-goodwe","7":"product_cat-pin-luu-tru","8":"product_cat-combo","10":"first","11":"instock","12":"virtual","13":"product-type-simple"},"acf":[],"_links":{"self":[{"href":"https:\/\/mpenergy.vn\/en\/wp-json\/wp\/v2\/product\/896","targetHints":{"allow":["GET"]}}],"collection":[{"href":"https:\/\/mpenergy.vn\/en\/wp-json\/wp\/v2\/product"}],"about":[{"href":"https:\/\/mpenergy.vn\/en\/wp-json\/wp\/v2\/types\/product"}],"replies":[{"embeddable":true,"href":"https:\/\/mpenergy.vn\/en\/wp-json\/wp\/v2\/comments?post=896"}],"wp:featuredmedia":[{"embeddable":true,"href":"https:\/\/mpenergy.vn\/en\/wp-json\/wp\/v2\/media\/1141"}],"wp:attachment":[{"href":"https:\/\/mpenergy.vn\/en\/wp-json\/wp\/v2\/media?parent=896"}],"wp:term":[{"taxonomy":"product_brand","embeddable":true,"href":"https:\/\/mpenergy.vn\/en\/wp-json\/wp\/v2\/product_brand?post=896"},{"taxonomy":"product_cat","embeddable":true,"href":"https:\/\/mpenergy.vn\/en\/wp-json\/wp\/v2\/product_cat?post=896"},{"taxonomy":"product_tag","embeddable":true,"href":"https:\/\/mpenergy.vn\/en\/wp-json\/wp\/v2\/product_tag?post=896"}],"curies":[{"name":"wp","href":"https:\/\/api.w.org\/{rel}","templated":true}]}}