{"id":903,"date":"2025-09-13T14:50:39","date_gmt":"2025-09-13T07:50:39","guid":{"rendered":"https:\/\/mpenergy.vn\/?post_type=product&#038;p=903"},"modified":"2026-03-14T08:03:31","modified_gmt":"2026-03-14T01:03:31","slug":"pin-luu-tru-goodwe-ap-cao-gw-51-kwh","status":"publish","type":"product","link":"https:\/\/mpenergy.vn\/en\/pin-luu-tru-goodwe-ap-cao-gw-51-kwh\/","title":{"rendered":"Pin L\u01b0u Tr\u1eef GoodWe 51,2 kWh\u2013 \u00c1p cao |  GW51.2-BAT-G10"},"content":{"rendered":"<h1 data-start=\"178\" data-end=\"237\"><strong data-start=\"180\" data-end=\"235\">Pin l\u01b0u tr\u1eef GoodWe BAT 50kWh \u2013 \u00c1p cao<\/strong><\/h1>\r\n<h2 data-start=\"239\" data-end=\"262\"><strong data-start=\"239\" data-end=\"260\">Th\u00f4ng s\u1ed1 n\u1ed5i b\u1eadt:<\/strong><\/h2>\r\n<ul data-start=\"263\" data-end=\"1217\">\r\n \t<li data-start=\"263\" data-end=\"312\">\r\n<p data-start=\"265\" data-end=\"312\">N\u0103ng l\u01b0\u1ee3ng danh \u0111\u1ecbnh: <strong data-start=\"287\" data-end=\"310\">51.2 kWh \/ 56.3 kWh<\/strong><\/p>\r\n<\/li>\r\n \t<li data-start=\"313\" data-end=\"357\">\r\n<p data-start=\"315\" data-end=\"357\">Dung l\u01b0\u1ee3ng kh\u1ea3 d\u1ee5ng: <strong data-start=\"336\" data-end=\"355\">50 kWh \/ 55 kWh<\/strong><\/p>\r\n<\/li>\r\n \t<li data-start=\"358\" data-end=\"415\">\r\n<p data-start=\"360\" data-end=\"415\">Lo\u1ea1i cell: <strong data-start=\"371\" data-end=\"413\">LFP (Lithium Iron Phosphate \u2013 LiFePO4)<\/strong><\/p>\r\n<\/li>\r\n \t<li data-start=\"416\" data-end=\"469\">\r\n<p data-start=\"418\" data-end=\"469\">C\u1ea5u h\u00ecnh: <strong data-start=\"428\" data-end=\"467\">10 g\u00f3i (51.2kWh) \/ 11 g\u00f3i (56.3kWh)<\/strong><\/p>\r\n<\/li>\r\n \t<li data-start=\"470\" data-end=\"509\">\r\n<p data-start=\"472\" data-end=\"509\">\u0110i\u1ec7n \u00e1p \u0111\u1ecbnh m\u1ee9c: <strong data-start=\"490\" data-end=\"507\">512 V \/ 563 V<\/strong><\/p>\r\n<\/li>\r\n \t<li data-start=\"510\" data-end=\"574\">\r\n<p data-start=\"512\" data-end=\"574\">D\u1ea3i \u0111i\u1ec7n \u00e1p ho\u1ea1t \u0111\u1ed9ng: <strong data-start=\"535\" data-end=\"572\">459.2 \u2013 577.6 V \/ 505.1 \u2013 635.3 V<\/strong><\/p>\r\n<\/li>\r\n \t<li data-start=\"575\" data-end=\"639\">\r\n<p data-start=\"577\" data-end=\"639\">C\u00f4ng su\u1ea5t s\u1ea1c\/x\u1ea3 t\u1ed1i \u0111a: <strong data-start=\"602\" data-end=\"637\">51.2 \u2013 56.3 kW \/ 56.3 \u2013 61.9 kW<\/strong><\/p>\r\n<\/li>\r\n \t<li data-start=\"640\" data-end=\"681\">\r\n<p data-start=\"642\" data-end=\"681\">D\u00f2ng s\u1ea1c\/x\u1ea3 t\u1ed1i \u0111a: <strong data-start=\"662\" data-end=\"679\">100 A \/ 110 A<\/strong><\/p>\r\n<\/li>\r\n \t<li data-start=\"682\" data-end=\"733\">\r\n<p data-start=\"684\" data-end=\"733\">Chu k\u1ef3 s\u1ea1c\/x\u1ea3: <strong data-start=\"699\" data-end=\"731\">\u22656000 l\u1ea7n (90% DOD, SOH 70%)<\/strong><\/p>\r\n<\/li>\r\n \t<li data-start=\"734\" data-end=\"789\">\r\n<p data-start=\"736\" data-end=\"789\">Hi\u1ec7u su\u1ea5t chu tr\u00ecnh: <strong data-start=\"757\" data-end=\"787\">96% @100% DOD (0.2C, 25\u00b0C)<\/strong><\/p>\r\n<\/li>\r\n \t<li data-start=\"790\" data-end=\"859\">\r\n<p data-start=\"792\" data-end=\"859\">H\u1ec7 th\u1ed1ng an to\u00e0n: <strong data-start=\"810\" data-end=\"857\">c\u00f4ng ngh\u1ec7 LFP + d\u1eadp l\u1eeda kh\u00ed dung (t\u00f9y ch\u1ecdn)<\/strong><\/p>\r\n<\/li>\r\n \t<li data-start=\"860\" data-end=\"923\">\r\n<p data-start=\"862\" data-end=\"923\">Kh\u1ea3 n\u0103ng m\u1edf r\u1ed9ng: <strong data-start=\"880\" data-end=\"921\">t\u1ed1i \u0111a 6 gi\u00e1 \u0111\u1ee1 song song (337.8 kWh)<\/strong><\/p>\r\n<\/li>\r\n \t<li data-start=\"924\" data-end=\"963\">\r\n<p data-start=\"926\" data-end=\"963\">L\u00e0m m\u00e1t: <strong data-start=\"935\" data-end=\"947\">t\u1ef1 nhi\u00ean<\/strong>, hi\u1ec3n th\u1ecb LED<\/p>\r\n<\/li>\r\n \t<li data-start=\"964\" data-end=\"1004\">\r\n<p data-start=\"966\" data-end=\"1004\">Giao ti\u1ebfp: <strong data-start=\"977\" data-end=\"1002\">CAN, RS485 (t\u00f9y ch\u1ecdn)<\/strong><\/p>\r\n<\/li>\r\n \t<li data-start=\"1005\" data-end=\"1063\">\r\n<p data-start=\"1007\" data-end=\"1063\">Tr\u1ecdng l\u01b0\u1ee3ng: <strong data-start=\"1020\" data-end=\"1061\">495 kg (51.2 kWh) \/ 540 kg (56.3 kWh)<\/strong><\/p>\r\n<\/li>\r\n \t<li data-start=\"1064\" data-end=\"1103\">\r\n<p data-start=\"1066\" data-end=\"1103\">K\u00edch th\u01b0\u1edbc: <strong data-start=\"1078\" data-end=\"1101\">543 \u00d7 1815 \u00d7 520 mm<\/strong><\/p>\r\n<\/li>\r\n \t<li data-start=\"1104\" data-end=\"1128\">\r\n<p data-start=\"1106\" data-end=\"1128\">C\u1ea5p b\u1ea3o v\u1ec7: <strong data-start=\"1118\" data-end=\"1126\">IP20<\/strong><\/p>\r\n<\/li>\r\n \t<li data-start=\"1129\" data-end=\"1217\">\r\n<p data-start=\"1131\" data-end=\"1217\">Ch\u1ee9ng nh\u1eadn: <strong data-start=\"1143\" data-end=\"1215\">IEC62619, IEC60730-1, EN62477-1, IEC63056, EMC IEC\/EN61000-6-1\/2\/3\/4<\/strong><\/p>\r\n<\/li>\r\n<\/ul>\r\n<h2 data-start=\"1219\" data-end=\"1234\"><strong data-start=\"1219\" data-end=\"1232\">B\u1ea3o h\u00e0nh:<\/strong><\/h2>\r\n<ul data-start=\"1235\" data-end=\"1280\">\r\n \t<li data-start=\"1235\" data-end=\"1280\">\r\n<p data-start=\"1237\" data-end=\"1280\">5 n\u0103m (t\u00f9y th\u1ecb tr\u01b0\u1eddng &amp; nh\u00e0 ph\u00e2n ph\u1ed1i)<\/p>\r\n<\/li>\r\n<\/ul>\r\n<h2 data-start=\"1282\" data-end=\"1305\"><strong data-start=\"1282\" data-end=\"1303\">\u1ee8ng d\u1ee5ng ph\u00f9 h\u1ee3p:<\/strong><\/h2>\r\n<ul data-start=\"1306\" data-end=\"1557\">\r\n \t<li data-start=\"1306\" data-end=\"1367\">\r\n<p data-start=\"1308\" data-end=\"1367\">H\u1ec7 th\u1ed1ng \u0111i\u1ec7n m\u1eb7t tr\u1eddi <strong data-start=\"1331\" data-end=\"1365\">th\u01b0\u01a1ng m\u1ea1i &amp; c\u00f4ng nghi\u1ec7p (C&amp;I)<\/strong><\/p>\r\n<\/li>\r\n \t<li data-start=\"1368\" data-end=\"1435\">\r\n<p data-start=\"1370\" data-end=\"1435\">T\u00edch h\u1ee3p v\u1edbi <strong data-start=\"1383\" data-end=\"1403\">bi\u1ebfn t\u1ea7n ET 50kW<\/strong> \u0111\u1ec3 t\u1ed1i \u01b0u l\u01b0u tr\u1eef v\u00e0 h\u00f2a l\u01b0\u1edbi<\/p>\r\n<\/li>\r\n \t<li data-start=\"1436\" data-end=\"1492\">\r\n<p data-start=\"1438\" data-end=\"1492\">Gi\u1ea3i ph\u00e1p gi\u1ea3m t\u1ea3i \u0111\u1ec9nh, ti\u1ebft ki\u1ec7m chi ph\u00ed \u0111i\u1ec7n n\u0103ng<\/p>\r\n<\/li>\r\n \t<li data-start=\"1493\" data-end=\"1557\">\r\n<p data-start=\"1495\" data-end=\"1557\">C\u00f4ng tr\u00ecnh y\u00eau c\u1ea7u dung l\u01b0\u1ee3ng l\u1edbn, \u0111\u1ed9 tin c\u1eady v\u00e0 an to\u00e0n cao<\/p>\r\n<\/li>\r\n<\/ul>","protected":false},"excerpt":{"rendered":"<p data-start=\"807\" data-end=\"1075\"><strong data-start=\"807\" data-end=\"839\">Pin l\u01b0u tr\u1eef GoodWe BAT 50kWh<\/strong> l\u00e0 gi\u1ea3i ph\u00e1p l\u01b0u tr\u1eef \u0111i\u1ec7n n\u0103ng cao \u00e1p, l\u00fd t\u01b0\u1edfng cho h\u1ec7 th\u1ed1ng \u0111i\u1ec7n m\u1eb7t tr\u1eddi th\u01b0\u01a1ng m\u1ea1i v\u00e0 c\u00f4ng nghi\u1ec7p. S\u1eed d\u1ee5ng c\u00f4ng ngh\u1ec7 <strong data-start=\"960\" data-end=\"1002\">Lithium Iron Phosphate (LFP \u2013 LiFePO4)<\/strong> an to\u00e0n, tu\u1ed5i th\u1ecd b\u1ec1n b\u1ec9 v\u1edbi h\u01a1n <strong data-start=\"1036\" data-end=\"1058\">6000 chu k\u1ef3 s\u1ea1c\/x\u1ea3<\/strong> \u1edf m\u1ee9c 90% DOD.<\/p>\r\n\r\n<h5 class=\"serp-title\">Pin L\u01b0u Tr\u1eef GoodWe cung c\u1ea5p <strong data-start=\"1090\" data-end=\"1125\">dung l\u01b0\u1ee3ng kh\u1ea3 d\u1ee5ng 50 \u2013 55 kWh<\/strong>, c\u00f4ng su\u1ea5t s\u1ea1c\/x\u1ea3 t\u1ed1i \u0111a <strong data-start=\"1151\" data-end=\"1169\">56.3 \u2013 61.9 kW<\/strong>, hi\u1ec7u su\u1ea5t chu tr\u00ecnh \u0111\u1ea1t <strong data-start=\"1195\" data-end=\"1202\">96%<\/strong>, \u0111\u00e1p \u1ee9ng t\u1ed1t nhu c\u1ea7u ti\u00eau th\u1ee5 l\u1edbn. V\u1edbi kh\u1ea3 n\u0103ng <strong data-start=\"1251\" data-end=\"1297\">m\u1edf r\u1ed9ng \u0111\u1ebfn 337.8 kWh (6 gi\u00e1 \u0111\u1ee1 song song)<\/strong>, h\u1ec7 th\u1ed1ng d\u1ec5 d\u00e0ng m\u1edf r\u1ed9ng cho c\u00e1c d\u1ef1 \u00e1n quy m\u00f4 l\u1edbn.<\/h5>\r\n<p data-start=\"1353\" data-end=\"1702\">Thi\u1ebft k\u1ebf c\u00f4ng nghi\u1ec7p ch\u1eafc ch\u1eafn, trang b\u1ecb <strong data-start=\"1394\" data-end=\"1434\">h\u1ec7 th\u1ed1ng d\u1eadp l\u1eeda kh\u00ed dung (t\u00f9y ch\u1ecdn)<\/strong>, \u0111\u1ea1t chu\u1ea9n ch\u1ee9ng nh\u1eadn qu\u1ed1c t\u1ebf <strong data-start=\"1465\" data-end=\"1499\">IEC62619, IEC60730-1, IEC63056<\/strong>, \u0111\u1ea3m b\u1ea3o an to\u00e0n tuy\u1ec7t \u0111\u1ed1i. T\u00edch h\u1ee3p ho\u00e0n h\u1ea3o v\u1edbi <strong data-start=\"1550\" data-end=\"1573\">bi\u1ebfn t\u1ea7n ET 40\u201350kW<\/strong>, pin <strong data-start=\"1579\" data-end=\"1599\">GoodWe BAT 50kWh<\/strong> gi\u00fap t\u1ed1i \u01b0u chi ph\u00ed \u0111i\u1ec7n n\u0103ng, gi\u1ea3m t\u1ea3i gi\u1edd cao \u0111i\u1ec3m v\u00e0 n\u00e2ng cao hi\u1ec7u qu\u1ea3 v\u1eadn h\u00e0nh cho doanh nghi\u1ec7p.<\/p>","protected":false},"featured_media":1148,"comment_status":"open","ping_status":"closed","template":"","meta":{"_acf_changed":false},"product_brand":[40],"product_cat":[24],"product_tag":[],"class_list":{"0":"post-903","1":"product","2":"type-product","3":"status-publish","4":"has-post-thumbnail","6":"product_brand-goodwe","7":"product_cat-pin-luu-tru","9":"first","10":"instock","11":"virtual","12":"product-type-simple"},"acf":[],"_links":{"self":[{"href":"https:\/\/mpenergy.vn\/en\/wp-json\/wp\/v2\/product\/903","targetHints":{"allow":["GET"]}}],"collection":[{"href":"https:\/\/mpenergy.vn\/en\/wp-json\/wp\/v2\/product"}],"about":[{"href":"https:\/\/mpenergy.vn\/en\/wp-json\/wp\/v2\/types\/product"}],"replies":[{"embeddable":true,"href":"https:\/\/mpenergy.vn\/en\/wp-json\/wp\/v2\/comments?post=903"}],"wp:featuredmedia":[{"embeddable":true,"href":"https:\/\/mpenergy.vn\/en\/wp-json\/wp\/v2\/media\/1148"}],"wp:attachment":[{"href":"https:\/\/mpenergy.vn\/en\/wp-json\/wp\/v2\/media?parent=903"}],"wp:term":[{"taxonomy":"product_brand","embeddable":true,"href":"https:\/\/mpenergy.vn\/en\/wp-json\/wp\/v2\/product_brand?post=903"},{"taxonomy":"product_cat","embeddable":true,"href":"https:\/\/mpenergy.vn\/en\/wp-json\/wp\/v2\/product_cat?post=903"},{"taxonomy":"product_tag","embeddable":true,"href":"https:\/\/mpenergy.vn\/en\/wp-json\/wp\/v2\/product_tag?post=903"}],"curies":[{"name":"wp","href":"https:\/\/api.w.org\/{rel}","templated":true}]}}